{"id":52712,"date":"2022-05-17T05:14:17","date_gmt":"2022-05-17T05:14:17","guid":{"rendered":"https:\/\/sitestemporarios.com.br\/percon\/?page_id=52712"},"modified":"2022-06-04T02:05:41","modified_gmt":"2022-06-04T02:05:41","slug":"area-classificada-com-risco-de-explosao","status":"publish","type":"page","link":"https:\/\/acessopercon.com.br\/percon\/area-classificada-com-risco-de-explosao\/","title":{"rendered":"\u00c1rea classificada com risco de explos\u00e3o"},"content":{"rendered":"\t\t<div data-elementor-type=\"wp-page\" data-elementor-id=\"52712\" class=\"elementor elementor-52712\">\n\t\t\t\t\t\t\t\t\t<section class=\"elementor-section elementor-top-section elementor-element elementor-element-e4c9915 elementor-section-boxed elementor-section-height-default elementor-section-height-default\" data-id=\"e4c9915\" data-element_type=\"section\">\n\t\t\t\t\t\t<div class=\"elementor-container elementor-column-gap-default\">\n\t\t\t\t\t<div class=\"elementor-column elementor-col-100 elementor-top-column elementor-element elementor-element-550a2ba\" data-id=\"550a2ba\" data-element_type=\"column\">\n\t\t\t<div class=\"elementor-widget-wrap elementor-element-populated\">\n\t\t\t\t\t\t\t\t<div class=\"elementor-element elementor-element-36d9750 elementor-widget elementor-widget-heading\" data-id=\"36d9750\" data-element_type=\"widget\" data-widget_type=\"heading.default\">\n\t\t\t\t<div class=\"elementor-widget-container\">\n\t\t\t<h2 class=\"elementor-heading-title elementor-size-default\">\u00c1rea classificada<\/h2>\t\t<\/div>\n\t\t\t\t<\/div>\n\t\t\t\t<div class=\"elementor-element elementor-element-1abcbae elementor-widget elementor-widget-text-editor\" data-id=\"1abcbae\" data-element_type=\"widget\" data-widget_type=\"text-editor.default\">\n\t\t\t\t<div class=\"elementor-widget-container\">\n\t\t\t\t\t\t\t<p><img decoding=\"async\" class=\"alignright wp-image-43534\" src=\"https:\/\/sitestemporarios.com.br\/percon\/wp-content\/uploads\/2016\/10\/Triangulo-do-fogo-.png\" alt=\"\" width=\"154\" height=\"100\" \/><\/p><p>\u00c1rea classificada com risco de explos\u00e3o \u00e9 aquela onde foram avaliados os n\u00edveis de risco, e delimitada como local com probabilidade da exist\u00eancia ou com possibilidade de forma\u00e7\u00e3o de misturas explosivas pela presen\u00e7a de gases, vapores, poeiras ou fibras combust\u00edveis misturadas com o ar, formando a atmosfera explosiva.<\/p><p>Segundo a ABNT NBR IEC 60079-0\/2013 a atmosfera explosiva \u00e9 definida como a mistura do ar, sob condi\u00e7\u00f5es atmosf\u00e9ricas, com subst\u00e2ncias inflam\u00e1veis na forma de g\u00e1s, vapor, poeira, fibras, ou combust\u00edveis suspensos os quais, se expostos a uma igni\u00e7\u00e3o s\u00e3o capazes de produzir combust\u00e3o.<\/p><p><img decoding=\"async\" class=\"alignright wp-image-43535\" src=\"https:\/\/sitestemporarios.com.br\/percon\/wp-content\/uploads\/2016\/10\/Atmosfera-Explosiva-.jpg\" alt=\"\" width=\"82\" height=\"80\" \/><\/p><p>Para que inicie uma explos\u00e3o s\u00e3o necess\u00e1rios tr\u00eas elementos oxig\u00eanio, combust\u00edvel e calor. Com o oxig\u00eanio est\u00e1 presente no ar, basta reunir os outros dois elementos (combust\u00edvel + centelha) para que se produzir uma explos\u00e3o.<\/p><p>A centelha n\u00e3o \u00e9 elemento indispens\u00e1vel para se produzir uma explos\u00e3o. Um equipamento pode, por aquecimento de superf\u00edcie, atingir a temperatura de inflama\u00e7\u00e3o do g\u00e1s ou do p\u00f3, e causar a igni\u00e7\u00e3o do combust\u00edvel. Conhecer a temperatura de igni\u00e7\u00e3o (menor temperatura em que a mistura explosiva entra em combust\u00e3o) do combust\u00edvel \u00e9 de extrema import\u00e2ncia para a correta especifica\u00e7\u00e3o dos equipamentos destinados a atmosfera explosiva.<\/p>\t\t\t\t\t\t<\/div>\n\t\t\t\t<\/div>\n\t\t\t\t<section class=\"elementor-section elementor-inner-section elementor-element elementor-element-671fa1d elementor-section-boxed elementor-section-height-default elementor-section-height-default\" data-id=\"671fa1d\" data-element_type=\"section\">\n\t\t\t\t\t\t<div class=\"elementor-container elementor-column-gap-default\">\n\t\t\t\t\t<div class=\"elementor-column elementor-col-33 elementor-inner-column elementor-element elementor-element-d0bc6bf\" data-id=\"d0bc6bf\" data-element_type=\"column\">\n\t\t\t<div class=\"elementor-widget-wrap\">\n\t\t\t\t\t\t\t\t\t<\/div>\n\t\t<\/div>\n\t\t\t\t<div class=\"elementor-column elementor-col-33 elementor-inner-column elementor-element elementor-element-5efda38\" data-id=\"5efda38\" data-element_type=\"column\">\n\t\t\t<div class=\"elementor-widget-wrap elementor-element-populated\">\n\t\t\t\t\t\t\t\t<div class=\"elementor-element elementor-element-cbe2b74 elementor-widget elementor-widget-video\" data-id=\"cbe2b74\" data-element_type=\"widget\" data-settings=\"{&quot;youtube_url&quot;:&quot;https:\\\/\\\/youtu.be\\\/Btko1ybuO1w&quot;,&quot;video_type&quot;:&quot;youtube&quot;,&quot;controls&quot;:&quot;yes&quot;}\" data-widget_type=\"video.default\">\n\t\t\t\t<div class=\"elementor-widget-container\">\n\t\t\t\t\t<div class=\"elementor-wrapper elementor-open-inline\">\n\t\t\t<div class=\"elementor-video\"><\/div>\t\t<\/div>\n\t\t\t\t<\/div>\n\t\t\t\t<\/div>\n\t\t\t\t\t<\/div>\n\t\t<\/div>\n\t\t\t\t<div class=\"elementor-column elementor-col-33 elementor-inner-column elementor-element elementor-element-8ec6778\" data-id=\"8ec6778\" data-element_type=\"column\">\n\t\t\t<div class=\"elementor-widget-wrap\">\n\t\t\t\t\t\t\t\t\t<\/div>\n\t\t<\/div>\n\t\t\t\t\t\t\t<\/div>\n\t\t<\/section>\n\t\t\t\t<section class=\"elementor-section elementor-inner-section elementor-element elementor-element-dad1c62 elementor-section-boxed elementor-section-height-default elementor-section-height-default\" data-id=\"dad1c62\" data-element_type=\"section\" data-settings=\"{&quot;background_background&quot;:&quot;classic&quot;}\">\n\t\t\t\t\t\t<div class=\"elementor-container elementor-column-gap-default\">\n\t\t\t\t\t<div class=\"elementor-column elementor-col-100 elementor-inner-column elementor-element elementor-element-5b45305\" data-id=\"5b45305\" data-element_type=\"column\">\n\t\t\t<div class=\"elementor-widget-wrap elementor-element-populated\">\n\t\t\t\t\t\t\t\t<div class=\"elementor-element elementor-element-17395c4 elementor-widget elementor-widget-text-editor\" data-id=\"17395c4\" data-element_type=\"widget\" data-widget_type=\"text-editor.default\">\n\t\t\t\t<div class=\"elementor-widget-container\">\n\t\t\t\t\t\t\t<p><img decoding=\"async\" class=\"wp-image-43536 alignright\" src=\"https:\/\/sitestemporarios.com.br\/percon\/wp-content\/uploads\/2016\/10\/trabalho-em-area-classificada-.jpg\" alt=\"\" width=\"225\" height=\"150\" \/><\/p><p><strong>NR-10 SEGURAN\u00c7A EM INSTALA\u00c7\u00d5ES E SERVI\u00c7OS EM ELETRICIDADE<\/strong><\/p><p>Segundo a NR-10 \u2013 item 10.4.2 \u2013 Nos trabalhos e nas atividades referidas devem ser adotadas medidas preventivas destinadas ao controle de riscos adicionais, especialmente quanto a altura, confinamento, campos el\u00e9tricos e magn\u00e9ticos, explosividade, umidade, poeira, fauna e flora e outros agravantes, adotando-se a sinaliza\u00e7\u00e3o de seguran\u00e7a.<\/p><p><img loading=\"lazy\" decoding=\"async\" class=\"wp-image-43537 size-full alignright\" src=\"https:\/\/sitestemporarios.com.br\/percon\/wp-content\/uploads\/2016\/10\/LEL-.png\" alt=\"\" width=\"163\" height=\"220\" \/>As \u00e1reas onde existe alto risco de vazamento de gases inflam\u00e1veis em situa\u00e7\u00e3o de funcionamento normal devido a raz\u00f5es diversas (por exemplo, desgaste ou deteriora\u00e7\u00e3o de equipamentos) s\u00e3o classificadas conforme normas internacionais, e de acordo com as classifica\u00e7\u00e3o exigem a instala\u00e7\u00e3o de equipamentos e\/ou interfaces que atendam as exig\u00eancias prescritas nesta norma. Os pontos principais para classifica\u00e7\u00e3o das \u00e1reas s\u00e3o a verifica\u00e7\u00e3o presen\u00e7a de agentes inflam\u00e1veis; verifica\u00e7\u00e3o de caracter\u00edsticas das subst\u00e2ncias presentes, como por exemplo: ponto de fulgor, temperatura, auto inflama\u00e7\u00e3o etc\u2026; verifica\u00e7\u00e3o dos equipamentos e instala\u00e7\u00f5es.<\/p><p>\u00c1reas classificada normalmente cobre uma zona cujo limite \u00e9 onde o g\u00e1s (ou mistura de gases inflam\u00e1veis) estar\u00e1 t\u00e3o dilu\u00eddo ou disperso que n\u00e3o poder\u00e1 apresentar perigo de explos\u00e3o ou combust\u00e3o.\u00a0Segundo as recomenda\u00e7\u00f5es da norma IEC 79-10, as \u00e1reas classificadas s\u00e3o divididas da seguinte forma:<\/p>\t\t\t\t\t\t<\/div>\n\t\t\t\t<\/div>\n\t\t\t\t\t<\/div>\n\t\t<\/div>\n\t\t\t\t\t\t\t<\/div>\n\t\t<\/section>\n\t\t\t\t<section class=\"elementor-section elementor-inner-section elementor-element elementor-element-23288cb elementor-section-boxed elementor-section-height-default elementor-section-height-default\" data-id=\"23288cb\" data-element_type=\"section\" data-settings=\"{&quot;background_background&quot;:&quot;classic&quot;}\">\n\t\t\t\t\t\t<div class=\"elementor-container elementor-column-gap-default\">\n\t\t\t\t\t<div class=\"elementor-column elementor-col-100 elementor-inner-column elementor-element elementor-element-de11c35\" data-id=\"de11c35\" data-element_type=\"column\">\n\t\t\t<div class=\"elementor-widget-wrap elementor-element-populated\">\n\t\t\t\t\t\t\t\t<div class=\"elementor-element elementor-element-f120540 elementor-widget elementor-widget-text-editor\" data-id=\"f120540\" data-element_type=\"widget\" data-widget_type=\"text-editor.default\">\n\t\t\t\t<div class=\"elementor-widget-container\">\n\t\t\t\t\t\t\t<p><img loading=\"lazy\" decoding=\"async\" class=\"wp-image-43538 size-full alignright\" src=\"https:\/\/sitestemporarios.com.br\/percon\/wp-content\/uploads\/2016\/10\/Zonas-de-areas-classificadas-.png\" alt=\"\" width=\"281\" height=\"180\" \/><\/p><p><strong>ZONA 0:<\/strong> \u00c1rea na qual uma mistura de g\u00e1s\/ar, potencialmente explosiva, est\u00e1 presente continuamente ou por grandes per\u00edodos de tempo.<\/p><p><strong>ZONA 1:<\/strong> \u00c1rea na qual uma mistura de g\u00e1s\/ar, potencialmente explosiva, pode estar presente durante o funcionamento normal do processo.<\/p><p><strong>ZONA 2:<\/strong> \u00c1rea na qual uma mistura de g\u00e1s\/ar, potencialmente explosiva, n\u00e3o est\u00e1 normalmente presente. Caso esteja, ser\u00e1 por curtos per\u00edodos de tempo.<\/p><p><strong>ZONA 20: <\/strong>\u00c1rea na qual uma mistura de poeira combust\u00edvel\/ar, potencialmente explosiva, est\u00e1 presente continuamente ou por grandes per\u00edodos de tempo.<\/p><p><strong>ZONA 21:<\/strong> \u00c1rea na qual uma mistura de poeira combust\u00edvel\/ar, potencialmente explosiva, pode estar presente durante o funcionamento normal do processo.<\/p><p><strong>ZONA 22:<\/strong> \u00c1rea na qual uma mistura de poeira combust\u00edvel\/ar, potencialmente explosiva, n\u00e3o est\u00e1 normalmente presente. Caso esteja, ser\u00e1 por curtos per\u00edodos de tempo.<\/p><p>\u00c9 evidente que um equipamento instalado dentro de uma \u00e1rea classificada tamb\u00e9m deve ser classificado, e esta classifica\u00e7\u00e3o \u00e9 baseada na temperatura superficial m\u00e1xima que este equipamento pode alcan\u00e7ar em funcionamento normal e em caso de falha.<\/p>\t\t\t\t\t\t<\/div>\n\t\t\t\t<\/div>\n\t\t\t\t\t<\/div>\n\t\t<\/div>\n\t\t\t\t\t\t\t<\/div>\n\t\t<\/section>\n\t\t\t\t<section class=\"elementor-section elementor-inner-section elementor-element elementor-element-9b093ea elementor-section-boxed elementor-section-height-default elementor-section-height-default\" data-id=\"9b093ea\" data-element_type=\"section\" data-settings=\"{&quot;background_background&quot;:&quot;classic&quot;}\">\n\t\t\t\t\t\t<div class=\"elementor-container elementor-column-gap-default\">\n\t\t\t\t\t<div class=\"elementor-column elementor-col-100 elementor-inner-column elementor-element elementor-element-253c60f\" data-id=\"253c60f\" data-element_type=\"column\">\n\t\t\t<div class=\"elementor-widget-wrap elementor-element-populated\">\n\t\t\t\t\t\t\t\t<div class=\"elementor-element elementor-element-d661f12 elementor-widget elementor-widget-text-editor\" data-id=\"d661f12\" data-element_type=\"widget\" data-widget_type=\"text-editor.default\">\n\t\t\t\t<div class=\"elementor-widget-container\">\n\t\t\t\t\t\t\t<p><strong>\u00c1rea classificada com risco de explos\u00e3o e equipamentos a prova de explos\u00e3o \u00a0Ex d<\/strong><\/p><p>\u00c1reas de aplica\u00e7\u00e3o zonas \u00a01 e 2. Equipamentos com suas partes que podem causar a igni\u00e7\u00e3o confinadas dentro de inv\u00f3lucro capaz de suportar a press\u00e3o desenvolvida durante uma explos\u00e3o interna, garantindo a n\u00e3o propaga\u00e7\u00e3o para o meio externo.<\/p><p><img loading=\"lazy\" decoding=\"async\" class=\"alignnone wp-image-43539\" src=\"https:\/\/sitestemporarios.com.br\/percon\/wp-content\/uploads\/2016\/10\/Trena-a-prova-de-explosao-.jpg\" alt=\"\" width=\"150\" height=\"150\" srcset=\"https:\/\/acessopercon.com.br\/percon\/wp-content\/uploads\/2016\/10\/Trena-a-prova-de-explosao-.jpg 225w, https:\/\/acessopercon.com.br\/percon\/wp-content\/uploads\/2016\/10\/Trena-a-prova-de-explosao--150x150.jpg 150w\" sizes=\"(max-width: 150px) 100vw, 150px\" \/> <img loading=\"lazy\" decoding=\"async\" class=\"alignnone wp-image-43540\" src=\"https:\/\/sitestemporarios.com.br\/percon\/wp-content\/uploads\/2016\/10\/Simbolo-a-prova-de-explosao-.jpg\" alt=\"\" width=\"175\" height=\"150\" \/><\/p>\t\t\t\t\t\t<\/div>\n\t\t\t\t<\/div>\n\t\t\t\t\t<\/div>\n\t\t<\/div>\n\t\t\t\t\t\t\t<\/div>\n\t\t<\/section>\n\t\t\t\t<section class=\"elementor-section elementor-inner-section elementor-element elementor-element-53a98a3 elementor-section-boxed elementor-section-height-default elementor-section-height-default\" data-id=\"53a98a3\" data-element_type=\"section\" data-settings=\"{&quot;background_background&quot;:&quot;classic&quot;}\">\n\t\t\t\t\t\t<div class=\"elementor-container elementor-column-gap-default\">\n\t\t\t\t\t<div class=\"elementor-column elementor-col-100 elementor-inner-column elementor-element elementor-element-3437cfb\" data-id=\"3437cfb\" data-element_type=\"column\">\n\t\t\t<div class=\"elementor-widget-wrap elementor-element-populated\">\n\t\t\t\t\t\t\t\t<div class=\"elementor-element elementor-element-c47a930 elementor-widget elementor-widget-text-editor\" data-id=\"c47a930\" data-element_type=\"widget\" data-widget_type=\"text-editor.default\">\n\t\t\t\t<div class=\"elementor-widget-container\">\n\t\t\t\t\t\t\t<p><strong>\u00c1rea classificada com risco de explos\u00e3o e equipamentos com seguran\u00e7a intr\u00ednseca Ex ib<\/strong><\/p><p>\u00c1reas de aplica\u00e7\u00e3o zonas 1, 2 ou 21, 22. Equipamentos projetados com componentes e circuitos que em \u00a0opera\u00e7\u00e3o normal, n\u00e3o possuem energia suficiente capaz de provocar uma igni\u00e7\u00e3o na atmosfera explosiva.<\/p><p><img loading=\"lazy\" decoding=\"async\" class=\"alignnone wp-image-43541\" src=\"https:\/\/sitestemporarios.com.br\/percon\/wp-content\/uploads\/2016\/10\/Equipamentoseguranca-intrinseca-.jpg\" alt=\"\" width=\"149\" height=\"150\" srcset=\"https:\/\/acessopercon.com.br\/percon\/wp-content\/uploads\/2016\/10\/Equipamentoseguranca-intrinseca-.jpg 224w, https:\/\/acessopercon.com.br\/percon\/wp-content\/uploads\/2016\/10\/Equipamentoseguranca-intrinseca--150x150.jpg 150w\" sizes=\"(max-width: 149px) 100vw, 149px\" \/> <a class=\"dt-single-image\" href=\"https:\/\/acessopercon.com.br\/2022\/wp-content\/uploads\/2016\/10\/Multimetro-com-seguranca-intrinseca-.jpg\" rel=\"attachment wp-att-43542\" data-dt-img-description=\"\"><img loading=\"lazy\" decoding=\"async\" class=\"alignnone wp-image-43542\" src=\"https:\/\/sitestemporarios.com.br\/percon\/wp-content\/uploads\/2016\/10\/Multimetro-com-seguranca-intrinseca-.jpg\" alt=\"multimetro-com-seguranca-intrinseca\" width=\"88\" height=\"150\" \/><\/a><\/p>\t\t\t\t\t\t<\/div>\n\t\t\t\t<\/div>\n\t\t\t\t\t<\/div>\n\t\t<\/div>\n\t\t\t\t\t\t\t<\/div>\n\t\t<\/section>\n\t\t\t\t<div class=\"elementor-element elementor-element-372acc7 elementor-widget elementor-widget-text-editor\" data-id=\"372acc7\" data-element_type=\"widget\" data-widget_type=\"text-editor.default\">\n\t\t\t\t<div class=\"elementor-widget-container\">\n\t\t\t\t\t\t\t<p><strong>Clique em assuntos relacionados com ferramentas para atmosfera explosiva <\/strong><\/p><p><strong><a href=\"https:\/\/acessopercon.com.br\/percon\/iluminacao-em-area-classificada-ex\/\">Ilumina\u00e7\u00e3o em \u00e1rea classificada Ex<\/a><\/strong><\/p><p><strong><a href=\"https:\/\/acessopercon.com.br\/percon\/camera-termografica-intrinsecamente-segura\/\">C\u00e2mera termogr\u00e1fica intrinsecamente segura<\/a><\/strong><\/p><p><strong><a href=\"https:\/\/acessopercon.com.br\/percon\/fluke-87v-ex-multimetro-true-rms-intrinsecamente-seguro\/\">Mult\u00edmetro intrinsecamente seguro Fluke 87V Ex<\/a><\/strong><\/p>\t\t\t\t\t\t<\/div>\n\t\t\t\t<\/div>\n\t\t\t\t\t<\/div>\n\t\t<\/div>\n\t\t\t\t\t\t\t<\/div>\n\t\t<\/section>\n\t\t\t\t\t\t\t<\/div>\n\t\t","protected":false},"excerpt":{"rendered":"<p>\u00c1rea classificada \u00c1rea classificada com risco de explos\u00e3o \u00e9 aquela onde foram avaliados os n\u00edveis de risco, e delimitada como local com probabilidade da exist\u00eancia ou com possibilidade de forma\u00e7\u00e3o de misturas explosivas pela presen\u00e7a de gases, vapores, poeiras ou fibras combust\u00edveis misturadas com o ar, formando a atmosfera explosiva. Segundo a ABNT NBR IEC [&hellip;]<\/p>\n","protected":false},"author":4,"featured_media":0,"parent":0,"menu_order":0,"comment_status":"closed","ping_status":"closed","template":"elementor_header_footer","meta":{"footnotes":""},"_links":{"self":[{"href":"https:\/\/acessopercon.com.br\/percon\/wp-json\/wp\/v2\/pages\/52712"}],"collection":[{"href":"https:\/\/acessopercon.com.br\/percon\/wp-json\/wp\/v2\/pages"}],"about":[{"href":"https:\/\/acessopercon.com.br\/percon\/wp-json\/wp\/v2\/types\/page"}],"author":[{"embeddable":true,"href":"https:\/\/acessopercon.com.br\/percon\/wp-json\/wp\/v2\/users\/4"}],"replies":[{"embeddable":true,"href":"https:\/\/acessopercon.com.br\/percon\/wp-json\/wp\/v2\/comments?post=52712"}],"version-history":[{"count":66,"href":"https:\/\/acessopercon.com.br\/percon\/wp-json\/wp\/v2\/pages\/52712\/revisions"}],"predecessor-version":[{"id":54277,"href":"https:\/\/acessopercon.com.br\/percon\/wp-json\/wp\/v2\/pages\/52712\/revisions\/54277"}],"wp:attachment":[{"href":"https:\/\/acessopercon.com.br\/percon\/wp-json\/wp\/v2\/media?parent=52712"}],"curies":[{"name":"wp","href":"https:\/\/api.w.org\/{rel}","templated":true}]}}