{"id":52272,"date":"2022-05-12T01:40:39","date_gmt":"2022-05-12T01:40:39","guid":{"rendered":"https:\/\/sitestemporarios.com.br\/percon\/?page_id=52272"},"modified":"2022-06-07T22:51:05","modified_gmt":"2022-06-07T22:51:05","slug":"detectores-de-gases","status":"publish","type":"page","link":"https:\/\/acessopercon.com.br\/percon\/detectores-de-gases\/","title":{"rendered":"Detectores de Gases"},"content":{"rendered":"\t\t<div data-elementor-type=\"wp-page\" data-elementor-id=\"52272\" class=\"elementor elementor-52272\">\n\t\t\t\t\t\t\t\t\t<section class=\"elementor-section elementor-top-section elementor-element elementor-element-6efe7e52 elementor-section-boxed elementor-section-height-default elementor-section-height-default\" data-id=\"6efe7e52\" data-element_type=\"section\">\n\t\t\t\t\t\t<div class=\"elementor-container elementor-column-gap-default\">\n\t\t\t\t\t<div class=\"elementor-column elementor-col-100 elementor-top-column elementor-element elementor-element-34d1c04\" data-id=\"34d1c04\" data-element_type=\"column\">\n\t\t\t<div class=\"elementor-widget-wrap elementor-element-populated\">\n\t\t\t\t\t\t\t\t<div class=\"elementor-element elementor-element-66d63eb elementor-widget elementor-widget-heading\" data-id=\"66d63eb\" data-element_type=\"widget\" data-widget_type=\"heading.default\">\n\t\t\t\t<div class=\"elementor-widget-container\">\n\t\t\t<h2 class=\"elementor-heading-title elementor-size-default\">Detectores de Gases<\/h2>\t\t<\/div>\n\t\t\t\t<\/div>\n\t\t\t\t<div class=\"elementor-element elementor-element-adbdeee elementor-widget elementor-widget-heading\" data-id=\"adbdeee\" data-element_type=\"widget\" data-widget_type=\"heading.default\">\n\t\t\t\t<div class=\"elementor-widget-container\">\n\t\t\t<h2 class=\"elementor-heading-title elementor-size-default\">Conhe\u00e7a nossos produtos:<\/h2>\t\t<\/div>\n\t\t\t\t<\/div>\n\t\t\t\t<section class=\"elementor-section elementor-inner-section elementor-element elementor-element-c9f0f0c elementor-section-boxed elementor-section-height-default elementor-section-height-default\" data-id=\"c9f0f0c\" data-element_type=\"section\">\n\t\t\t\t\t\t<div class=\"elementor-container elementor-column-gap-default\">\n\t\t\t\t\t<div class=\"elementor-column elementor-col-50 elementor-inner-column elementor-element elementor-element-0db1f90\" data-id=\"0db1f90\" data-element_type=\"column\">\n\t\t\t<div class=\"elementor-widget-wrap elementor-element-populated\">\n\t\t\t\t\t\t\t\t<div class=\"elementor-element elementor-element-47f0c34 elementor-widget elementor-widget-heading\" data-id=\"47f0c34\" data-element_type=\"widget\" data-widget_type=\"heading.default\">\n\t\t\t\t<div class=\"elementor-widget-container\">\n\t\t\t<h2 class=\"elementor-heading-title elementor-size-default\">Monitores de \u00e1rea<\/h2>\t\t<\/div>\n\t\t\t\t<\/div>\n\t\t\t\t<div class=\"elementor-element elementor-element-f46f790 elementor-widget elementor-widget-image\" data-id=\"f46f790\" data-element_type=\"widget\" data-widget_type=\"image.default\">\n\t\t\t\t<div class=\"elementor-widget-container\">\n\t\t\t\t\t\t\t\t\t\t\t\t\t\t\t<img fetchpriority=\"high\" decoding=\"async\" width=\"800\" height=\"532\" src=\"https:\/\/acessopercon.com.br\/percon\/wp-content\/uploads\/2022\/05\/monitor-de-area.jpg\" class=\"attachment-full size-full wp-image-52279\" alt=\"\" srcset=\"https:\/\/acessopercon.com.br\/percon\/wp-content\/uploads\/2022\/05\/monitor-de-area.jpg 800w, https:\/\/acessopercon.com.br\/percon\/wp-content\/uploads\/2022\/05\/monitor-de-area-300x200.jpg 300w, https:\/\/acessopercon.com.br\/percon\/wp-content\/uploads\/2022\/05\/monitor-de-area-768x511.jpg 768w\" sizes=\"(max-width: 800px) 100vw, 800px\" \/>\t\t\t\t\t\t\t\t\t\t\t\t\t\t\t<\/div>\n\t\t\t\t<\/div>\n\t\t\t\t<div class=\"elementor-element elementor-element-7d802df8 elementor-hidden-desktop elementor-hidden-tablet elementor-hidden-mobile elementor-widget elementor-widget-text-editor\" data-id=\"7d802df8\" data-element_type=\"widget\" data-widget_type=\"text-editor.default\">\n\t\t\t\t<div class=\"elementor-widget-container\">\n\t\t\t\t\t\t\tMonitoramento de espa\u00e7o confinado com monitor de \u00e1rea Radius\u2122 BZ1, padr\u00f5es em todo o mundo que regem a entrada em confinado espa\u00e7os, tais como 29CFR1910.146 e 29CFR1926.1203 no Estados Unidos, exigem testes da atmosfera antes da entrada em um espa\u00e7o. Embora existam in\u00fameras maneiras de conduzir o teste antes da entrada, a melhor pr\u00e1tica reconhecida \u00e9 usar uma leitura de monitor de g\u00e1s port\u00e1til equipado com uma bomba de amostragem remota . Quando o teste anterior \u00e0 entrada est\u00e1 completo, tamb\u00e9m faz parte das melhores pr\u00e1ticas e \u00e9 exig\u00eancia de alguns padr\u00f5es,  monitora a atmosfera dentro do espa\u00e7o durante toda a entrada.\t\t\t\t\t\t<\/div>\n\t\t\t\t<\/div>\n\t\t\t\t<div class=\"elementor-element elementor-element-79cf376 elementor-align-left elementor-widget elementor-widget-button\" data-id=\"79cf376\" data-element_type=\"widget\" data-widget_type=\"button.default\">\n\t\t\t\t<div class=\"elementor-widget-container\">\n\t\t\t\t\t<div class=\"elementor-button-wrapper\">\n\t\t\t<a class=\"elementor-button elementor-button-link elementor-size-xs\" href=\"https:\/\/acessopercon.com.br\/percon\/monitoramento-de-espaco-confinado\/\" target=\"_blank\">\n\t\t\t\t\t\t<span class=\"elementor-button-content-wrapper\">\n\t\t\t\t\t\t<span class=\"elementor-button-text\">Monitoramento de espa\u00e7o confinado<\/span>\n\t\t<\/span>\n\t\t\t\t\t<\/a>\n\t\t<\/div>\n\t\t\t\t<\/div>\n\t\t\t\t<\/div>\n\t\t\t\t<div class=\"elementor-element elementor-element-a5d528e elementor-widget elementor-widget-spacer\" data-id=\"a5d528e\" data-element_type=\"widget\" data-widget_type=\"spacer.default\">\n\t\t\t\t<div class=\"elementor-widget-container\">\n\t\t\t\t\t<div class=\"elementor-spacer\">\n\t\t\t<div class=\"elementor-spacer-inner\"><\/div>\n\t\t<\/div>\n\t\t\t\t<\/div>\n\t\t\t\t<\/div>\n\t\t\t\t<div class=\"elementor-element elementor-element-650299f elementor-align-left elementor-widget elementor-widget-button\" data-id=\"650299f\" data-element_type=\"widget\" data-widget_type=\"button.default\">\n\t\t\t\t<div class=\"elementor-widget-container\">\n\t\t\t\t\t<div class=\"elementor-button-wrapper\">\n\t\t\t<a class=\"elementor-button elementor-button-link elementor-size-xs\" href=\"https:\/\/acessopercon.com.br\/percon\/monitores-de-area-radius-bz1\/\" target=\"_blank\">\n\t\t\t\t\t\t<span class=\"elementor-button-content-wrapper\">\n\t\t\t\t\t\t<span class=\"elementor-button-text\">Monitores de \u00e1rea Radius\u2122 BZ1<\/span>\n\t\t<\/span>\n\t\t\t\t\t<\/a>\n\t\t<\/div>\n\t\t\t\t<\/div>\n\t\t\t\t<\/div>\n\t\t\t\t<div class=\"elementor-element elementor-element-ab08ee1 elementor-widget elementor-widget-spacer\" data-id=\"ab08ee1\" data-element_type=\"widget\" data-widget_type=\"spacer.default\">\n\t\t\t\t<div class=\"elementor-widget-container\">\n\t\t\t\t\t<div class=\"elementor-spacer\">\n\t\t\t<div class=\"elementor-spacer-inner\"><\/div>\n\t\t<\/div>\n\t\t\t\t<\/div>\n\t\t\t\t<\/div>\n\t\t\t\t<div class=\"elementor-element elementor-element-87839ea elementor-align-left elementor-widget elementor-widget-button\" data-id=\"87839ea\" data-element_type=\"widget\" data-widget_type=\"button.default\">\n\t\t\t\t<div class=\"elementor-widget-container\">\n\t\t\t\t\t<div class=\"elementor-button-wrapper\">\n\t\t\t<a class=\"elementor-button elementor-button-link elementor-size-xs\" href=\"https:\/\/acessopercon.com.br\/percon\/monitoramento-de-perimetro\/\" target=\"_blank\">\n\t\t\t\t\t\t<span class=\"elementor-button-content-wrapper\">\n\t\t\t\t\t\t<span class=\"elementor-button-text\">Monitoramento de per\u00edmetro<\/span>\n\t\t<\/span>\n\t\t\t\t\t<\/a>\n\t\t<\/div>\n\t\t\t\t<\/div>\n\t\t\t\t<\/div>\n\t\t\t\t<div class=\"elementor-element elementor-element-56c38b5 elementor-widget elementor-widget-spacer\" data-id=\"56c38b5\" data-element_type=\"widget\" data-widget_type=\"spacer.default\">\n\t\t\t\t<div class=\"elementor-widget-container\">\n\t\t\t\t\t<div class=\"elementor-spacer\">\n\t\t\t<div class=\"elementor-spacer-inner\"><\/div>\n\t\t<\/div>\n\t\t\t\t<\/div>\n\t\t\t\t<\/div>\n\t\t\t\t\t<\/div>\n\t\t<\/div>\n\t\t\t\t<div class=\"elementor-column elementor-col-50 elementor-inner-column elementor-element elementor-element-865e6d9\" data-id=\"865e6d9\" data-element_type=\"column\">\n\t\t\t<div class=\"elementor-widget-wrap elementor-element-populated\">\n\t\t\t\t\t\t\t\t<div class=\"elementor-element elementor-element-e074bda elementor-widget elementor-widget-heading\" data-id=\"e074bda\" data-element_type=\"widget\" data-widget_type=\"heading.default\">\n\t\t\t\t<div class=\"elementor-widget-container\">\n\t\t\t<h2 class=\"elementor-heading-title elementor-size-default\">Gases Port\u00e1teis<\/h2>\t\t<\/div>\n\t\t\t\t<\/div>\n\t\t\t\t<div class=\"elementor-element elementor-element-f5106e0 elementor-widget elementor-widget-image\" data-id=\"f5106e0\" data-element_type=\"widget\" data-widget_type=\"image.default\">\n\t\t\t\t<div class=\"elementor-widget-container\">\n\t\t\t\t\t\t\t\t\t\t\t\t\t\t\t<img decoding=\"async\" width=\"800\" height=\"532\" src=\"https:\/\/acessopercon.com.br\/percon\/wp-content\/uploads\/2022\/05\/detector-portatil.jpg\" class=\"attachment-full size-full wp-image-52280\" alt=\"\" srcset=\"https:\/\/acessopercon.com.br\/percon\/wp-content\/uploads\/2022\/05\/detector-portatil.jpg 800w, https:\/\/acessopercon.com.br\/percon\/wp-content\/uploads\/2022\/05\/detector-portatil-300x200.jpg 300w, https:\/\/acessopercon.com.br\/percon\/wp-content\/uploads\/2022\/05\/detector-portatil-768x511.jpg 768w\" sizes=\"(max-width: 800px) 100vw, 800px\" \/>\t\t\t\t\t\t\t\t\t\t\t\t\t\t\t<\/div>\n\t\t\t\t<\/div>\n\t\t\t\t<div class=\"elementor-element elementor-element-61771e3 elementor-align-left elementor-widget elementor-widget-button\" data-id=\"61771e3\" data-element_type=\"widget\" data-widget_type=\"button.default\">\n\t\t\t\t<div class=\"elementor-widget-container\">\n\t\t\t\t\t<div class=\"elementor-button-wrapper\">\n\t\t\t<a class=\"elementor-button elementor-button-link elementor-size-xs\" href=\"https:\/\/acessopercon.com.br\/percon\/detector-portatil-multigases\/\" target=\"_blank\">\n\t\t\t\t\t\t<span class=\"elementor-button-content-wrapper\">\n\t\t\t\t\t\t<span class=\"elementor-button-text\">Detector port\u00e1til multigases<\/span>\n\t\t<\/span>\n\t\t\t\t\t<\/a>\n\t\t<\/div>\n\t\t\t\t<\/div>\n\t\t\t\t<\/div>\n\t\t\t\t<div class=\"elementor-element elementor-element-9983e9b elementor-widget elementor-widget-spacer\" data-id=\"9983e9b\" data-element_type=\"widget\" data-widget_type=\"spacer.default\">\n\t\t\t\t<div class=\"elementor-widget-container\">\n\t\t\t\t\t<div class=\"elementor-spacer\">\n\t\t\t<div class=\"elementor-spacer-inner\"><\/div>\n\t\t<\/div>\n\t\t\t\t<\/div>\n\t\t\t\t<\/div>\n\t\t\t\t\t<\/div>\n\t\t<\/div>\n\t\t\t\t\t\t\t<\/div>\n\t\t<\/section>\n\t\t\t\t\t<\/div>\n\t\t<\/div>\n\t\t\t\t\t\t\t<\/div>\n\t\t<\/section>\n\t\t\t\t\t\t\t<\/div>\n\t\t","protected":false},"excerpt":{"rendered":"<p>Detectores de Gases Conhe\u00e7a nossos produtos: Monitores de \u00e1rea Monitoramento de espa\u00e7o confinado com monitor de \u00e1rea Radius\u2122 BZ1, padr\u00f5es em todo o mundo que regem a entrada em confinado espa\u00e7os, tais como 29CFR1910.146 e 29CFR1926.1203 no Estados Unidos, exigem testes da atmosfera antes da entrada em um espa\u00e7o. Embora existam in\u00fameras maneiras de conduzir [&hellip;]<\/p>\n","protected":false},"author":4,"featured_media":0,"parent":0,"menu_order":0,"comment_status":"open","ping_status":"closed","template":"elementor_header_footer","meta":{"footnotes":""},"_links":{"self":[{"href":"https:\/\/acessopercon.com.br\/percon\/wp-json\/wp\/v2\/pages\/52272"}],"collection":[{"href":"https:\/\/acessopercon.com.br\/percon\/wp-json\/wp\/v2\/pages"}],"about":[{"href":"https:\/\/acessopercon.com.br\/percon\/wp-json\/wp\/v2\/types\/page"}],"author":[{"embeddable":true,"href":"https:\/\/acessopercon.com.br\/percon\/wp-json\/wp\/v2\/users\/4"}],"replies":[{"embeddable":true,"href":"https:\/\/acessopercon.com.br\/percon\/wp-json\/wp\/v2\/comments?post=52272"}],"version-history":[{"count":69,"href":"https:\/\/acessopercon.com.br\/percon\/wp-json\/wp\/v2\/pages\/52272\/revisions"}],"predecessor-version":[{"id":54293,"href":"https:\/\/acessopercon.com.br\/percon\/wp-json\/wp\/v2\/pages\/52272\/revisions\/54293"}],"wp:attachment":[{"href":"https:\/\/acessopercon.com.br\/percon\/wp-json\/wp\/v2\/media?parent=52272"}],"curies":[{"name":"wp","href":"https:\/\/api.w.org\/{rel}","templated":true}]}}