{"id":52215,"date":"2022-05-12T00:47:37","date_gmt":"2022-05-12T00:47:37","guid":{"rendered":"https:\/\/sitestemporarios.com.br\/percon\/?page_id=52215"},"modified":"2022-05-27T23:40:48","modified_gmt":"2022-05-27T23:40:48","slug":"programa-locar-percon-2","status":"publish","type":"page","link":"https:\/\/acessopercon.com.br\/percon\/programa-locar-percon-2\/","title":{"rendered":"Programa LOCAR PERCON"},"content":{"rendered":"\t\t<div data-elementor-type=\"wp-page\" data-elementor-id=\"52215\" class=\"elementor elementor-52215\">\n\t\t\t\t\t\t\t\t\t<section class=\"elementor-section elementor-top-section elementor-element elementor-element-e4c9915 elementor-section-boxed elementor-section-height-default elementor-section-height-default\" data-id=\"e4c9915\" data-element_type=\"section\">\n\t\t\t\t\t\t<div class=\"elementor-container elementor-column-gap-default\">\n\t\t\t\t\t<div class=\"elementor-column elementor-col-100 elementor-top-column elementor-element elementor-element-550a2ba\" data-id=\"550a2ba\" data-element_type=\"column\">\n\t\t\t<div class=\"elementor-widget-wrap elementor-element-populated\">\n\t\t\t\t\t\t\t\t<div class=\"elementor-element elementor-element-36d9750 elementor-widget elementor-widget-heading\" data-id=\"36d9750\" data-element_type=\"widget\" data-widget_type=\"heading.default\">\n\t\t\t\t<div class=\"elementor-widget-container\">\n\t\t\t<h2 class=\"elementor-heading-title elementor-size-default\">Programa locar PerCon<\/h2>\t\t<\/div>\n\t\t\t\t<\/div>\n\t\t\t\t<div class=\"elementor-element elementor-element-205efab elementor-widget elementor-widget-text-editor\" data-id=\"205efab\" data-element_type=\"widget\" data-widget_type=\"text-editor.default\">\n\t\t\t\t<div class=\"elementor-widget-container\">\n\t\t\t\t\t\t\t<p>Loca\u00e7\u00e3o de detector de gases<\/p><p><strong>Importante<\/strong>:<br \/>Loca\u00e7\u00e3o de detector de gases, a PerCon aluga detectores j\u00e1 calibrados com certificado da RBC, para trabalhos tempor\u00e1rios.<\/p><p>Agradecemos o seu interesse em LOCAR seu detector conosco, e como provedores de solu\u00e7\u00f5es em detec\u00e7\u00e3o de\u00a0gases a muitos anos, enviamos valores e informa\u00e7\u00f5es dos novos detectores de gases, que atendem plenamente a NR-33.<\/p>\t\t\t\t\t\t<\/div>\n\t\t\t\t<\/div>\n\t\t\t\t<div class=\"elementor-element elementor-element-e5c6223 elementor-widget elementor-widget-text-editor\" data-id=\"e5c6223\" data-element_type=\"widget\" data-widget_type=\"text-editor.default\">\n\t\t\t\t<div class=\"elementor-widget-container\">\n\t\t\t\t\t\t\t<p>Abaixo no que se refere a trabalho dentro do espa\u00e7o confinado:<\/p>\n<p>OP\u00c7\u00c3O 01) GasAlertMicroClip XT ou Ventis MX4 (4 gases para NR-33 \u2013 CO \u2013 O2 \u2013 H2S \u2013 LEL, sem bomba de&nbsp;suc\u00e7\u00e3o), j\u00e1 com certificado de calibra\u00e7\u00e3o ACREDITADA RBC (seria a calibra\u00e7\u00e3o feita por laborat\u00f3rio acreditado&nbsp;pelo INMETRO, e n\u00e3o a tal da calibra\u00e7\u00e3o rastreada RBC, que n\u00e3o \u00e9 feito por laborat\u00f3rio auditado INMETRO).<\/p>\n<p>OP\u00c7\u00c3O 02) GasAlertMax XT II ou Ventis MX4 com bomba de suc\u00e7\u00e3o \u2013 (4 gases para NR-33 \u2013 CO \u2013 O2 \u2013 H2S \u2013 LEL,&nbsp;com bomba de suc\u00e7\u00e3o), j\u00e1 com certificado de calibra\u00e7\u00e3o ACREDITADA RBC<\/p>\n<p>OP\u00c7\u00c3O 03) GasAlertMicroClip XT (CO, sem bomba de suc\u00e7\u00e3o), j\u00e1 com certificado de calibra\u00e7\u00e3o ACREDITADA&nbsp;RBC (seria a calibra\u00e7\u00e3o feita por laborat\u00f3rio acreditado pelo INMETRO, e n\u00e3o a tal da calibra\u00e7\u00e3o rastreada RBC, que n\u00e3o \u00e9 feito por laborat\u00f3rio auditado INMETRO).<\/p>\t\t\t\t\t\t<\/div>\n\t\t\t\t<\/div>\n\t\t\t\t<div class=\"elementor-element elementor-element-32af4e5 elementor-widget elementor-widget-text-editor\" data-id=\"32af4e5\" data-element_type=\"widget\" data-widget_type=\"text-editor.default\">\n\t\t\t\t<div class=\"elementor-widget-container\">\n\t\t\t\t\t\t\t<p>Abaixo informamos as condi\u00e7\u00f5es de loca\u00e7\u00e3o GasAlertMicro5 PID (CO,O2,LEL, H2S, VOC):<\/p><p>Para loca\u00e7\u00e3o de outros produtos do nosso portf\u00f3lio, por favor, contate-nos nos dados abaixo: <br \/>e-mail: loca\u00e7\u00f5es@acessopercon.com.br<br \/>Tel: (21) 2596 8369<\/p>\t\t\t\t\t\t<\/div>\n\t\t\t\t<\/div>\n\t\t\t\t<div class=\"elementor-element elementor-element-8b49730 elementor-widget elementor-widget-text-editor\" data-id=\"8b49730\" data-element_type=\"widget\" data-widget_type=\"text-editor.default\">\n\t\t\t\t<div class=\"elementor-widget-container\">\n\t\t\t\t\t\t\t<p>Dicas:<br \/>N\u00e3o sejam enganados! N\u00e3o corra risco de gastar 2 vezes, ou ter seu servi\u00e7o paralisado! Na PerCon o equipamento locado \u00e9 calibrado acreditado RBC \u2013\u00a0INMETRO!!! O que permitir\u00e1 o atendimento pleno dos pr\u00e9-requisitos da NR33 \u2013 Guia T\u00e9cnico NR33 \u2013 NBR16577!<\/p>\t\t\t\t\t\t<\/div>\n\t\t\t\t<\/div>\n\t\t\t\t<div class=\"elementor-element elementor-element-42ea69f elementor-widget elementor-widget-text-editor\" data-id=\"42ea69f\" data-element_type=\"widget\" data-widget_type=\"text-editor.default\">\n\t\t\t\t<div class=\"elementor-widget-container\">\n\t\t\t\t\t\t\t<p><strong>Calibra\u00e7\u00e3o RASTREADA RBC, n\u00e3o tem o peso de uma calibra\u00e7\u00e3o ACREDITADA RBC (a que \u00e9 referenciada e exigida pela NBR 16577)!<\/strong><\/p><p>\u2013 A calibra\u00e7\u00e3o ACREDITADA RBC \u00e9 realizada por um laborat\u00f3rio acreditado pelo INMETRO. Esta acredita\u00e7\u00e3o\u00a0garante que todos os procedimentos da ISO 17025 foram cumpridos, que todos os equipamentos de refer\u00eancia usados est\u00e3o de acordo, pois s\u00e3o periodicamente auditados pelo INMETRO ! No certificado gerado pelo laborat\u00f3rio acreditado, segue o selo INMETRO e o registro deste laborat\u00f3rio, al\u00e9m de ser colada a etiqueta INMETRO no verso do instrumento.<br \/>Atende plenamente a NR33 \u2013 Guia T\u00e9cnico \u2013 NBR16577!<br \/>Selo de calibra\u00e7\u00e3o, laborat\u00f3rio acreditado INMETRO:<\/p><p>\u2013 A calibra\u00e7\u00e3o RASTREADA RBC sua empresa tem que acreditar que o laborat\u00f3rio, n\u00e3o acreditado ou auditado pelo INMETRO, realizou os procedimentos de calibra\u00e7\u00e3o corretamente. Diz rastreado, pois o laborat\u00f3rio em quest\u00e3o diz dar rastreabilidade usando um padr\u00e3o de refer\u00eancia, mas seus procedimentos e at\u00e9 mesmo o padr\u00e3o, n\u00e3o s\u00e3o auditados pelo \u00f3rg\u00e3o de metrologia INMETRO . Pode n\u00e3o ser aceito pois n\u00e3o atende plenamente a NBR16577 \u2013 Guia T\u00e9cnico da NR-33. Selo pr\u00f3prio : ? ou seja cada empresa que diz calibrar rastreado, tem o seu ! \u00e9 Dados necess\u00e1rios para formata\u00e7\u00e3o do contrato e aprova\u00e7\u00e3o do cr\u00e9dito (libera\u00e7\u00e3o do bem locado \u2013 valor da loca\u00e7\u00e3o):<\/p>\t\t\t\t\t\t<\/div>\n\t\t\t\t<\/div>\n\t\t\t\t<div class=\"elementor-element elementor-element-aae5383 elementor-widget elementor-widget-text-editor\" data-id=\"aae5383\" data-element_type=\"widget\" data-widget_type=\"text-editor.default\">\n\t\t\t\t<div class=\"elementor-widget-container\">\n\t\t\t\t\t\t\t<p>*Retornar com os dados onde temos XXX, preenchidos<\/p><p>LOCAT\u00c1RIA: EMPRESA XXX, LOCALIZADA NA XXX, CIDADE: XXX CEP: XXX , REGISTRADA PELO CNPJ: XXX, e I.E: XXX ,representada neste ato por seu DIRETOR OU REPRESENTANTE HABILITADO XXX, PORTADOR DO CPF: XXX E DA CARTEIRA DE IDENTIDADE NUMERO XXX, E EMITIDA PELO XXX E MORADOR DA RUA XXX, CEP: XXX. Aqui chamada de LOCAT\u00c0RIA.<\/p><p>Os equipamentos constante do objeto da loca\u00e7\u00e3o e relacionados no item anterior ser\u00e3o exclusivamente utilizados\u00a0pela LOCAT\u00c1RIA no seguinte endere\u00e7o XXXX \u2013 CEP: XXXX \u2013 Cidade: XXXX PARAGRAFO TERCEIRO \u2013 PERIODO DE\u00a0LOCA\u00c7\u00c3O<\/p><p>3.1 \u2013 Fica definida a data de inicio da loca\u00e7\u00e3o em XXXX, isto independente da data de retirada dos itens do OBJETO DA LOCA\u00c7\u00c3O pela LOCAT\u00c0RIA no endere\u00e7o da LOCADORA: Avenida Evandro Lins e Silva, N\u00ba 840 \u2013 SALA 619 \u2013 BARRA DA TIJUCA<\/p><p>3.2 \u2013 Termino da loca\u00e7\u00e3o previsto para o dia XXXX. N\u00e3o obstante a data prevista para termino da loca\u00e7\u00e3o , o efetivo de termino da mesma ser\u00e1 a data em que a LOCAT\u00c1RIA entregar em perfeito estado a totalidade dos itens constantes da rela\u00e7\u00e3o do OBJETO DA LOCA\u00c7\u00c3O no endere\u00e7o da LOCADORA . Caber\u00e1 a LOCADORA inspecionar e testar os itens antes de liberar a LOCAT\u00c1RIA de suas obriga\u00e7\u00f5es contratuais.<\/p><p>Indicar o respons\u00e1vel da obra pelo instrumento: Nome: XXXX \u2013 Telefone XXXX, \u2013 E-mail: XXXX,<\/p><p>Importante: A Retirada e a devolu\u00e7\u00e3o do item locado ocorrer\u00e3o nas depend\u00eancias de nossa empresa na Barra da Tijuca- RJ<\/p><p><strong>IMPORTANTE<\/strong>:<br \/>Como trata-se de sua 1\u00b0 loca\u00e7\u00e3o ou servi\u00e7os junto a nossa empresa existe a necessidade de aprova\u00e7\u00e3o do cr\u00e9dito Como temos custos para rodar o contrato e aprovar o cr\u00e9dito, caso voc\u00ea desista da loca\u00e7\u00e3o do item ter\u00e1 que arcar com o custo de R$ 100,00.<\/p>\t\t\t\t\t\t<\/div>\n\t\t\t\t<\/div>\n\t\t\t\t<div class=\"elementor-element elementor-element-a485e72 elementor-widget elementor-widget-image\" data-id=\"a485e72\" data-element_type=\"widget\" data-widget_type=\"image.default\">\n\t\t\t\t<div class=\"elementor-widget-container\">\n\t\t\t\t\t\t\t\t\t\t\t\t\t\t\t<img fetchpriority=\"high\" decoding=\"async\" width=\"800\" height=\"532\" src=\"https:\/\/acessopercon.com.br\/percon\/wp-content\/uploads\/2022\/05\/programa-locar-percon.jpg\" class=\"attachment-full size-full wp-image-52657\" alt=\"\" srcset=\"https:\/\/acessopercon.com.br\/percon\/wp-content\/uploads\/2022\/05\/programa-locar-percon.jpg 800w, https:\/\/acessopercon.com.br\/percon\/wp-content\/uploads\/2022\/05\/programa-locar-percon-300x200.jpg 300w, https:\/\/acessopercon.com.br\/percon\/wp-content\/uploads\/2022\/05\/programa-locar-percon-768x511.jpg 768w\" sizes=\"(max-width: 800px) 100vw, 800px\" \/>\t\t\t\t\t\t\t\t\t\t\t\t\t\t\t<\/div>\n\t\t\t\t<\/div>\n\t\t\t\t\t<\/div>\n\t\t<\/div>\n\t\t\t\t\t\t\t<\/div>\n\t\t<\/section>\n\t\t\t\t\t\t\t<\/div>\n\t\t","protected":false},"excerpt":{"rendered":"<p>Programa locar PerCon Loca\u00e7\u00e3o de detector de gases Importante:Loca\u00e7\u00e3o de detector de gases, a PerCon aluga detectores j\u00e1 calibrados com certificado da RBC, para trabalhos tempor\u00e1rios. Agradecemos o seu interesse em LOCAR seu detector conosco, e como provedores de solu\u00e7\u00f5es em detec\u00e7\u00e3o de\u00a0gases a muitos anos, enviamos valores e informa\u00e7\u00f5es dos novos detectores de gases, [&hellip;]<\/p>\n","protected":false},"author":4,"featured_media":0,"parent":0,"menu_order":0,"comment_status":"closed","ping_status":"closed","template":"elementor_header_footer","meta":{"footnotes":""},"_links":{"self":[{"href":"https:\/\/acessopercon.com.br\/percon\/wp-json\/wp\/v2\/pages\/52215"}],"collection":[{"href":"https:\/\/acessopercon.com.br\/percon\/wp-json\/wp\/v2\/pages"}],"about":[{"href":"https:\/\/acessopercon.com.br\/percon\/wp-json\/wp\/v2\/types\/page"}],"author":[{"embeddable":true,"href":"https:\/\/acessopercon.com.br\/percon\/wp-json\/wp\/v2\/users\/4"}],"replies":[{"embeddable":true,"href":"https:\/\/acessopercon.com.br\/percon\/wp-json\/wp\/v2\/comments?post=52215"}],"version-history":[{"count":45,"href":"https:\/\/acessopercon.com.br\/percon\/wp-json\/wp\/v2\/pages\/52215\/revisions"}],"predecessor-version":[{"id":53560,"href":"https:\/\/acessopercon.com.br\/percon\/wp-json\/wp\/v2\/pages\/52215\/revisions\/53560"}],"wp:attachment":[{"href":"https:\/\/acessopercon.com.br\/percon\/wp-json\/wp\/v2\/media?parent=52215"}],"curies":[{"name":"wp","href":"https:\/\/api.w.org\/{rel}","templated":true}]}}