{"id":52120,"date":"2022-05-06T04:03:32","date_gmt":"2022-05-06T04:03:32","guid":{"rendered":"https:\/\/sitestemporarios.com.br\/percon\/?page_id=52120"},"modified":"2022-05-27T23:45:58","modified_gmt":"2022-05-27T23:45:58","slug":"locacao-2","status":"publish","type":"page","link":"https:\/\/acessopercon.com.br\/percon\/locacao-2\/","title":{"rendered":"Loca\u00e7\u00e3o"},"content":{"rendered":"\t\t<div data-elementor-type=\"wp-page\" data-elementor-id=\"52120\" class=\"elementor elementor-52120\">\n\t\t\t\t\t\t\t\t\t<section class=\"elementor-section elementor-top-section elementor-element elementor-element-6efe7e52 elementor-section-boxed elementor-section-height-default elementor-section-height-default\" data-id=\"6efe7e52\" data-element_type=\"section\">\n\t\t\t\t\t\t<div class=\"elementor-container elementor-column-gap-default\">\n\t\t\t\t\t<div class=\"elementor-column elementor-col-100 elementor-top-column elementor-element elementor-element-34d1c04\" data-id=\"34d1c04\" data-element_type=\"column\">\n\t\t\t<div class=\"elementor-widget-wrap elementor-element-populated\">\n\t\t\t\t\t\t\t\t<div class=\"elementor-element elementor-element-66d63eb elementor-widget elementor-widget-heading\" data-id=\"66d63eb\" data-element_type=\"widget\" data-widget_type=\"heading.default\">\n\t\t\t\t<div class=\"elementor-widget-container\">\n\t\t\t<h2 class=\"elementor-heading-title elementor-size-default\">LOCA\u00c7\u00c3O DE DETECTORES DE GASES<\/h2>\t\t<\/div>\n\t\t\t\t<\/div>\n\t\t\t\t<div class=\"elementor-element elementor-element-7d802df8 elementor-widget elementor-widget-text-editor\" data-id=\"7d802df8\" data-element_type=\"widget\" data-widget_type=\"text-editor.default\">\n\t\t\t\t<div class=\"elementor-widget-container\">\n\t\t\t\t\t\t\t<p><span style=\"font-weight: 400;\">OP\u00c7\u00c3O 01) Detector de gases, modelo: GasAlertMicroClip XL ou VENTIS MX4 (04 gases para NR-33 \u2013 CO \u2013 O2 \u2013 H2S \u2013 LEL, \u201csem\u201d bomba de suc\u00e7\u00e3o), Equipamento com especifica\u00e7\u00f5es aprovadas pelas Normas Brasileiras (NR33), o mesmo possui chancelado de fabrica o selo do INMETRO. Nossos detectores j\u00e1 s\u00e3o fornecidos calibrados e certificados com a calibra\u00e7\u00e3o ACREDITADA RBC, executada por um laborat\u00f3rio acredito a Rede Brasileira de Calibra\u00e7\u00e3o laborat\u00f3rio auditado INMETRO. Com isso nosso certificados, saem com o selo de calibra\u00e7\u00e3o INMETRO.<\/span><\/p><p><span style=\"font-weight: 400;\">OP\u00c7\u00c3O 02) Detector de gases, modelo: GasAlertMax XT II ou VENTIS MX4 \u201ccom\u201d a bomba de suc\u00e7\u00e3o integrada (04 gases para NR-33 \u2013 CO \u2013 O2 \u2013 H2S \u2013 LEL), Equipamento com especifica\u00e7\u00f5es aprovadas pelas Normas Brasileiras (NR33), o mesmo possui chancelado de fabrica o selo do INMETRO. Nossos detectores j\u00e1 s\u00e3o fornecidos calibrados e certificados com a calibra\u00e7\u00e3o ACREDITADA RBC, executada por um laborat\u00f3rio acredito a Rede Brasileira de Calibra\u00e7\u00e3o laborat\u00f3rio auditado INMETRO. Com isso nossos certificados, saem com o selo de calibra\u00e7\u00e3o INMETRO.<\/span><\/p>\t\t\t\t\t\t<\/div>\n\t\t\t\t<\/div>\n\t\t\t\t<div class=\"elementor-element elementor-element-4c5f9b4 elementor-widget elementor-widget-text-editor\" data-id=\"4c5f9b4\" data-element_type=\"widget\" data-widget_type=\"text-editor.default\">\n\t\t\t\t<div class=\"elementor-widget-container\">\n\t\t\t\t\t\t\t<p style=\"text-align: center;\"><b>C\u00c2MERA T\u00c9RMICA \u2013 TERMOVISOR \u2013 TI25 \u2013 FLUKE<\/b><\/p><p><span style=\"font-weight: 400;\">Melhor capacidade de detec\u00e7\u00e3o e an\u00e1lise de problemas, gra\u00e7as \u00e0 tecnologia IR-Fusion\u00ae. Basta navegar rapidamente pelos diferentes modos de visualiza\u00e7\u00e3o para identificar mais facilmente \u00e1reas problem\u00e1ticas com imagens de tipo IR totais (t\u00e9rmicas), Imagem-na-imagem ou Mistura autom\u00e1tica de imagens visuais e t\u00e9rmicas. Optimizada para utiliza\u00e7\u00e3o no terreno, em ambientes de trabalho duros.\u00a0<\/span><\/p><p><span style=\"font-weight: 400;\">Classifica\u00e7\u00e3o IP54. Proporciona as imagens claras e n\u00edtidas necess\u00e1rias para detectar os problemas rapidamente. Permite identificar, com excelente sensibilidade t\u00e9rmica (NETD), pequenas diferen\u00e7as de temperatura que podem indiciar problemas. O intuitivo menu de tr\u00eas bot\u00f5es \u00e9 f\u00e1cil de usar, basta navegar usando um dedo. \u00c9 poss\u00edvel fazer anota\u00e7\u00f5es de voz com cada imagem gravada. Os coment\u00e1rios de voz s\u00e3o guardados com cada imagem individual para refer\u00eancia futura (apenas Ti25). Tudo aquilo de que precisa para come\u00e7ar est\u00e1 inclu\u00eddo. Pega manual ajust\u00e1vel para m\u00e3o esquerda ou direita. Fabricada nos E.U.A.\u00a0<\/span><\/p>\t\t\t\t\t\t<\/div>\n\t\t\t\t<\/div>\n\t\t\t\t<div class=\"elementor-element elementor-element-d6861d6 elementor-widget elementor-widget-image\" data-id=\"d6861d6\" data-element_type=\"widget\" data-widget_type=\"image.default\">\n\t\t\t\t<div class=\"elementor-widget-container\">\n\t\t\t\t\t\t\t\t\t\t\t\t\t\t\t\t<a href=\"https:\/\/sitestemporarios.com.br\/percon\/wp-content\/uploads\/2022\/05\/camera-termica-termovisor-ti25-fluke.jpg\" data-elementor-open-lightbox=\"yes\" data-elementor-lightbox-title=\"C\u00c2MERA T\u00c9RMICA \u2013 TERMOVISOR \u2013 TI25 \u2013 FLUKE\" data-e-action-hash=\"#elementor-action%3Aaction%3Dlightbox%26settings%3DeyJpZCI6NTI3NDMsInVybCI6Imh0dHBzOlwvXC9hY2Vzc29wZXJjb24uY29tLmJyXC9wZXJjb25cL3dwLWNvbnRlbnRcL3VwbG9hZHNcLzIwMjJcLzA1XC9jYW1lcmEtdGVybWljYS10ZXJtb3Zpc29yLXRpMjUtZmx1a2UuanBnIn0%3D\">\n\t\t\t\t\t\t\t<img fetchpriority=\"high\" decoding=\"async\" width=\"300\" height=\"200\" src=\"https:\/\/acessopercon.com.br\/percon\/wp-content\/uploads\/2022\/05\/camera-termica-termovisor-ti25-fluke-300x200.jpg\" class=\"attachment-medium size-medium wp-image-52743\" alt=\"\" srcset=\"https:\/\/acessopercon.com.br\/percon\/wp-content\/uploads\/2022\/05\/camera-termica-termovisor-ti25-fluke-300x200.jpg 300w, https:\/\/acessopercon.com.br\/percon\/wp-content\/uploads\/2022\/05\/camera-termica-termovisor-ti25-fluke-768x511.jpg 768w, https:\/\/acessopercon.com.br\/percon\/wp-content\/uploads\/2022\/05\/camera-termica-termovisor-ti25-fluke.jpg 800w\" sizes=\"(max-width: 300px) 100vw, 300px\" \/>\t\t\t\t\t\t\t\t<\/a>\n\t\t\t\t\t\t\t\t\t\t\t\t\t\t\t<\/div>\n\t\t\t\t<\/div>\n\t\t\t\t<div class=\"elementor-element elementor-element-a94907c elementor-widget elementor-widget-text-editor\" data-id=\"a94907c\" data-element_type=\"widget\" data-widget_type=\"text-editor.default\">\n\t\t\t\t<div class=\"elementor-widget-container\">\n\t\t\t\t\t\t\t<p style=\"text-align: center;\"><b>KIT RESGATE TRIP\u00c9 \u2013 ULTRA SAFE<\/b><\/p><p><span style=\"font-weight: 400;\">Modelo dos Itens que acompanha o KIT: TRIP\u00c9 TORO \u2013 ULTRA SAFE \/\u00a0 POLIA A\u00c7O OSCILANTE 36 Kn \/ CORDA SEGURAN\u00c7A NR-18 12 mm ( 20 mts) \/ CINTO DE SEGURAN\u00c7A POTENZA \u2013 ULTRA SAFE<\/span><\/p><p><strong>Descritivo t\u00e9cnico do trip\u00e9<\/strong><\/p><p><span style=\"font-weight: 400;\">&#8211; Equipamento confeccionado com tubos em liga leve de alum\u00ednio com 5 posi\u00e7\u00f5es de regulagem de altura a cada 15 cm<br \/><\/span><span style=\"font-weight: 400;\">&#8211; Pernas telesc\u00f3picas independentes e ajust\u00e1veis por sistema de pinos com travamento autom\u00e1tico que proporcionam total seguran\u00e7a.<br \/><\/span><span style=\"font-weight: 400;\">&#8211; Sapatas retangulares de a\u00e7o com base de borracha sint\u00e9tica antiderrapante e orif\u00edcios que permitem a fixa\u00e7\u00e3o no ch\u00e3o atrav\u00e9s de estacas ou parafusos em superf\u00edcies n\u00e3o r\u00edgidas (terra, madeira, etc.).<br \/><\/span><span style=\"font-weight: 400;\">&#8211; Cabe\u00e7ote fabricado em a\u00e7o carbono com tr\u00eas (3) roldanas em Nylon 6 de alta resist\u00eancia para passagem de cabos de a\u00e7o de guinchos resgatadores ou da corda do resgatador por corda \u00c1GILE.<br \/><\/span><span style=\"font-weight: 400;\">&#8211; Possui tamb\u00e9m tr\u00eas (3) olhais na parte inferior do cabe\u00e7ote para fixa\u00e7\u00e3o de sistema de polias para uso com cordas.<br \/><\/span><span style=\"font-weight: 400;\">&#8211; Pode ser utilizado indistintamente com at\u00e9 tr\u00eas guinchos montados no lado externo: guincho, guincho resgatador (ambos com cabo de a\u00e7o) e resgatador por corda \u00c1gile.<br \/><\/span><span style=\"font-weight: 400;\">&#8211; Possui engates para instala\u00e7\u00e3o de at\u00e9 tr\u00eas blocos de polias.<\/span><\/p><p><strong>Descritivo t\u00e9cnico da corda<\/strong><\/p><p><span style=\"font-weight: 400;\">Lance com 20 metros.<\/span><\/p><p><span style=\"font-weight: 400;\">Corda de seguran\u00e7a NR-18 12mm desenvolvida exclusivamente para uso em Cadeira Suspensa e Cabo Guia de Seguran\u00e7a para Fixa\u00e7\u00e3o do Trava-quedas, de acordo com publica\u00e7\u00e3o da Secretaria de Inspe\u00e7\u00e3o do Trabalho \/ Diretor do Departamento de Seguran\u00e7a e Sa\u00fade no Trabalho, inserido na Norma Regulamentadora 18, Portaria n\u00ba 13 de 09 de julho de 2002.<\/span><\/p><p><span style=\"font-weight: 400;\">&#8211; Confeccionada com tr\u00eas capas e alma central.<br \/><\/span><span style=\"font-weight: 400;\">&#8211; Tran\u00e7ado externo (capa) em Poliamida na cor Branca com tratamento.<br \/><\/span><span style=\"font-weight: 400;\">&#8211; Tran\u00e7ado intermedi\u00e1rio e alerta visual de desgaste na cor amarela em multifilamento de polipropileno.<br \/><\/span><span style=\"font-weight: 400;\">&#8211; Tra\u00e7ado interno e alma central em multifilamento de poliamida.<br \/><\/span><span style=\"font-weight: 400;\">&#8211; Possui identifica\u00e7\u00e3o interna gravada NR 18.16,5 ISO 1140 1990<br \/><\/span><span style=\"font-weight: 400;\">Normas aplic\u00e1veis : NR-18 12 mm<\/span><\/p><p><strong>Descritivo t\u00e9cnico da polia a\u00e7o oscilante 36Kn LIFT S<\/strong><\/p><p><span style=\"font-weight: 400;\">Produzidas em placa de a\u00e7o inox, possuem formato ideal para n\u00f3 autoblocante. Devido \u00e0 sua forma, destrava o n\u00f3 automaticamente quando este bate na polia e assim permite ter um sistema anti-retorno leve.<\/span><\/p><p><span style=\"font-weight: 400;\">Roldana fabricada em Nylon 6, material termopl\u00e1stico de poliamida com excelentes propriedades mec\u00e2nicas, el\u00e9tricas e t\u00e9rmicas que permitem seu uso em industria mec\u00e2nica, el\u00e9trica e qu\u00edmica. Possui baixo coeficiente de atrito, isola\u00e7\u00e3o el\u00e9trica e boa resist\u00eancia \u00e0 fadiga e a agentes qu\u00edmicos.<\/span><\/p><p><span style=\"font-weight: 400;\">Outras vantagens desta roldana: possui prote\u00e7\u00e3o UV<br \/><\/span><span style=\"font-weight: 400;\">Caracter\u00edsticas Peso aprox.: 420 g (a\u00e7o)<br \/><\/span><span style=\"font-weight: 400;\">Di\u00e2metro da corda: \u00f8 = 13 mm<br \/><\/span><span style=\"font-weight: 400;\">Di\u00e2metro interno da polia: 49 mm<br \/><\/span><span style=\"font-weight: 400;\">Carga de ruptura: 36 kN<br \/><\/span><span style=\"font-weight: 400;\">Carga de trabalho: 8 kN<br \/><\/span><span style=\"font-weight: 400;\">Mecanismo interno da polia: mancais auto-lubrificantes<br \/><\/span><span style=\"font-weight: 400;\">Uso: para utiliza\u00e7\u00e3o NORMAL ou INTENSA<br \/><\/span><span style=\"font-weight: 400;\">Uso em alta rota\u00e7\u00e3o: N\u00c3O utilizar as polias Lift e Roll em altas velocidades<br \/><\/span><span style=\"font-weight: 400;\">Norma e certifica\u00e7\u00f5es : Atende EN12278<\/span><\/p><p><strong>Descritivo t\u00e9cnico cintur\u00e3o potenza telecom com talabarte duplo em Y\u00a0<\/strong><\/p><p><span style=\"font-weight: 400;\">Cintur\u00e3o Potenza Telecom Com Talabarte Duplo em Y CA 39770<\/span><\/p>\t\t\t\t\t\t<\/div>\n\t\t\t\t<\/div>\n\t\t\t\t<div class=\"elementor-element elementor-element-3a2e081 elementor-widget elementor-widget-image\" data-id=\"3a2e081\" data-element_type=\"widget\" data-widget_type=\"image.default\">\n\t\t\t\t<div class=\"elementor-widget-container\">\n\t\t\t\t\t\t\t\t\t\t\t\t\t\t\t\t<a href=\"https:\/\/sitestemporarios.com.br\/percon\/wp-content\/uploads\/2022\/05\/kit-resgate-tripe-ultra-safe.jpg\" data-elementor-open-lightbox=\"yes\" data-elementor-lightbox-title=\"KIT RESGATE TRIP\u00c9 \u2013 ULTRA SAFE\" data-e-action-hash=\"#elementor-action%3Aaction%3Dlightbox%26settings%3DeyJpZCI6NTI3NDIsInVybCI6Imh0dHBzOlwvXC9hY2Vzc29wZXJjb24uY29tLmJyXC9wZXJjb25cL3dwLWNvbnRlbnRcL3VwbG9hZHNcLzIwMjJcLzA1XC9raXQtcmVzZ2F0ZS10cmlwZS11bHRyYS1zYWZlLmpwZyJ9\">\n\t\t\t\t\t\t\t<img decoding=\"async\" width=\"300\" height=\"200\" src=\"https:\/\/acessopercon.com.br\/percon\/wp-content\/uploads\/2022\/05\/kit-resgate-tripe-ultra-safe-300x200.jpg\" class=\"attachment-medium size-medium wp-image-52742\" alt=\"\" srcset=\"https:\/\/acessopercon.com.br\/percon\/wp-content\/uploads\/2022\/05\/kit-resgate-tripe-ultra-safe-300x200.jpg 300w, https:\/\/acessopercon.com.br\/percon\/wp-content\/uploads\/2022\/05\/kit-resgate-tripe-ultra-safe-768x511.jpg 768w, https:\/\/acessopercon.com.br\/percon\/wp-content\/uploads\/2022\/05\/kit-resgate-tripe-ultra-safe.jpg 800w\" sizes=\"(max-width: 300px) 100vw, 300px\" \/>\t\t\t\t\t\t\t\t<\/a>\n\t\t\t\t\t\t\t\t\t\t\t\t\t\t\t<\/div>\n\t\t\t\t<\/div>\n\t\t\t\t<div class=\"elementor-element elementor-element-85f8264 elementor-widget elementor-widget-text-editor\" data-id=\"85f8264\" data-element_type=\"widget\" data-widget_type=\"text-editor.default\">\n\t\t\t\t<div class=\"elementor-widget-container\">\n\t\t\t\t\t\t\t<p style=\"text-align: center;\"><b>MULT\u00cdMETRO DIGITAL, MODELO: MULTIMETRO DIGITAL CAT IV 600V TRUE-RMS IP67 &#8211; FLUKE-28II<\/b><\/p>\n<p><span style=\"font-weight: 400;\">&#8211; Medi\u00e7\u00f5es at\u00e9 1000 V AC E DC<br><\/span><span style=\"font-weight: 400;\">&#8211; Medi\u00e7\u00f5es at\u00e9 10 A (20 A por 30 segundos)<br><\/span><span style=\"font-weight: 400;\">&#8211; Gama de capacidade at\u00e9 10 000 ?F<br><\/span><span style=\"font-weight: 400;\">&#8211; Frequ\u00eancia at\u00e9 200 kHz<br><\/span><span style=\"font-weight: 400;\">&#8211; Largura de banda para tens\u00e3o AC alargada? 15 Hz a 20 kHz (28 II)<br><\/span><span style=\"font-weight: 400;\">&#8211; Pr\u00e1tico term\u00f4metro incorporado, que lhe permite efetuar leituras de temperatura sem ter de recorrer a um instrumento separado (28 II)<br><\/span><span style=\"font-weight: 400;\">&#8211; Teste de d\u00edodos, resist\u00eancia, continuidade<br><\/span><span style=\"font-weight: 400;\">&#8211; Registo M\u00edn\/M\u00e1x e M\u00e9dio para captar varia\u00e7\u00f5es automaticamente<br><\/span><span style=\"font-weight: 400;\">&#8211; Picos m\u00edn.-m\u00e1x. (28 II)<br><\/span><span style=\"font-weight: 400;\">&#8211; Fun\u00e7\u00e3o exclusiva de medi\u00e7\u00e3o precisa de tens\u00e3o e frequ\u00eancia em variadores de velocidade e outros equipamentos com ru\u00eddo el\u00e9ctrico (28 II)<br><\/span><span style=\"font-weight: 400;\">&#8211; Prote\u00e7\u00e3o contra a \u00e1gua e contra o p\u00f3 de classifica\u00e7\u00e3o IP 67, completamente selados para poderem ser utilizados em ambientes dif\u00edceis.<br><\/span><span style=\"font-weight: 400;\">&#8211; Concebidos para resistir a uma queda de 3 metros (com estojo).<br><\/span><span style=\"font-weight: 400;\">&#8211; Modo de visualiza\u00e7\u00e3o de 20 000 contagens de alta resolu\u00e7\u00e3o (28 II)<br><\/span><span style=\"font-weight: 400;\">&#8211; Tens\u00e3o e corrente AC True-RMS para medi\u00e7\u00f5es precisas em sinais n\u00e3o lineares (28 II)<br><\/span><span style=\"font-weight: 400;\">&#8211; Novo ? Bot\u00f5es retroiluminados para uma f\u00e1cil visibilidade em \u00e1reas pouco iluminadas<br><\/span><span style=\"font-weight: 400;\">&#8211; Display com d\u00edgitos grandes e retro ilumina\u00e7\u00e3o branca viva de dois n\u00edveis para melhor visibilidade<br><\/span><span style=\"font-weight: 400;\">&#8211; Prote\u00e7\u00e3o revers\u00edvel em borracha para maior prote\u00e7\u00e3o para quando n\u00e3o est\u00e1 a ser utilizado<br><\/span><span style=\"font-weight: 400;\">&#8211; Resiste \u00e0s perigosas descargas de 8 000 V resultantes de comuta\u00e7\u00e3o de cargas e de avarias em circuitos industriais, e est\u00e1 em conformidade com as normas de seguran\u00e7a el\u00e9ctrica IEC segunda edi\u00e7\u00e3o e ANSI.<br><\/span><span style=\"font-weight: 400;\">&#8211; Longa dura\u00e7\u00e3o da pilha (800 horas)<br><\/span><span style=\"font-weight: 400;\">&#8211; Modo relativo para eliminar a resist\u00eancia dos cabos de teste em medi\u00e7\u00f5es baixas de Ohms<br><\/span><span style=\"font-weight: 400;\">&#8211; Sele\u00e7\u00e3o de gamas autom\u00e1tica e manual para a m\u00e1xima flexibilidade<br><\/span><span style=\"font-weight: 400;\">&#8211; Suporte magn\u00e9tico opcional para acomoda\u00e7\u00e3o e visualiza\u00e7\u00e3o f\u00e1ceis, libertando as m\u00e3os para outras tarefas<br><\/span><span style=\"font-weight: 400;\">&#8211; Aprova\u00e7\u00e3o MSHA<\/span><\/p>\n<p><span style=\"font-weight: 400;\"><strong>Importante<\/strong>:&nbsp;<\/span><\/p>\n<p><span style=\"font-weight: 400;\">A responsabilidade de retirada e devolu\u00e7\u00e3o do bem locado \u00e9 da LOCAT\u00c1RIA no endere\u00e7o da LOCADORA na Avenida Evandro Lins e Silva, 840 \u2013 Sala 619 \u2013 Barra da Tijuca\/ RJ. Hor\u00e1rio: 08:30 \u00e0s 16:00.&nbsp;<\/span><\/p>\n<p><span style=\"font-weight: 400;\">Material s\u00f3 poder\u00e1 ser liberado, ap\u00f3s aprova\u00e7\u00e3o do cr\u00e9dito pelo nosso financeiro, ou a reserva por cau\u00e7\u00e3o. E ap\u00f3s a devolu\u00e7\u00e3o do contrato de loca\u00e7\u00e3o devidamente assinado.&nbsp;<\/span><\/p>\n<p><span style=\"font-weight: 400;\">Modalidade de loca\u00e7\u00e3o atrav\u00e9s de cau\u00e7\u00e3o consiste em transfer\u00eancia antecipada do valor do bem locado (valor do item relacionado acima), que ficar\u00e1 retido em nossa empresa at\u00e9 a devolu\u00e7\u00e3o dos bens locados . Ao devolver o bem locado, far\u00edamos a devolu\u00e7\u00e3o do cau\u00e7\u00e3o abatido do valor do servi\u00e7o de loca\u00e7\u00e3o.<\/span><\/p>\t\t\t\t\t\t<\/div>\n\t\t\t\t<\/div>\n\t\t\t\t<div class=\"elementor-element elementor-element-28872dd elementor-widget elementor-widget-image\" data-id=\"28872dd\" data-element_type=\"widget\" data-widget_type=\"image.default\">\n\t\t\t\t<div class=\"elementor-widget-container\">\n\t\t\t\t\t\t\t\t\t\t\t\t\t\t\t\t<a href=\"https:\/\/sitestemporarios.com.br\/percon\/wp-content\/uploads\/2022\/05\/fluke-28.jpg\" data-elementor-open-lightbox=\"yes\" data-elementor-lightbox-title=\"FLUKE-28II\" data-e-action-hash=\"#elementor-action%3Aaction%3Dlightbox%26settings%3DeyJpZCI6NTI3NDEsInVybCI6Imh0dHBzOlwvXC9hY2Vzc29wZXJjb24uY29tLmJyXC9wZXJjb25cL3dwLWNvbnRlbnRcL3VwbG9hZHNcLzIwMjJcLzA1XC9mbHVrZS0yOC5qcGcifQ%3D%3D\">\n\t\t\t\t\t\t\t<img decoding=\"async\" width=\"300\" height=\"200\" src=\"https:\/\/acessopercon.com.br\/percon\/wp-content\/uploads\/2022\/05\/fluke-28-300x200.jpg\" class=\"attachment-medium size-medium wp-image-52741\" alt=\"\" srcset=\"https:\/\/acessopercon.com.br\/percon\/wp-content\/uploads\/2022\/05\/fluke-28-300x200.jpg 300w, https:\/\/acessopercon.com.br\/percon\/wp-content\/uploads\/2022\/05\/fluke-28-768x511.jpg 768w, https:\/\/acessopercon.com.br\/percon\/wp-content\/uploads\/2022\/05\/fluke-28.jpg 800w\" sizes=\"(max-width: 300px) 100vw, 300px\" \/>\t\t\t\t\t\t\t\t<\/a>\n\t\t\t\t\t\t\t\t\t\t\t\t\t\t\t<\/div>\n\t\t\t\t<\/div>\n\t\t\t\t<div class=\"elementor-element elementor-element-191dc6c elementor-widget elementor-widget-text-editor\" data-id=\"191dc6c\" data-element_type=\"widget\" data-widget_type=\"text-editor.default\">\n\t\t\t\t<div class=\"elementor-widget-container\">\n\t\t\t\t\t\t\t<p style=\"text-align: center;\"><b>C\u00c2MERA DIGITAL COMPACTA E T\u00c9RMICA COM CERTIFICA\u00c7\u00c3O MET: TOUGHPIX DIGITHERM TP3rEx (EUA)<\/b><\/p><p><span style=\"font-weight: 400;\">A CorDEX Instruments apresenta a TOUGHPIX DIGITHERM TP3rEx (US), uma c\u00e2mera de imagem digital compacta, intrinsecamente segura e com funcionamento total. Esta \u00faltima edi\u00e7\u00e3o de TOUGHPIX DIGITHERM, possui as mesmas caracter\u00edsticas centrais da op\u00e7\u00e3o certificada pela ATEX, mas com o benef\u00edcio adicional de manter a certifica\u00e7\u00e3o Classe I, Divis\u00e3o 2 da MET para o mercado norte-americano.\u00a0<\/span><\/p><p><span style=\"font-weight: 400;\">Testado at\u00e9 os extremos, cada componente do TOUGHPIX DIGITHERM foi selecionado com um objetivo em mente, qualidade que \u00e9 constru\u00edda para durar. De ser congelado a -14 \u00b0 C e cair de um metro at\u00e9 ser bombardeado com \u00e1gua e sujeira como parte do l\u00edder da ind\u00fastria. Teste de prote\u00e7\u00e3o de ingresso.\u00a0<\/span><\/p><p><span style=\"font-weight: 400;\">&#8211; TOUGHPIX DIGITHERM foi levado a extremos.<br \/><\/span><span style=\"font-weight: 400;\">&#8211; NRTL listados para Classe I, Divis\u00e3o 2, Grupos A, B, C, D, T4, Classe I, Zona 1, AEx ib IIC T4<br \/><\/span><span style=\"font-weight: 400;\">&#8211; Mistura t\u00e9rmica adaptativa<br \/><\/span><span style=\"font-weight: 400;\">&#8211; C\u00e2mera digital de 5 megapixels com foco autom\u00e1tico e motorizado. Capture imagens visuais de alta resolu\u00e7\u00e3o<br \/>&#8211; <\/span>Flash LED Ultrabright\u00a0<br \/>&#8211; Fabricado a partir de alum\u00ednio leve, mas resistente, para aeronaves, o TOUGHPIX DIGITHERM pesa menos de 13.040z\u00a0<br \/>&#8211; WIFI Fa\u00e7a o download de imagens diretamente atrav\u00e9s de um servidor web integrado.\u00a0<br \/>&#8211; Bateria remov\u00edvel recarreg\u00e1vel\u00a0<br \/>&#8211; Flash LED potente para imagens de baixa luminosidade\u00a0<br \/>&#8211; Design compacto elegante e robusto\u00a0<br \/>&#8211; Grava\u00e7\u00e3o acionada por alarme\u00a0<br \/>&#8211; Bot\u00f5es de toque suave para facilidade de uso\u00a0<br \/>&#8211; Nunca fique sem mem\u00f3ria gra\u00e7as ao cart\u00e3o de mem\u00f3ria CorDEX remov\u00edvel<br \/>&#8211; <span style=\"color: var( --e-global-color-text ); font-family: var( --e-global-typography-text-font-family ), Sans-serif; text-align: center; word-spacing: 0.1em;\">Foco \u00f3ptico motorizado<\/span><\/p>\t\t\t\t\t\t<\/div>\n\t\t\t\t<\/div>\n\t\t\t\t<div class=\"elementor-element elementor-element-4c48132 elementor-widget elementor-widget-image\" data-id=\"4c48132\" data-element_type=\"widget\" data-widget_type=\"image.default\">\n\t\t\t\t<div class=\"elementor-widget-container\">\n\t\t\t\t\t\t\t\t\t\t\t\t\t\t\t\t<a href=\"https:\/\/sitestemporarios.com.br\/percon\/wp-content\/uploads\/2022\/05\/camera-digital-compacta-e-termica-com-certificacao-met.png\" data-elementor-open-lightbox=\"yes\" data-elementor-lightbox-title=\"camera-digital-compacta-e-termica-com-certificacao-met\" data-e-action-hash=\"#elementor-action%3Aaction%3Dlightbox%26settings%3DeyJpZCI6NTI5NTUsInVybCI6Imh0dHBzOlwvXC9hY2Vzc29wZXJjb24uY29tLmJyXC9wZXJjb25cL3dwLWNvbnRlbnRcL3VwbG9hZHNcLzIwMjJcLzA1XC9jYW1lcmEtZGlnaXRhbC1jb21wYWN0YS1lLXRlcm1pY2EtY29tLWNlcnRpZmljYWNhby1tZXQucG5nIn0%3D\">\n\t\t\t\t\t\t\t<img loading=\"lazy\" decoding=\"async\" width=\"300\" height=\"152\" src=\"https:\/\/acessopercon.com.br\/percon\/wp-content\/uploads\/2022\/05\/camera-digital-compacta-e-termica-com-certificacao-met.png\" class=\"attachment-full size-full wp-image-52955\" alt=\"\" \/>\t\t\t\t\t\t\t\t<\/a>\n\t\t\t\t\t\t\t\t\t\t\t\t\t\t\t<\/div>\n\t\t\t\t<\/div>\n\t\t\t\t\t<\/div>\n\t\t<\/div>\n\t\t\t\t\t\t\t<\/div>\n\t\t<\/section>\n\t\t\t\t\t\t\t<\/div>\n\t\t","protected":false},"excerpt":{"rendered":"<p>LOCA\u00c7\u00c3O DE DETECTORES DE GASES OP\u00c7\u00c3O 01) Detector de gases, modelo: GasAlertMicroClip XL ou VENTIS MX4 (04 gases para NR-33 \u2013 CO \u2013 O2 \u2013 H2S \u2013 LEL, \u201csem\u201d bomba de suc\u00e7\u00e3o), Equipamento com especifica\u00e7\u00f5es aprovadas pelas Normas Brasileiras (NR33), o mesmo possui chancelado de fabrica o selo do INMETRO. Nossos detectores j\u00e1 s\u00e3o fornecidos [&hellip;]<\/p>\n","protected":false},"author":4,"featured_media":0,"parent":0,"menu_order":0,"comment_status":"open","ping_status":"closed","template":"elementor_header_footer","meta":{"footnotes":""},"_links":{"self":[{"href":"https:\/\/acessopercon.com.br\/percon\/wp-json\/wp\/v2\/pages\/52120"}],"collection":[{"href":"https:\/\/acessopercon.com.br\/percon\/wp-json\/wp\/v2\/pages"}],"about":[{"href":"https:\/\/acessopercon.com.br\/percon\/wp-json\/wp\/v2\/types\/page"}],"author":[{"embeddable":true,"href":"https:\/\/acessopercon.com.br\/percon\/wp-json\/wp\/v2\/users\/4"}],"replies":[{"embeddable":true,"href":"https:\/\/acessopercon.com.br\/percon\/wp-json\/wp\/v2\/comments?post=52120"}],"version-history":[{"count":81,"href":"https:\/\/acessopercon.com.br\/percon\/wp-json\/wp\/v2\/pages\/52120\/revisions"}],"predecessor-version":[{"id":53596,"href":"https:\/\/acessopercon.com.br\/percon\/wp-json\/wp\/v2\/pages\/52120\/revisions\/53596"}],"wp:attachment":[{"href":"https:\/\/acessopercon.com.br\/percon\/wp-json\/wp\/v2\/media?parent=52120"}],"curies":[{"name":"wp","href":"https:\/\/api.w.org\/{rel}","templated":true}]}}