{"id":52050,"date":"2022-05-06T03:30:10","date_gmt":"2022-05-06T03:30:10","guid":{"rendered":"https:\/\/sitestemporarios.com.br\/percon\/?page_id=52050"},"modified":"2022-05-27T23:32:38","modified_gmt":"2022-05-27T23:32:38","slug":"industria-4-0-monitoramento-ao-vivo-safer-one","status":"publish","type":"page","link":"https:\/\/acessopercon.com.br\/percon\/industria-4-0-monitoramento-ao-vivo-safer-one\/","title":{"rendered":"Ind\u00fastria 4.0 (monitoramento ao vivo, Safer One)"},"content":{"rendered":"\t\t<div data-elementor-type=\"wp-page\" data-elementor-id=\"52050\" class=\"elementor elementor-52050\">\n\t\t\t\t\t\t\t\t\t<section class=\"elementor-section elementor-top-section elementor-element elementor-element-6efe7e52 elementor-section-boxed elementor-section-height-default elementor-section-height-default\" data-id=\"6efe7e52\" data-element_type=\"section\">\n\t\t\t\t\t\t<div class=\"elementor-container elementor-column-gap-default\">\n\t\t\t\t\t<div class=\"elementor-column elementor-col-100 elementor-top-column elementor-element elementor-element-34d1c04\" data-id=\"34d1c04\" data-element_type=\"column\">\n\t\t\t<div class=\"elementor-widget-wrap elementor-element-populated\">\n\t\t\t\t\t\t\t\t<div class=\"elementor-element elementor-element-66d63eb elementor-widget elementor-widget-heading\" data-id=\"66d63eb\" data-element_type=\"widget\" data-widget_type=\"heading.default\">\n\t\t\t\t<div class=\"elementor-widget-container\">\n\t\t\t<h2 class=\"elementor-heading-title elementor-size-default\">Ind\u00fastria 4.0<\/h2>\t\t<\/div>\n\t\t\t\t<\/div>\n\t\t\t\t<div class=\"elementor-element elementor-element-7d802df8 elementor-widget elementor-widget-text-editor\" data-id=\"7d802df8\" data-element_type=\"widget\" data-widget_type=\"text-editor.default\">\n\t\t\t\t<div class=\"elementor-widget-container\">\n\t\t\t\t\t\t\t<p>Simplifique todos os aspectos do seu programa de detec\u00e7\u00e3o de g\u00e1s com as solu\u00e7\u00f5es envolvendo servi\u00e7os por assinatura, que possibilitem uma resposta r\u00e1pida e eficaz em caso de emerg\u00eancia, al\u00e9m de permitir a visibilidade das condi\u00e7\u00f5es do local de trabalho, e o comportamento do trabalhador em tempo real.<\/p><p>Promova melhorias de seguran\u00e7a, trabalhando na preven\u00e7\u00e3o dos riscos, corrigindo comportamentos, procedimentos, e at\u00e9 mesmo o processo, pautado em dados (tempo de exposi\u00e7\u00e3o &#8211; n\u00edvel de exposi\u00e7\u00e3o &#8211; tipo de risco &#8211; localiza\u00e7\u00e3o &#8211; nome do colaborador &#8211; e muito mais).<\/p>\t\t\t\t\t\t<\/div>\n\t\t\t\t<\/div>\n\t\t\t\t<section class=\"elementor-section elementor-inner-section elementor-element elementor-element-fe2324a elementor-section-boxed elementor-section-height-default elementor-section-height-default\" data-id=\"fe2324a\" data-element_type=\"section\">\n\t\t\t\t\t\t<div class=\"elementor-container elementor-column-gap-default\">\n\t\t\t\t\t<div class=\"elementor-column elementor-col-50 elementor-inner-column elementor-element elementor-element-c8c53ab\" data-id=\"c8c53ab\" data-element_type=\"column\">\n\t\t\t<div class=\"elementor-widget-wrap elementor-element-populated\">\n\t\t\t\t\t\t\t\t<div class=\"elementor-element elementor-element-b1c1dc5 elementor-widget elementor-widget-heading\" data-id=\"b1c1dc5\" data-element_type=\"widget\" data-widget_type=\"heading.default\">\n\t\t\t\t<div class=\"elementor-widget-container\">\n\t\t\t<h2 class=\"elementor-heading-title elementor-size-default\">SAFER ONE<\/h2>\t\t<\/div>\n\t\t\t\t<\/div>\n\t\t\t\t<div class=\"elementor-element elementor-element-5dac0ef elementor-widget elementor-widget-spacer\" data-id=\"5dac0ef\" data-element_type=\"widget\" data-widget_type=\"spacer.default\">\n\t\t\t\t<div class=\"elementor-widget-container\">\n\t\t\t\t\t<div class=\"elementor-spacer\">\n\t\t\t<div class=\"elementor-spacer-inner\"><\/div>\n\t\t<\/div>\n\t\t\t\t<\/div>\n\t\t\t\t<\/div>\n\t\t\t\t<div class=\"elementor-element elementor-element-a08a5fe elementor-widget elementor-widget-image\" data-id=\"a08a5fe\" data-element_type=\"widget\" data-widget_type=\"image.default\">\n\t\t\t\t<div class=\"elementor-widget-container\">\n\t\t\t\t\t\t\t\t\t\t\t\t\t\t\t<img fetchpriority=\"high\" decoding=\"async\" width=\"800\" height=\"532\" src=\"https:\/\/acessopercon.com.br\/percon\/wp-content\/uploads\/2022\/05\/safer-one-detecto-de-gas.jpg\" class=\"attachment-full size-full wp-image-52537\" alt=\"\" srcset=\"https:\/\/acessopercon.com.br\/percon\/wp-content\/uploads\/2022\/05\/safer-one-detecto-de-gas.jpg 800w, https:\/\/acessopercon.com.br\/percon\/wp-content\/uploads\/2022\/05\/safer-one-detecto-de-gas-300x200.jpg 300w, https:\/\/acessopercon.com.br\/percon\/wp-content\/uploads\/2022\/05\/safer-one-detecto-de-gas-768x511.jpg 768w\" sizes=\"(max-width: 800px) 100vw, 800px\" \/>\t\t\t\t\t\t\t\t\t\t\t\t\t\t\t<\/div>\n\t\t\t\t<\/div>\n\t\t\t\t\t<\/div>\n\t\t<\/div>\n\t\t\t\t<div class=\"elementor-column elementor-col-50 elementor-inner-column elementor-element elementor-element-86dd524\" data-id=\"86dd524\" data-element_type=\"column\">\n\t\t\t<div class=\"elementor-widget-wrap elementor-element-populated\">\n\t\t\t\t\t\t\t\t<div class=\"elementor-element elementor-element-59010b8 elementor-widget elementor-widget-heading\" data-id=\"59010b8\" data-element_type=\"widget\" data-widget_type=\"heading.default\">\n\t\t\t\t<div class=\"elementor-widget-container\">\n\t\t\t<h2 class=\"elementor-heading-title elementor-size-default\">INET NOW<\/h2>\t\t<\/div>\n\t\t\t\t<\/div>\n\t\t\t\t<div class=\"elementor-element elementor-element-49b2c77 elementor-widget elementor-widget-spacer\" data-id=\"49b2c77\" data-element_type=\"widget\" data-widget_type=\"spacer.default\">\n\t\t\t\t<div class=\"elementor-widget-container\">\n\t\t\t\t\t<div class=\"elementor-spacer\">\n\t\t\t<div class=\"elementor-spacer-inner\"><\/div>\n\t\t<\/div>\n\t\t\t\t<\/div>\n\t\t\t\t<\/div>\n\t\t\t\t<div class=\"elementor-element elementor-element-d673fdf elementor-widget elementor-widget-image\" data-id=\"d673fdf\" data-element_type=\"widget\" data-widget_type=\"image.default\">\n\t\t\t\t<div class=\"elementor-widget-container\">\n\t\t\t\t\t\t\t\t\t\t\t\t\t\t\t<img decoding=\"async\" width=\"800\" height=\"532\" src=\"https:\/\/acessopercon.com.br\/percon\/wp-content\/uploads\/2022\/05\/inet-percon-detector-de-gas.jpg\" class=\"attachment-full size-full wp-image-52538\" alt=\"\" srcset=\"https:\/\/acessopercon.com.br\/percon\/wp-content\/uploads\/2022\/05\/inet-percon-detector-de-gas.jpg 800w, https:\/\/acessopercon.com.br\/percon\/wp-content\/uploads\/2022\/05\/inet-percon-detector-de-gas-300x200.jpg 300w, https:\/\/acessopercon.com.br\/percon\/wp-content\/uploads\/2022\/05\/inet-percon-detector-de-gas-768x511.jpg 768w\" sizes=\"(max-width: 800px) 100vw, 800px\" \/>\t\t\t\t\t\t\t\t\t\t\t\t\t\t\t<\/div>\n\t\t\t\t<\/div>\n\t\t\t\t\t<\/div>\n\t\t<\/div>\n\t\t\t\t\t\t\t<\/div>\n\t\t<\/section>\n\t\t\t\t\t<\/div>\n\t\t<\/div>\n\t\t\t\t\t\t\t<\/div>\n\t\t<\/section>\n\t\t\t\t\t\t\t<\/div>\n\t\t","protected":false},"excerpt":{"rendered":"<p>Ind\u00fastria 4.0 Simplifique todos os aspectos do seu programa de detec\u00e7\u00e3o de g\u00e1s com as solu\u00e7\u00f5es envolvendo servi\u00e7os por assinatura, que possibilitem uma resposta r\u00e1pida e eficaz em caso de emerg\u00eancia, al\u00e9m de permitir a visibilidade das condi\u00e7\u00f5es do local de trabalho, e o comportamento do trabalhador em tempo real. Promova melhorias de seguran\u00e7a, trabalhando [&hellip;]<\/p>\n","protected":false},"author":4,"featured_media":0,"parent":0,"menu_order":0,"comment_status":"open","ping_status":"closed","template":"elementor_header_footer","meta":{"footnotes":""},"_links":{"self":[{"href":"https:\/\/acessopercon.com.br\/percon\/wp-json\/wp\/v2\/pages\/52050"}],"collection":[{"href":"https:\/\/acessopercon.com.br\/percon\/wp-json\/wp\/v2\/pages"}],"about":[{"href":"https:\/\/acessopercon.com.br\/percon\/wp-json\/wp\/v2\/types\/page"}],"author":[{"embeddable":true,"href":"https:\/\/acessopercon.com.br\/percon\/wp-json\/wp\/v2\/users\/4"}],"replies":[{"embeddable":true,"href":"https:\/\/acessopercon.com.br\/percon\/wp-json\/wp\/v2\/comments?post=52050"}],"version-history":[{"count":37,"href":"https:\/\/acessopercon.com.br\/percon\/wp-json\/wp\/v2\/pages\/52050\/revisions"}],"predecessor-version":[{"id":53536,"href":"https:\/\/acessopercon.com.br\/percon\/wp-json\/wp\/v2\/pages\/52050\/revisions\/53536"}],"wp:attachment":[{"href":"https:\/\/acessopercon.com.br\/percon\/wp-json\/wp\/v2\/media?parent=52050"}],"curies":[{"name":"wp","href":"https:\/\/api.w.org\/{rel}","templated":true}]}}