{"id":51824,"date":"2022-04-28T04:22:23","date_gmt":"2022-04-28T04:22:23","guid":{"rendered":"https:\/\/sitestemporarios.com.br\/percon\/?page_id=51824"},"modified":"2024-01-19T15:44:58","modified_gmt":"2024-01-19T18:44:58","slug":"treinamentos","status":"publish","type":"page","link":"https:\/\/acessopercon.com.br\/percon\/treinamentos\/","title":{"rendered":"Treinamentos"},"content":{"rendered":"\t\t<div data-elementor-type=\"wp-page\" data-elementor-id=\"51824\" class=\"elementor elementor-51824\">\n\t\t\t\t\t\t\t\t\t<section class=\"elementor-section elementor-top-section elementor-element elementor-element-6efe7e52 elementor-section-boxed elementor-section-height-default elementor-section-height-default\" data-id=\"6efe7e52\" data-element_type=\"section\">\n\t\t\t\t\t\t<div class=\"elementor-container elementor-column-gap-default\">\n\t\t\t\t\t<div class=\"elementor-column elementor-col-100 elementor-top-column elementor-element elementor-element-34d1c04\" data-id=\"34d1c04\" data-element_type=\"column\">\n\t\t\t<div class=\"elementor-widget-wrap elementor-element-populated\">\n\t\t\t\t\t\t\t\t<div class=\"elementor-element elementor-element-66d63eb elementor-widget elementor-widget-heading\" data-id=\"66d63eb\" data-element_type=\"widget\" data-widget_type=\"heading.default\">\n\t\t\t\t<div class=\"elementor-widget-container\">\n\t\t\t<h2 class=\"elementor-heading-title elementor-size-default\">Treinamentos<\/h2>\t\t<\/div>\n\t\t\t\t<\/div>\n\t\t\t\t<div class=\"elementor-element elementor-element-7d802df8 elementor-widget elementor-widget-text-editor\" data-id=\"7d802df8\" data-element_type=\"widget\" data-widget_type=\"text-editor.default\">\n\t\t\t\t<div class=\"elementor-widget-container\">\n\t\t\t\t\t\t\t<p>Acompanhe todos os nossos treinamentos de forma simples e pr\u00e1tica atrav\u00e9s de nosso <a href=\"https:\/\/www.youtube.com\/user\/PERCONTECNOLOGIA\" target=\"_blank\" rel=\"noopener\">Canal, Grupo PerCon<\/a>, estaremos constantemente atualizando e postando v\u00eddeos de treinamentos virtuais de nossos instrumentos e novas tecnologias do mercado, inscreva-se em nosso canal e fique por dentro das principais inova\u00e7\u00f5es do mercado de teste e medi\u00e7\u00e3o.<\/p><p>Deixamos aqui tamb\u00e9m um contato para novas sugest\u00f5es de treinamentos a serem produzidos e postados para voc\u00eas. Envie-nos um pedido atrav\u00e9s de nossa pagina no <a href=\"https:\/\/www.linkedin.com\/company\/percon-tecnologia\" target=\"_blank\" rel=\"noopener\">Linkedin<\/a>.<\/p>\t\t\t\t\t\t<\/div>\n\t\t\t\t<\/div>\n\t\t\t\t<section class=\"elementor-section elementor-inner-section elementor-element elementor-element-51f73f1 elementor-section-boxed elementor-section-height-default elementor-section-height-default\" data-id=\"51f73f1\" data-element_type=\"section\">\n\t\t\t\t\t\t<div class=\"elementor-container elementor-column-gap-default\">\n\t\t\t\t\t<div class=\"elementor-column elementor-col-50 elementor-inner-column elementor-element elementor-element-f3dfe7d\" data-id=\"f3dfe7d\" data-element_type=\"column\">\n\t\t\t<div class=\"elementor-widget-wrap elementor-element-populated\">\n\t\t\t\t\t\t\t\t<div class=\"elementor-element elementor-element-249eed5 elementor-widget elementor-widget-video\" data-id=\"249eed5\" data-element_type=\"widget\" data-settings=\"{&quot;youtube_url&quot;:&quot;https:\\\/\\\/youtu.be\\\/jp5Ez0RwW5o&quot;,&quot;video_type&quot;:&quot;youtube&quot;,&quot;controls&quot;:&quot;yes&quot;}\" data-widget_type=\"video.default\">\n\t\t\t\t<div class=\"elementor-widget-container\">\n\t\t\t\t\t<div class=\"elementor-wrapper elementor-open-inline\">\n\t\t\t<div class=\"elementor-video\"><\/div>\t\t<\/div>\n\t\t\t\t<\/div>\n\t\t\t\t<\/div>\n\t\t\t\t<div class=\"elementor-element elementor-element-1f416a8 elementor-widget elementor-widget-spacer\" data-id=\"1f416a8\" data-element_type=\"widget\" data-widget_type=\"spacer.default\">\n\t\t\t\t<div class=\"elementor-widget-container\">\n\t\t\t\t\t<div class=\"elementor-spacer\">\n\t\t\t<div class=\"elementor-spacer-inner\"><\/div>\n\t\t<\/div>\n\t\t\t\t<\/div>\n\t\t\t\t<\/div>\n\t\t\t\t\t<\/div>\n\t\t<\/div>\n\t\t\t\t<div class=\"elementor-column elementor-col-50 elementor-inner-column elementor-element elementor-element-64cf87b\" data-id=\"64cf87b\" data-element_type=\"column\">\n\t\t\t<div class=\"elementor-widget-wrap elementor-element-populated\">\n\t\t\t\t\t\t\t\t<div class=\"elementor-element elementor-element-f592696 elementor-widget elementor-widget-video\" data-id=\"f592696\" data-element_type=\"widget\" data-settings=\"{&quot;youtube_url&quot;:&quot;https:\\\/\\\/youtu.be\\\/HUZn0Dd99Ps?si=jLKgEBSMT2swmPVc&quot;,&quot;video_type&quot;:&quot;youtube&quot;,&quot;controls&quot;:&quot;yes&quot;}\" data-widget_type=\"video.default\">\n\t\t\t\t<div class=\"elementor-widget-container\">\n\t\t\t\t\t<div class=\"elementor-wrapper elementor-open-inline\">\n\t\t\t<div class=\"elementor-video\"><\/div>\t\t<\/div>\n\t\t\t\t<\/div>\n\t\t\t\t<\/div>\n\t\t\t\t<div class=\"elementor-element elementor-element-f649ef9 elementor-widget elementor-widget-spacer\" data-id=\"f649ef9\" data-element_type=\"widget\" data-widget_type=\"spacer.default\">\n\t\t\t\t<div class=\"elementor-widget-container\">\n\t\t\t\t\t<div class=\"elementor-spacer\">\n\t\t\t<div class=\"elementor-spacer-inner\"><\/div>\n\t\t<\/div>\n\t\t\t\t<\/div>\n\t\t\t\t<\/div>\n\t\t\t\t\t<\/div>\n\t\t<\/div>\n\t\t\t\t\t\t\t<\/div>\n\t\t<\/section>\n\t\t\t\t<div class=\"elementor-element elementor-element-fc93bc8 elementor-widget elementor-widget-text-editor\" data-id=\"fc93bc8\" data-element_type=\"widget\" data-widget_type=\"text-editor.default\">\n\t\t\t\t<div class=\"elementor-widget-container\">\n\t\t\t\t\t\t\t<p>Para maiores informa\u00e7\u00f5es sobre treinamentos e nossos produtos, como: detectores de gases, oscilosc\u00f3pios ,mult\u00edmetros, bancadas, m\u00f3dulos did\u00e1ticos e entre outros, contate-nos: (21) 2596-8369.<\/p>\t\t\t\t\t\t<\/div>\n\t\t\t\t<\/div>\n\t\t\t\t\t<\/div>\n\t\t<\/div>\n\t\t\t\t\t\t\t<\/div>\n\t\t<\/section>\n\t\t\t\t\t\t\t<\/div>\n\t\t","protected":false},"excerpt":{"rendered":"<p>Treinamentos Acompanhe todos os nossos treinamentos de forma simples e pr\u00e1tica atrav\u00e9s de nosso Canal, Grupo PerCon, estaremos constantemente atualizando e postando v\u00eddeos de treinamentos virtuais de nossos instrumentos e novas tecnologias do mercado, inscreva-se em nosso canal e fique por dentro das principais inova\u00e7\u00f5es do mercado de teste e medi\u00e7\u00e3o. Deixamos aqui tamb\u00e9m um [&hellip;]<\/p>\n","protected":false},"author":4,"featured_media":0,"parent":0,"menu_order":0,"comment_status":"open","ping_status":"closed","template":"elementor_header_footer","meta":{"footnotes":""},"_links":{"self":[{"href":"https:\/\/acessopercon.com.br\/percon\/wp-json\/wp\/v2\/pages\/51824"}],"collection":[{"href":"https:\/\/acessopercon.com.br\/percon\/wp-json\/wp\/v2\/pages"}],"about":[{"href":"https:\/\/acessopercon.com.br\/percon\/wp-json\/wp\/v2\/types\/page"}],"author":[{"embeddable":true,"href":"https:\/\/acessopercon.com.br\/percon\/wp-json\/wp\/v2\/users\/4"}],"replies":[{"embeddable":true,"href":"https:\/\/acessopercon.com.br\/percon\/wp-json\/wp\/v2\/comments?post=51824"}],"version-history":[{"count":40,"href":"https:\/\/acessopercon.com.br\/percon\/wp-json\/wp\/v2\/pages\/51824\/revisions"}],"predecessor-version":[{"id":55286,"href":"https:\/\/acessopercon.com.br\/percon\/wp-json\/wp\/v2\/pages\/51824\/revisions\/55286"}],"wp:attachment":[{"href":"https:\/\/acessopercon.com.br\/percon\/wp-json\/wp\/v2\/media?parent=51824"}],"curies":[{"name":"wp","href":"https:\/\/api.w.org\/{rel}","templated":true}]}}