{"id":47164,"date":"2018-06-06T18:12:20","date_gmt":"2018-06-06T18:12:20","guid":{"rendered":"http:\/\/acessopercon.com.br\/percon\/?page_id=47164"},"modified":"2022-05-27T23:42:55","modified_gmt":"2022-05-27T23:42:55","slug":"gases-aplicacoes-e-produtos","status":"publish","type":"page","link":"https:\/\/acessopercon.com.br\/percon\/gases-aplicacoes-e-produtos\/","title":{"rendered":"Gases, aplica\u00e7\u00f5es e produtos"},"content":{"rendered":"\t\t<div data-elementor-type=\"wp-page\" data-elementor-id=\"47164\" class=\"elementor elementor-47164\">\n\t\t\t\t\t\t\t\t\t<section class=\"elementor-section elementor-top-section elementor-element elementor-element-254b3b0d elementor-section-boxed elementor-section-height-default elementor-section-height-default\" data-id=\"254b3b0d\" data-element_type=\"section\">\n\t\t\t\t\t\t<div class=\"elementor-container elementor-column-gap-default\">\n\t\t\t\t\t<div class=\"elementor-column elementor-col-100 elementor-top-column elementor-element elementor-element-68e82ecb\" data-id=\"68e82ecb\" data-element_type=\"column\">\n\t\t\t<div class=\"elementor-widget-wrap elementor-element-populated\">\n\t\t\t\t\t\t\t\t<div class=\"elementor-element elementor-element-470ae5c elementor-widget elementor-widget-heading\" data-id=\"470ae5c\" data-element_type=\"widget\" data-widget_type=\"heading.default\">\n\t\t\t\t<div class=\"elementor-widget-container\">\n\t\t\t<h2 class=\"elementor-heading-title elementor-size-default\">Gases, aplica\u00e7\u00f5es e produtos<\/h2>\t\t<\/div>\n\t\t\t\t<\/div>\n\t\t\t\t<div class=\"elementor-element elementor-element-68a3b46 elementor-widget elementor-widget-jet-posts\" data-id=\"68a3b46\" data-element_type=\"widget\" data-widget_type=\"jet-posts.default\">\n\t\t\t\t<div class=\"elementor-widget-container\">\n\t\t\t<div class=\"elementor-jet-posts jet-elements\"><div class=\"jet-posts col-row  jet-equal-cols\"><div class=\"jet-posts__item col-desk-3\">\n\t<div class=\"jet-posts__inner-box\"><div class=\"jet-posts__inner-content\"><h4 class=\"entry-title\"><a href=\"https:\/\/acessopercon.com.br\/percon\/monitores-de-area-radius-bz1\/\">Monitores de \u00e1rea Radius\u2122 BZ1<\/a><\/h4><div class=\"jet-more-wrap\"><a href=\"https:\/\/acessopercon.com.br\/percon\/monitores-de-area-radius-bz1\/\" class=\"btn btn-primary elementor-button elementor-size-md jet-more\"><span class=\"btn__text\">Mais detalhes<\/span><\/a><\/div><\/div><\/div>\n<\/div>\n<div class=\"jet-posts__item col-desk-3\">\n\t<div class=\"jet-posts__inner-box\"><div class=\"jet-posts__inner-content\"><h4 class=\"entry-title\"><a href=\"https:\/\/acessopercon.com.br\/percon\/analisador-de-gases-de-combustao-testo-330\/\">Analisador de gases de combust\u00e3o Testo 330<\/a><\/h4><div class=\"jet-more-wrap\"><a href=\"https:\/\/acessopercon.com.br\/percon\/analisador-de-gases-de-combustao-testo-330\/\" class=\"btn btn-primary elementor-button elementor-size-md jet-more\"><span class=\"btn__text\">Mais detalhes<\/span><\/a><\/div><\/div><\/div>\n<\/div>\n<div class=\"jet-posts__item col-desk-3\">\n\t<div class=\"jet-posts__inner-box\"><div class=\"jet-posts__inner-content\"><h4 class=\"entry-title\"><a href=\"https:\/\/acessopercon.com.br\/percon\/monitor-de-area-radius-bz1\/\">Monitor de \u00e1rea Radius BZ1<\/a><\/h4><div class=\"jet-more-wrap\"><a href=\"https:\/\/acessopercon.com.br\/percon\/monitor-de-area-radius-bz1\/\" class=\"btn btn-primary elementor-button elementor-size-md jet-more\"><span class=\"btn__text\">Mais detalhes<\/span><\/a><\/div><\/div><\/div>\n<\/div>\n<div class=\"jet-posts__item col-desk-3\">\n\t<div class=\"jet-posts__inner-box\"><div class=\"jet-posts__inner-content\"><h4 class=\"entry-title\"><a href=\"https:\/\/acessopercon.com.br\/percon\/analisador-de-gases-automotivos\/\">Analisador de gases automotivos 3433<\/a><\/h4><div class=\"jet-more-wrap\"><a href=\"https:\/\/acessopercon.com.br\/percon\/analisador-de-gases-automotivos\/\" class=\"btn btn-primary elementor-button elementor-size-md jet-more\"><span class=\"btn__text\">Mais detalhes<\/span><\/a><\/div><\/div><\/div>\n<\/div>\n<div class=\"jet-posts__item col-desk-3\">\n\t<div class=\"jet-posts__inner-box\"><div class=\"jet-posts__inner-content\"><h4 class=\"entry-title\"><a href=\"https:\/\/acessopercon.com.br\/percon\/monitoramento-de-gas\/\">Monitoramento de g\u00e1s foto ac\u00fastico INNOVA 1314i para aplica\u00e7\u00f5es fixas<\/a><\/h4><div class=\"jet-more-wrap\"><a href=\"https:\/\/acessopercon.com.br\/percon\/monitoramento-de-gas\/\" class=\"btn btn-primary elementor-button elementor-size-md jet-more\"><span class=\"btn__text\">Mais detalhes<\/span><\/a><\/div><\/div><\/div>\n<\/div>\n<div class=\"jet-posts__item col-desk-3\">\n\t<div class=\"jet-posts__inner-box\"><div class=\"jet-posts__inner-content\"><h4 class=\"entry-title\"><a href=\"https:\/\/acessopercon.com.br\/percon\/monitor-de-gas\/\">Monitoramento de g\u00e1s foto ac\u00fastico INNOVA 1314i para aplica\u00e7\u00f5es fixasfoto ac\u00fastico INNOVA 1512 para aplica\u00e7\u00f5es de campo<\/a><\/h4><div class=\"jet-more-wrap\"><a href=\"https:\/\/acessopercon.com.br\/percon\/monitor-de-gas\/\" class=\"btn btn-primary elementor-button elementor-size-md jet-more\"><span class=\"btn__text\">Mais detalhes<\/span><\/a><\/div><\/div><\/div>\n<\/div>\n<div class=\"jet-posts__item col-desk-3\">\n\t<div class=\"jet-posts__inner-box\"><div class=\"jet-posts__inner-content\"><h4 class=\"entry-title\"><a href=\"https:\/\/acessopercon.com.br\/percon\/analise-de-gas-dissolvido\/\">Analise de g\u00e1s dissolvido DGA em transformadores<\/a><\/h4><div class=\"jet-more-wrap\"><a href=\"https:\/\/acessopercon.com.br\/percon\/analise-de-gas-dissolvido\/\" class=\"btn btn-primary elementor-button elementor-size-md jet-more\"><span class=\"btn__text\">Mais detalhes<\/span><\/a><\/div><\/div><\/div>\n<\/div>\n<div class=\"jet-posts__item col-desk-3\">\n\t<div class=\"jet-posts__inner-box\"><div class=\"jet-posts__inner-content\"><h4 class=\"entry-title\"><a href=\"https:\/\/acessopercon.com.br\/percon\/monitor-de-gas-dissolvido-dga-smartdga-guide\/\">Monitor de g\u00e1s dissolvido DGA SmartDGA Guide\u2122<\/a><\/h4><div class=\"jet-more-wrap\"><a href=\"https:\/\/acessopercon.com.br\/percon\/monitor-de-gas-dissolvido-dga-smartdga-guide\/\" class=\"btn btn-primary elementor-button elementor-size-md jet-more\"><span class=\"btn__text\">Mais detalhes<\/span><\/a><\/div><\/div><\/div>\n<\/div>\n<div class=\"jet-posts__item col-desk-3\">\n\t<div class=\"jet-posts__inner-box\"><div class=\"jet-posts__inner-content\"><h4 class=\"entry-title\"><a href=\"https:\/\/acessopercon.com.br\/percon\/monitoramento-de-transformador\/\">Monitoramento de transformador DGA g\u00e1s dissolvido  SmartDGA Guard\u2122<\/a><\/h4><div class=\"jet-more-wrap\"><a href=\"https:\/\/acessopercon.com.br\/percon\/monitoramento-de-transformador\/\" class=\"btn btn-primary elementor-button elementor-size-md jet-more\"><span class=\"btn__text\">Mais detalhes<\/span><\/a><\/div><\/div><\/div>\n<\/div>\n<div class=\"jet-posts__item col-desk-3\">\n\t<div class=\"jet-posts__inner-box\"><div class=\"jet-posts__inner-content\"><h4 class=\"entry-title\"><a href=\"https:\/\/acessopercon.com.br\/percon\/monitor-dga\/\">Monitor DGA online para an\u00e1lise de g\u00e1s dissolvido SmartDGA Gauge\u2122<\/a><\/h4><div class=\"jet-more-wrap\"><a href=\"https:\/\/acessopercon.com.br\/percon\/monitor-dga\/\" class=\"btn btn-primary elementor-button elementor-size-md jet-more\"><span class=\"btn__text\">Mais detalhes<\/span><\/a><\/div><\/div><\/div>\n<\/div>\n<div class=\"jet-posts__item col-desk-3\">\n\t<div class=\"jet-posts__inner-box\"><div class=\"jet-posts__inner-content\"><h4 class=\"entry-title\"><a href=\"https:\/\/acessopercon.com.br\/percon\/gases\/\">Gases e an\u00e1lise com tecnologia de infravermelho n\u00e3o dispersivo (NDIR)<\/a><\/h4><div class=\"jet-more-wrap\"><a href=\"https:\/\/acessopercon.com.br\/percon\/gases\/\" class=\"btn btn-primary elementor-button elementor-size-md jet-more\"><span class=\"btn__text\">Mais detalhes<\/span><\/a><\/div><\/div><\/div>\n<\/div>\n<div class=\"jet-posts__item col-desk-3\">\n\t<div class=\"jet-posts__inner-box\"><div class=\"jet-posts__inner-content\"><h4 class=\"entry-title\"><a href=\"https:\/\/acessopercon.com.br\/percon\/espectroscopia-foto-acustica-pas-2\/\">Espectroscopia Foto ac\u00fastica (PAS)<\/a><\/h4><div class=\"jet-more-wrap\"><a href=\"https:\/\/acessopercon.com.br\/percon\/espectroscopia-foto-acustica-pas-2\/\" class=\"btn btn-primary elementor-button elementor-size-md jet-more\"><span class=\"btn__text\">Mais detalhes<\/span><\/a><\/div><\/div><\/div>\n<\/div>\n<div class=\"jet-posts__item col-desk-3\">\n\t<div class=\"jet-posts__inner-box\"><div class=\"jet-posts__inner-content\"><h4 class=\"entry-title\"><a href=\"https:\/\/acessopercon.com.br\/percon\/emissao-de-gases-monitoramento-e-teste\/\">Emiss\u00e3o de gases , monitoramento e teste<\/a><\/h4><div class=\"jet-more-wrap\"><a href=\"https:\/\/acessopercon.com.br\/percon\/emissao-de-gases-monitoramento-e-teste\/\" class=\"btn btn-primary elementor-button elementor-size-md jet-more\"><span class=\"btn__text\">Mais detalhes<\/span><\/a><\/div><\/div><\/div>\n<\/div>\n<div class=\"jet-posts__item col-desk-3\">\n\t<div class=\"jet-posts__inner-box\"><div class=\"jet-posts__inner-content\"><h4 class=\"entry-title\"><a href=\"https:\/\/acessopercon.com.br\/percon\/lumasense-no-brasil\/\">Lumasense no Brasil<\/a><\/h4><div class=\"jet-more-wrap\"><a href=\"https:\/\/acessopercon.com.br\/percon\/lumasense-no-brasil\/\" class=\"btn btn-primary elementor-button elementor-size-md jet-more\"><span class=\"btn__text\">Mais detalhes<\/span><\/a><\/div><\/div><\/div>\n<\/div>\n<div class=\"jet-posts__item col-desk-3\">\n\t<div class=\"jet-posts__inner-box\"><div class=\"jet-posts__inner-content\"><h4 class=\"entry-title\"><a href=\"https:\/\/acessopercon.com.br\/percon\/detector-a-prova-de-explosao-com-selo-do-inmetro\/\">Detector a prova de explos\u00e3o com selo do Inmetro<\/a><\/h4><div class=\"jet-more-wrap\"><a href=\"https:\/\/acessopercon.com.br\/percon\/detector-a-prova-de-explosao-com-selo-do-inmetro\/\" class=\"btn btn-primary elementor-button elementor-size-md jet-more\"><span class=\"btn__text\">Mais detalhes<\/span><\/a><\/div><\/div><\/div>\n<\/div>\n<div class=\"jet-posts__item col-desk-3\">\n\t<div class=\"jet-posts__inner-box\"><div class=\"jet-posts__inner-content\"><h4 class=\"entry-title\"><a href=\"https:\/\/acessopercon.com.br\/percon\/gas-inflamavel-detector-em-de-volume\/\">G\u00e1s inflam\u00e1vel - detector em % de volume<\/a><\/h4><div class=\"jet-more-wrap\"><a href=\"https:\/\/acessopercon.com.br\/percon\/gas-inflamavel-detector-em-de-volume\/\" class=\"btn btn-primary elementor-button elementor-size-md jet-more\"><span class=\"btn__text\">Mais detalhes<\/span><\/a><\/div><\/div><\/div>\n<\/div>\n<div class=\"jet-posts__item col-desk-3\">\n\t<div class=\"jet-posts__inner-box\"><div class=\"jet-posts__inner-content\"><h4 class=\"entry-title\"><a href=\"https:\/\/acessopercon.com.br\/percon\/detector-de-hidrogenio-h2\/\">Detector de hidrog\u00eanio H2<\/a><\/h4><div class=\"jet-more-wrap\"><a href=\"https:\/\/acessopercon.com.br\/percon\/detector-de-hidrogenio-h2\/\" class=\"btn btn-primary elementor-button elementor-size-md jet-more\"><span class=\"btn__text\">Mais detalhes<\/span><\/a><\/div><\/div><\/div>\n<\/div>\n<div class=\"jet-posts__item col-desk-3\">\n\t<div class=\"jet-posts__inner-box\"><div class=\"jet-posts__inner-content\"><h4 class=\"entry-title\"><a href=\"https:\/\/acessopercon.com.br\/percon\/detector-de-fosfina-ph3\/\">Detector de fosfina PH3<\/a><\/h4><div class=\"jet-more-wrap\"><a href=\"https:\/\/acessopercon.com.br\/percon\/detector-de-fosfina-ph3\/\" class=\"btn btn-primary elementor-button elementor-size-md jet-more\"><span class=\"btn__text\">Mais detalhes<\/span><\/a><\/div><\/div><\/div>\n<\/div>\n<div class=\"jet-posts__item col-desk-3\">\n\t<div class=\"jet-posts__inner-box\"><div class=\"jet-posts__inner-content\"><h4 class=\"entry-title\"><a href=\"https:\/\/acessopercon.com.br\/percon\/detector-de-dioxido-de-cloro-clo2\/\">Detector de di\u00f3xido de cloro ClO2<\/a><\/h4><div class=\"jet-more-wrap\"><a href=\"https:\/\/acessopercon.com.br\/percon\/detector-de-dioxido-de-cloro-clo2\/\" class=\"btn btn-primary elementor-button elementor-size-md jet-more\"><span class=\"btn__text\">Mais detalhes<\/span><\/a><\/div><\/div><\/div>\n<\/div>\n<div class=\"jet-posts__item col-desk-3\">\n\t<div class=\"jet-posts__inner-box\"><div class=\"jet-posts__inner-content\"><h4 class=\"entry-title\"><a href=\"https:\/\/acessopercon.com.br\/percon\/detector-de-gases-toxicos\/\">Detector de gases t\u00f3xicos<\/a><\/h4><div class=\"jet-more-wrap\"><a href=\"https:\/\/acessopercon.com.br\/percon\/detector-de-gases-toxicos\/\" class=\"btn btn-primary elementor-button elementor-size-md jet-more\"><span class=\"btn__text\">Mais detalhes<\/span><\/a><\/div><\/div><\/div>\n<\/div>\n<div class=\"jet-posts__item col-desk-3\">\n\t<div class=\"jet-posts__inner-box\"><div class=\"jet-posts__inner-content\"><h4 class=\"entry-title\"><a href=\"https:\/\/acessopercon.com.br\/percon\/detector-de-cianeto-de-hidrogenio-hcn\/\">Detector de cianeto de hidrog\u00eanio HCN<\/a><\/h4><div class=\"jet-more-wrap\"><a href=\"https:\/\/acessopercon.com.br\/percon\/detector-de-cianeto-de-hidrogenio-hcn\/\" class=\"btn btn-primary elementor-button elementor-size-md jet-more\"><span class=\"btn__text\">Mais detalhes<\/span><\/a><\/div><\/div><\/div>\n<\/div>\n<div class=\"jet-posts__item col-desk-3\">\n\t<div class=\"jet-posts__inner-box\"><div class=\"jet-posts__inner-content\"><h4 class=\"entry-title\"><a href=\"https:\/\/acessopercon.com.br\/percon\/detector-de-dioxido-de-nitrogenio-no2\/\">Detector de di\u00f3xido de nitrog\u00eanio NO2<\/a><\/h4><div class=\"jet-more-wrap\"><a href=\"https:\/\/acessopercon.com.br\/percon\/detector-de-dioxido-de-nitrogenio-no2\/\" class=\"btn btn-primary elementor-button elementor-size-md jet-more\"><span class=\"btn__text\">Mais detalhes<\/span><\/a><\/div><\/div><\/div>\n<\/div>\n<div class=\"jet-posts__item col-desk-3\">\n\t<div class=\"jet-posts__inner-box\"><div class=\"jet-posts__inner-content\"><h4 class=\"entry-title\"><a href=\"https:\/\/acessopercon.com.br\/percon\/detector-de-voc\/\">Detector de VOC ou COV - Compostos Org\u00e2nicos Vol\u00e1teis<\/a><\/h4><div class=\"jet-more-wrap\"><a href=\"https:\/\/acessopercon.com.br\/percon\/detector-de-voc\/\" class=\"btn btn-primary elementor-button elementor-size-md jet-more\"><span class=\"btn__text\">Mais detalhes<\/span><\/a><\/div><\/div><\/div>\n<\/div>\n<div class=\"jet-posts__item col-desk-3\">\n\t<div class=\"jet-posts__inner-box\"><div class=\"jet-posts__inner-content\"><h4 class=\"entry-title\"><a href=\"https:\/\/acessopercon.com.br\/percon\/detector-de-dioxido-de-carbono-co2\/\">Detector de di\u00f3xido de carbono CO2<\/a><\/h4><div class=\"jet-more-wrap\"><a href=\"https:\/\/acessopercon.com.br\/percon\/detector-de-dioxido-de-carbono-co2\/\" class=\"btn btn-primary elementor-button elementor-size-md jet-more\"><span class=\"btn__text\">Mais detalhes<\/span><\/a><\/div><\/div><\/div>\n<\/div>\n<div class=\"jet-posts__item col-desk-3\">\n\t<div class=\"jet-posts__inner-box\"><div class=\"jet-posts__inner-content\"><h4 class=\"entry-title\"><a href=\"https:\/\/acessopercon.com.br\/percon\/detector-de-inflamavel\/\">Detector de inflam\u00e1veis com resultados em % LEL<\/a><\/h4><div class=\"jet-more-wrap\"><a href=\"https:\/\/acessopercon.com.br\/percon\/detector-de-inflamavel\/\" class=\"btn btn-primary elementor-button elementor-size-md jet-more\"><span class=\"btn__text\">Mais detalhes<\/span><\/a><\/div><\/div><\/div>\n<\/div>\n<div class=\"jet-posts__item col-desk-3\">\n\t<div class=\"jet-posts__inner-box\"><div class=\"jet-posts__inner-content\"><h4 class=\"entry-title\"><a href=\"https:\/\/acessopercon.com.br\/percon\/detector-de-oxigenio\/\">Detector de oxig\u00eanio O2<\/a><\/h4><div class=\"jet-more-wrap\"><a href=\"https:\/\/acessopercon.com.br\/percon\/detector-de-oxigenio\/\" class=\"btn btn-primary elementor-button elementor-size-md jet-more\"><span class=\"btn__text\">Mais detalhes<\/span><\/a><\/div><\/div><\/div>\n<\/div>\n<div class=\"jet-posts__item col-desk-3\">\n\t<div class=\"jet-posts__inner-box\"><div class=\"jet-posts__inner-content\"><h4 class=\"entry-title\"><a href=\"https:\/\/acessopercon.com.br\/percon\/detector-de-amonia-nh3\/\">Detector de am\u00f4nia NH3<\/a><\/h4><div class=\"jet-more-wrap\"><a href=\"https:\/\/acessopercon.com.br\/percon\/detector-de-amonia-nh3\/\" class=\"btn btn-primary elementor-button elementor-size-md jet-more\"><span class=\"btn__text\">Mais detalhes<\/span><\/a><\/div><\/div><\/div>\n<\/div>\n<div class=\"jet-posts__item col-desk-3\">\n\t<div class=\"jet-posts__inner-box\"><div class=\"jet-posts__inner-content\"><h4 class=\"entry-title\"><a href=\"https:\/\/acessopercon.com.br\/percon\/explosimetro-detector-de-explosividade\/\">Explos\u00edmetro ou detector de explosividade<\/a><\/h4><div class=\"jet-more-wrap\"><a href=\"https:\/\/acessopercon.com.br\/percon\/explosimetro-detector-de-explosividade\/\" class=\"btn btn-primary elementor-button elementor-size-md jet-more\"><span class=\"btn__text\">Mais detalhes<\/span><\/a><\/div><\/div><\/div>\n<\/div>\n<div class=\"jet-posts__item col-desk-3\">\n\t<div class=\"jet-posts__inner-box\"><div class=\"jet-posts__inner-content\"><h4 class=\"entry-title\"><a href=\"https:\/\/acessopercon.com.br\/percon\/calibracao-de-detectores-de-amonia-nh3\/\">Calibra\u00e7\u00e3o de detectores de am\u00f4nia (NH3)<\/a><\/h4><div class=\"jet-more-wrap\"><a href=\"https:\/\/acessopercon.com.br\/percon\/calibracao-de-detectores-de-amonia-nh3\/\" class=\"btn btn-primary elementor-button elementor-size-md jet-more\"><span class=\"btn__text\">Mais detalhes<\/span><\/a><\/div><\/div><\/div>\n<\/div>\n<div class=\"jet-posts__item col-desk-3\">\n\t<div class=\"jet-posts__inner-box\"><div class=\"jet-posts__inner-content\"><h4 class=\"entry-title\"><a href=\"https:\/\/acessopercon.com.br\/percon\/calibracao-de-detectores-de-voc\/\">Calibra\u00e7\u00e3o de detectores de VOC<\/a><\/h4><div class=\"jet-more-wrap\"><a href=\"https:\/\/acessopercon.com.br\/percon\/calibracao-de-detectores-de-voc\/\" class=\"btn btn-primary elementor-button elementor-size-md jet-more\"><span class=\"btn__text\">Mais detalhes<\/span><\/a><\/div><\/div><\/div>\n<\/div>\n<\/div>\n<\/div>\t\t<\/div>\n\t\t\t\t<\/div>\n\t\t\t\t\t<\/div>\n\t\t<\/div>\n\t\t\t\t\t\t\t<\/div>\n\t\t<\/section>\n\t\t\t\t\t\t\t<\/div>\n\t\t","protected":false},"excerpt":{"rendered":"<p>Gases, aplica\u00e7\u00f5es e produtos Monitores de \u00e1rea Radius\u2122 BZ1 Mais detalhes Analisador de gases de combust\u00e3o Testo 330 Mais detalhes Monitor de \u00e1rea Radius BZ1 Mais detalhes Analisador de gases automotivos 3433 Mais detalhes Monitoramento de g\u00e1s foto ac\u00fastico INNOVA 1314i para aplica\u00e7\u00f5es fixas Mais detalhes Monitoramento de g\u00e1s foto ac\u00fastico INNOVA 1314i para aplica\u00e7\u00f5es [&hellip;]<\/p>\n","protected":false},"author":4,"featured_media":0,"parent":0,"menu_order":0,"comment_status":"closed","ping_status":"closed","template":"elementor_header_footer","meta":{"footnotes":""},"_links":{"self":[{"href":"https:\/\/acessopercon.com.br\/percon\/wp-json\/wp\/v2\/pages\/47164"}],"collection":[{"href":"https:\/\/acessopercon.com.br\/percon\/wp-json\/wp\/v2\/pages"}],"about":[{"href":"https:\/\/acessopercon.com.br\/percon\/wp-json\/wp\/v2\/types\/page"}],"author":[{"embeddable":true,"href":"https:\/\/acessopercon.com.br\/percon\/wp-json\/wp\/v2\/users\/4"}],"replies":[{"embeddable":true,"href":"https:\/\/acessopercon.com.br\/percon\/wp-json\/wp\/v2\/comments?post=47164"}],"version-history":[{"count":33,"href":"https:\/\/acessopercon.com.br\/percon\/wp-json\/wp\/v2\/pages\/47164\/revisions"}],"predecessor-version":[{"id":53575,"href":"https:\/\/acessopercon.com.br\/percon\/wp-json\/wp\/v2\/pages\/47164\/revisions\/53575"}],"wp:attachment":[{"href":"https:\/\/acessopercon.com.br\/percon\/wp-json\/wp\/v2\/media?parent=47164"}],"curies":[{"name":"wp","href":"https:\/\/api.w.org\/{rel}","templated":true}]}}