{"id":42073,"date":"2016-04-19T10:59:50","date_gmt":"2016-04-19T10:59:50","guid":{"rendered":"http:\/\/acessopercon.com.br\/percon\/?page_id=42073"},"modified":"2016-04-19T10:59:50","modified_gmt":"2016-04-19T10:59:50","slug":"manutencao-climatizacao-industria-farmaceutica-cfr21","status":"publish","type":"page","link":"https:\/\/acessopercon.com.br\/percon\/manutencao-climatizacao-industria-farmaceutica-cfr21\/","title":{"rendered":"Manuten\u00e7\u00e3o climatiza\u00e7\u00e3o industria farmaceutica CFR21"},"content":{"rendered":"<p>[vc_row][vc_column][dt_blog_posts column_width=&#8221;&#8221; same_width=&#8221;true&#8221; number=&#8221;100&#8243; order=&#8221;asc&#8221; show_read_more_button=&#8221;true&#8221; category=&#8221;manutencao-climatizacao-industria-farmaceutica-cfr21&#8243;][\/vc_column][\/vc_row]<\/p>\n","protected":false},"excerpt":{"rendered":"<p>[vc_row][vc_column][dt_blog_posts column_width=&#8221;&#8221; same_width=&#8221;true&#8221; number=&#8221;100&#8243; order=&#8221;asc&#8221; show_read_more_button=&#8221;true&#8221; category=&#8221;manutencao-climatizacao-industria-farmaceutica-cfr21&#8243;][\/vc_column][\/vc_row]<\/p>\n","protected":false},"author":5,"featured_media":0,"parent":0,"menu_order":0,"comment_status":"closed","ping_status":"closed","template":"","meta":{"footnotes":""},"_links":{"self":[{"href":"https:\/\/acessopercon.com.br\/percon\/wp-json\/wp\/v2\/pages\/42073"}],"collection":[{"href":"https:\/\/acessopercon.com.br\/percon\/wp-json\/wp\/v2\/pages"}],"about":[{"href":"https:\/\/acessopercon.com.br\/percon\/wp-json\/wp\/v2\/types\/page"}],"author":[{"embeddable":true,"href":"https:\/\/acessopercon.com.br\/percon\/wp-json\/wp\/v2\/users\/5"}],"replies":[{"embeddable":true,"href":"https:\/\/acessopercon.com.br\/percon\/wp-json\/wp\/v2\/comments?post=42073"}],"version-history":[{"count":0,"href":"https:\/\/acessopercon.com.br\/percon\/wp-json\/wp\/v2\/pages\/42073\/revisions"}],"wp:attachment":[{"href":"https:\/\/acessopercon.com.br\/percon\/wp-json\/wp\/v2\/media?parent=42073"}],"curies":[{"name":"wp","href":"https:\/\/api.w.org\/{rel}","templated":true}]}}