{"id":41703,"date":"2016-04-14T20:17:24","date_gmt":"2016-04-14T20:17:24","guid":{"rendered":"http:\/\/acessopercon.com.br\/percon\/?page_id=41703"},"modified":"2022-05-27T23:41:58","modified_gmt":"2022-05-27T23:41:58","slug":"detector-portatil-multigases","status":"publish","type":"page","link":"https:\/\/acessopercon.com.br\/percon\/detector-portatil-multigases\/","title":{"rendered":"Detector port\u00e1til multigases"},"content":{"rendered":"\t\t<div data-elementor-type=\"wp-page\" data-elementor-id=\"41703\" class=\"elementor elementor-41703\">\n\t\t\t\t\t\t\t\t\t<section class=\"elementor-section elementor-top-section elementor-element elementor-element-1b1c88d elementor-section-boxed elementor-section-height-default elementor-section-height-default\" data-id=\"1b1c88d\" data-element_type=\"section\">\n\t\t\t\t\t\t<div class=\"elementor-container elementor-column-gap-default\">\n\t\t\t\t\t<div class=\"elementor-column elementor-col-100 elementor-top-column elementor-element elementor-element-d15a154\" data-id=\"d15a154\" data-element_type=\"column\">\n\t\t\t<div class=\"elementor-widget-wrap elementor-element-populated\">\n\t\t\t\t\t\t\t\t<div class=\"elementor-element elementor-element-ad0072c elementor-widget elementor-widget-heading\" data-id=\"ad0072c\" data-element_type=\"widget\" data-widget_type=\"heading.default\">\n\t\t\t\t<div class=\"elementor-widget-container\">\n\t\t\t<h2 class=\"elementor-heading-title elementor-size-default\">Detector port\u00e1til multigases<\/h2>\t\t<\/div>\n\t\t\t\t<\/div>\n\t\t\t\t<div class=\"elementor-element elementor-element-49128a6 elementor-widget elementor-widget-jet-posts\" data-id=\"49128a6\" data-element_type=\"widget\" data-widget_type=\"jet-posts.default\">\n\t\t\t\t<div class=\"elementor-widget-container\">\n\t\t\t<div class=\"elementor-jet-posts jet-elements\"><div class=\"jet-posts col-row  jet-equal-cols\"><div class=\"jet-posts__item col-desk-3\">\n\t<div class=\"jet-posts__inner-box\"><div class=\"jet-posts__inner-content\"><h4 class=\"entry-title\"><a href=\"https:\/\/acessopercon.com.br\/percon\/detector-a-prova-de-explosao-com-selo-do-inmetro\/\">Detector a prova de explos\u00e3o com selo do Inmetro<\/a><\/h4><div class=\"jet-more-wrap\"><a href=\"https:\/\/acessopercon.com.br\/percon\/detector-a-prova-de-explosao-com-selo-do-inmetro\/\" class=\"btn btn-primary elementor-button elementor-size-md jet-more\"><span class=\"btn__text\">Mais detalhes<\/span><\/a><\/div><\/div><\/div>\n<\/div>\n<div class=\"jet-posts__item col-desk-3\">\n\t<div class=\"jet-posts__inner-box\"><div class=\"jet-posts__inner-content\"><h4 class=\"entry-title\"><a href=\"https:\/\/acessopercon.com.br\/percon\/gas-inflamavel-detector-em-de-volume\/\">G\u00e1s inflam\u00e1vel - detector em % de volume<\/a><\/h4><div class=\"jet-more-wrap\"><a href=\"https:\/\/acessopercon.com.br\/percon\/gas-inflamavel-detector-em-de-volume\/\" class=\"btn btn-primary elementor-button elementor-size-md jet-more\"><span class=\"btn__text\">Mais detalhes<\/span><\/a><\/div><\/div><\/div>\n<\/div>\n<div class=\"jet-posts__item col-desk-3\">\n\t<div class=\"jet-posts__inner-box\"><div class=\"jet-posts__inner-content\"><h4 class=\"entry-title\"><a href=\"https:\/\/acessopercon.com.br\/percon\/detector-de-hidrogenio-h2\/\">Detector de hidrog\u00eanio H2<\/a><\/h4><div class=\"jet-more-wrap\"><a href=\"https:\/\/acessopercon.com.br\/percon\/detector-de-hidrogenio-h2\/\" class=\"btn btn-primary elementor-button elementor-size-md jet-more\"><span class=\"btn__text\">Mais detalhes<\/span><\/a><\/div><\/div><\/div>\n<\/div>\n<div class=\"jet-posts__item col-desk-3\">\n\t<div class=\"jet-posts__inner-box\"><div class=\"jet-posts__inner-content\"><h4 class=\"entry-title\"><a href=\"https:\/\/acessopercon.com.br\/percon\/detector-de-fosfina-ph3\/\">Detector de fosfina PH3<\/a><\/h4><div class=\"jet-more-wrap\"><a href=\"https:\/\/acessopercon.com.br\/percon\/detector-de-fosfina-ph3\/\" class=\"btn btn-primary elementor-button elementor-size-md jet-more\"><span class=\"btn__text\">Mais detalhes<\/span><\/a><\/div><\/div><\/div>\n<\/div>\n<div class=\"jet-posts__item col-desk-3\">\n\t<div class=\"jet-posts__inner-box\"><div class=\"jet-posts__inner-content\"><h4 class=\"entry-title\"><a href=\"https:\/\/acessopercon.com.br\/percon\/detector-de-gases-toxicos\/\">Detector de gases t\u00f3xicos<\/a><\/h4><div class=\"jet-more-wrap\"><a href=\"https:\/\/acessopercon.com.br\/percon\/detector-de-gases-toxicos\/\" class=\"btn btn-primary elementor-button elementor-size-md jet-more\"><span class=\"btn__text\">Mais detalhes<\/span><\/a><\/div><\/div><\/div>\n<\/div>\n<div class=\"jet-posts__item col-desk-3\">\n\t<div class=\"jet-posts__inner-box\"><div class=\"jet-posts__inner-content\"><h4 class=\"entry-title\"><a href=\"https:\/\/acessopercon.com.br\/percon\/detector-de-cianeto-de-hidrogenio-hcn\/\">Detector de cianeto de hidrog\u00eanio HCN<\/a><\/h4><div class=\"jet-more-wrap\"><a href=\"https:\/\/acessopercon.com.br\/percon\/detector-de-cianeto-de-hidrogenio-hcn\/\" class=\"btn btn-primary elementor-button elementor-size-md jet-more\"><span class=\"btn__text\">Mais detalhes<\/span><\/a><\/div><\/div><\/div>\n<\/div>\n<div class=\"jet-posts__item col-desk-3\">\n\t<div class=\"jet-posts__inner-box\"><div class=\"jet-posts__inner-content\"><h4 class=\"entry-title\"><a href=\"https:\/\/acessopercon.com.br\/percon\/detector-de-dioxido-de-enxofre\/\">Detector de di\u00f3xido de enxofre SO2<\/a><\/h4><div class=\"jet-more-wrap\"><a href=\"https:\/\/acessopercon.com.br\/percon\/detector-de-dioxido-de-enxofre\/\" class=\"btn btn-primary elementor-button elementor-size-md jet-more\"><span class=\"btn__text\">Mais detalhes<\/span><\/a><\/div><\/div><\/div>\n<\/div>\n<div class=\"jet-posts__item col-desk-3\">\n\t<div class=\"jet-posts__inner-box\"><div class=\"jet-posts__inner-content\"><h4 class=\"entry-title\"><a href=\"https:\/\/acessopercon.com.br\/percon\/detector-de-dioxido-de-nitrogenio-no2\/\">Detector de di\u00f3xido de nitrog\u00eanio NO2<\/a><\/h4><div class=\"jet-more-wrap\"><a href=\"https:\/\/acessopercon.com.br\/percon\/detector-de-dioxido-de-nitrogenio-no2\/\" class=\"btn btn-primary elementor-button elementor-size-md jet-more\"><span class=\"btn__text\">Mais detalhes<\/span><\/a><\/div><\/div><\/div>\n<\/div>\n<div class=\"jet-posts__item col-desk-3\">\n\t<div class=\"jet-posts__inner-box\"><div class=\"jet-posts__inner-content\"><h4 class=\"entry-title\"><a href=\"https:\/\/acessopercon.com.br\/percon\/detector-de-voc\/\">Detector de VOC ou COV - Compostos Org\u00e2nicos Vol\u00e1teis<\/a><\/h4><div class=\"jet-more-wrap\"><a href=\"https:\/\/acessopercon.com.br\/percon\/detector-de-voc\/\" class=\"btn btn-primary elementor-button elementor-size-md jet-more\"><span class=\"btn__text\">Mais detalhes<\/span><\/a><\/div><\/div><\/div>\n<\/div>\n<div class=\"jet-posts__item col-desk-3\">\n\t<div class=\"jet-posts__inner-box\"><div class=\"jet-posts__inner-content\"><h4 class=\"entry-title\"><a href=\"https:\/\/acessopercon.com.br\/percon\/detector-de-cloro-cl2\/\">Detector de cloro Cl2<\/a><\/h4><div class=\"jet-more-wrap\"><a href=\"https:\/\/acessopercon.com.br\/percon\/detector-de-cloro-cl2\/\" class=\"btn btn-primary elementor-button elementor-size-md jet-more\"><span class=\"btn__text\">Mais detalhes<\/span><\/a><\/div><\/div><\/div>\n<\/div>\n<div class=\"jet-posts__item col-desk-3\">\n\t<div class=\"jet-posts__inner-box\"><div class=\"jet-posts__inner-content\"><h4 class=\"entry-title\"><a href=\"https:\/\/acessopercon.com.br\/percon\/detector-de-dioxido-de-carbono-co2\/\">Detector de di\u00f3xido de carbono CO2<\/a><\/h4><div class=\"jet-more-wrap\"><a href=\"https:\/\/acessopercon.com.br\/percon\/detector-de-dioxido-de-carbono-co2\/\" class=\"btn btn-primary elementor-button elementor-size-md jet-more\"><span class=\"btn__text\">Mais detalhes<\/span><\/a><\/div><\/div><\/div>\n<\/div>\n<div class=\"jet-posts__item col-desk-3\">\n\t<div class=\"jet-posts__inner-box\"><div class=\"jet-posts__inner-content\"><h4 class=\"entry-title\"><a href=\"https:\/\/acessopercon.com.br\/percon\/detector-de-sulfeto-de-hidrogenio-h2s\/\">Detector de sulfeto de hidrog\u00eanio H2S<\/a><\/h4><div class=\"jet-more-wrap\"><a href=\"https:\/\/acessopercon.com.br\/percon\/detector-de-sulfeto-de-hidrogenio-h2s\/\" class=\"btn btn-primary elementor-button elementor-size-md jet-more\"><span class=\"btn__text\">Mais detalhes<\/span><\/a><\/div><\/div><\/div>\n<\/div>\n<div class=\"jet-posts__item col-desk-3\">\n\t<div class=\"jet-posts__inner-box\"><div class=\"jet-posts__inner-content\"><h4 class=\"entry-title\"><a href=\"https:\/\/acessopercon.com.br\/percon\/detector-de-inflamavel\/\">Detector de inflam\u00e1veis com resultados em % LEL<\/a><\/h4><div class=\"jet-more-wrap\"><a href=\"https:\/\/acessopercon.com.br\/percon\/detector-de-inflamavel\/\" class=\"btn btn-primary elementor-button elementor-size-md jet-more\"><span class=\"btn__text\">Mais detalhes<\/span><\/a><\/div><\/div><\/div>\n<\/div>\n<div class=\"jet-posts__item col-desk-3\">\n\t<div class=\"jet-posts__inner-box\"><div class=\"jet-posts__inner-content\"><h4 class=\"entry-title\"><a href=\"https:\/\/acessopercon.com.br\/percon\/detector-de-oxigenio\/\">Detector de oxig\u00eanio O2<\/a><\/h4><div class=\"jet-more-wrap\"><a href=\"https:\/\/acessopercon.com.br\/percon\/detector-de-oxigenio\/\" class=\"btn btn-primary elementor-button elementor-size-md jet-more\"><span class=\"btn__text\">Mais detalhes<\/span><\/a><\/div><\/div><\/div>\n<\/div>\n<div class=\"jet-posts__item col-desk-3\">\n\t<div class=\"jet-posts__inner-box\"><div class=\"jet-posts__inner-content\"><h4 class=\"entry-title\"><a href=\"https:\/\/acessopercon.com.br\/percon\/detector-de-monoxido-de-carbono-co\/\">Detector de mon\u00f3xido de carbono CO<\/a><\/h4><div class=\"jet-more-wrap\"><a href=\"https:\/\/acessopercon.com.br\/percon\/detector-de-monoxido-de-carbono-co\/\" class=\"btn btn-primary elementor-button elementor-size-md jet-more\"><span class=\"btn__text\">Mais detalhes<\/span><\/a><\/div><\/div><\/div>\n<\/div>\n<div class=\"jet-posts__item col-desk-3\">\n\t<div class=\"jet-posts__inner-box\"><div class=\"jet-posts__inner-content\"><h4 class=\"entry-title\"><a href=\"https:\/\/acessopercon.com.br\/percon\/detector-de-amonia-nh3\/\">Detector de am\u00f4nia NH3<\/a><\/h4><div class=\"jet-more-wrap\"><a href=\"https:\/\/acessopercon.com.br\/percon\/detector-de-amonia-nh3\/\" class=\"btn btn-primary elementor-button elementor-size-md jet-more\"><span class=\"btn__text\">Mais detalhes<\/span><\/a><\/div><\/div><\/div>\n<\/div>\n<\/div>\n<\/div>\t\t<\/div>\n\t\t\t\t<\/div>\n\t\t\t\t\t<\/div>\n\t\t<\/div>\n\t\t\t\t\t\t\t<\/div>\n\t\t<\/section>\n\t\t\t\t\t\t\t<\/div>\n\t\t","protected":false},"excerpt":{"rendered":"<p>Detector port\u00e1til multigases Detector a prova de explos\u00e3o com selo do Inmetro Mais detalhes G\u00e1s inflam\u00e1vel &#8211; detector em % de volume Mais detalhes Detector de hidrog\u00eanio H2 Mais detalhes Detector de fosfina PH3 Mais detalhes Detector de gases t\u00f3xicos Mais detalhes Detector de cianeto de hidrog\u00eanio HCN Mais detalhes Detector de di\u00f3xido de enxofre [&hellip;]<\/p>\n","protected":false},"author":5,"featured_media":0,"parent":0,"menu_order":0,"comment_status":"closed","ping_status":"closed","template":"","meta":{"footnotes":""},"_links":{"self":[{"href":"https:\/\/acessopercon.com.br\/percon\/wp-json\/wp\/v2\/pages\/41703"}],"collection":[{"href":"https:\/\/acessopercon.com.br\/percon\/wp-json\/wp\/v2\/pages"}],"about":[{"href":"https:\/\/acessopercon.com.br\/percon\/wp-json\/wp\/v2\/types\/page"}],"author":[{"embeddable":true,"href":"https:\/\/acessopercon.com.br\/percon\/wp-json\/wp\/v2\/users\/5"}],"replies":[{"embeddable":true,"href":"https:\/\/acessopercon.com.br\/percon\/wp-json\/wp\/v2\/comments?post=41703"}],"version-history":[{"count":18,"href":"https:\/\/acessopercon.com.br\/percon\/wp-json\/wp\/v2\/pages\/41703\/revisions"}],"predecessor-version":[{"id":53572,"href":"https:\/\/acessopercon.com.br\/percon\/wp-json\/wp\/v2\/pages\/41703\/revisions\/53572"}],"wp:attachment":[{"href":"https:\/\/acessopercon.com.br\/percon\/wp-json\/wp\/v2\/media?parent=41703"}],"curies":[{"name":"wp","href":"https:\/\/api.w.org\/{rel}","templated":true}]}}