{"id":41593,"date":"2016-04-14T17:21:26","date_gmt":"2016-04-14T17:21:26","guid":{"rendered":"http:\/\/acessopercon.com.br\/percon\/?page_id=41593"},"modified":"2022-05-27T23:43:12","modified_gmt":"2022-05-27T23:43:12","slug":"area-classificada-ex","status":"publish","type":"page","link":"https:\/\/acessopercon.com.br\/percon\/area-classificada-ex\/","title":{"rendered":"\u00c1rea classificada Ex"},"content":{"rendered":"\t\t<div data-elementor-type=\"wp-page\" data-elementor-id=\"41593\" class=\"elementor elementor-41593\">\n\t\t\t\t\t\t\t\t\t<section class=\"elementor-section elementor-top-section elementor-element elementor-element-617db6e9 elementor-section-boxed elementor-section-height-default elementor-section-height-default\" data-id=\"617db6e9\" data-element_type=\"section\">\n\t\t\t\t\t\t<div class=\"elementor-container elementor-column-gap-default\">\n\t\t\t\t\t<div class=\"elementor-column elementor-col-100 elementor-top-column elementor-element elementor-element-5634ea0e\" data-id=\"5634ea0e\" data-element_type=\"column\">\n\t\t\t<div class=\"elementor-widget-wrap elementor-element-populated\">\n\t\t\t\t\t\t\t\t<div class=\"elementor-element elementor-element-f18717d elementor-widget elementor-widget-heading\" data-id=\"f18717d\" data-element_type=\"widget\" data-widget_type=\"heading.default\">\n\t\t\t\t<div class=\"elementor-widget-container\">\n\t\t\t<h2 class=\"elementor-heading-title elementor-size-default\">\u00c1rea classificada<\/h2>\t\t<\/div>\n\t\t\t\t<\/div>\n\t\t\t\t<div class=\"elementor-element elementor-element-fe83595 elementor-widget elementor-widget-jet-posts\" data-id=\"fe83595\" data-element_type=\"widget\" data-widget_type=\"jet-posts.default\">\n\t\t\t\t<div class=\"elementor-widget-container\">\n\t\t\t<div class=\"elementor-jet-posts jet-elements\"><div class=\"jet-posts col-row  jet-equal-cols\"><div class=\"jet-posts__item col-desk-3\">\n\t<div class=\"jet-posts__inner-box\"><div class=\"jet-posts__inner-content\"><h4 class=\"entry-title\"><a href=\"https:\/\/acessopercon.com.br\/percon\/monitor-de-flare\/\">Monitor de flare com detec\u00e7\u00e3o cont\u00ednua QUASAR 2 M8100-EXP<\/a><\/h4><div class=\"jet-more-wrap\"><a href=\"https:\/\/acessopercon.com.br\/percon\/monitor-de-flare\/\" class=\"btn btn-primary elementor-button elementor-size-md jet-more\"><span class=\"btn__text\">Mais detalhes<\/span><\/a><\/div><\/div><\/div>\n<\/div>\n<div class=\"jet-posts__item col-desk-3\">\n\t<div class=\"jet-posts__inner-box\"><div class=\"jet-posts__inner-content\"><h4 class=\"entry-title\"><a href=\"https:\/\/acessopercon.com.br\/percon\/monitores-de-area-radius-bz1\/\">Monitores de \u00e1rea Radius\u2122 BZ1<\/a><\/h4><div class=\"jet-more-wrap\"><a href=\"https:\/\/acessopercon.com.br\/percon\/monitores-de-area-radius-bz1\/\" class=\"btn btn-primary elementor-button elementor-size-md jet-more\"><span class=\"btn__text\">Mais detalhes<\/span><\/a><\/div><\/div><\/div>\n<\/div>\n<div class=\"jet-posts__item col-desk-3\">\n\t<div class=\"jet-posts__inner-box\"><div class=\"jet-posts__inner-content\"><h4 class=\"entry-title\"><a href=\"https:\/\/acessopercon.com.br\/percon\/camera-fotografica-para-areas-classificadas\/\">C\u00e2mera fotogr\u00e1fica para \u00e1reas classificadas<\/a><\/h4><div class=\"jet-more-wrap\"><a href=\"https:\/\/acessopercon.com.br\/percon\/camera-fotografica-para-areas-classificadas\/\" class=\"btn btn-primary elementor-button elementor-size-md jet-more\"><span class=\"btn__text\">Mais detalhes<\/span><\/a><\/div><\/div><\/div>\n<\/div>\n<div class=\"jet-posts__item col-desk-3\">\n\t<div class=\"jet-posts__inner-box\"><div class=\"jet-posts__inner-content\"><h4 class=\"entry-title\"><a href=\"https:\/\/acessopercon.com.br\/percon\/termometro-stik\/\">Term\u00f4metro stik e calibrador de temperatura Fluke 1552A<\/a><\/h4><div class=\"jet-more-wrap\"><a href=\"https:\/\/acessopercon.com.br\/percon\/termometro-stik\/\" class=\"btn btn-primary elementor-button elementor-size-md jet-more\"><span class=\"btn__text\">Mais detalhes<\/span><\/a><\/div><\/div><\/div>\n<\/div>\n<div class=\"jet-posts__item col-desk-3\">\n\t<div class=\"jet-posts__inner-box\"><div class=\"jet-posts__inner-content\"><h4 class=\"entry-title\"><a href=\"https:\/\/acessopercon.com.br\/percon\/termometro-calibrador-de-temperatura-fluke-1551a\/\">Term\u00f4metro calibrador de temperatura Fluke 1551A<\/a><\/h4><div class=\"jet-more-wrap\"><a href=\"https:\/\/acessopercon.com.br\/percon\/termometro-calibrador-de-temperatura-fluke-1551a\/\" class=\"btn btn-primary elementor-button elementor-size-md jet-more\"><span class=\"btn__text\">Mais detalhes<\/span><\/a><\/div><\/div><\/div>\n<\/div>\n<div class=\"jet-posts__item col-desk-3\">\n\t<div class=\"jet-posts__inner-box\"><div class=\"jet-posts__inner-content\"><h4 class=\"entry-title\"><a href=\"https:\/\/acessopercon.com.br\/percon\/modulos-de-calibracao-de-baixa-pressao-fluke-serie-750p\/\">M\u00f3dulos de calibra\u00e7\u00e3o de baixa press\u00e3o Fluke S\u00e9rie 750P<\/a><\/h4><div class=\"jet-more-wrap\"><a href=\"https:\/\/acessopercon.com.br\/percon\/modulos-de-calibracao-de-baixa-pressao-fluke-serie-750p\/\" class=\"btn btn-primary elementor-button elementor-size-md jet-more\"><span class=\"btn__text\">Mais detalhes<\/span><\/a><\/div><\/div><\/div>\n<\/div>\n<div class=\"jet-posts__item col-desk-3\">\n\t<div class=\"jet-posts__inner-box\"><div class=\"jet-posts__inner-content\"><h4 class=\"entry-title\"><a href=\"https:\/\/acessopercon.com.br\/percon\/calibrador-de-loop-com-seguranca-intrinseca-fluke-707ex\/\">Calibrador de loop com seguran\u00e7a intr\u00ednseca Fluke 707Ex<\/a><\/h4><div class=\"jet-more-wrap\"><a href=\"https:\/\/acessopercon.com.br\/percon\/calibrador-de-loop-com-seguranca-intrinseca-fluke-707ex\/\" class=\"btn btn-primary elementor-button elementor-size-md jet-more\"><span class=\"btn__text\">Mais detalhes<\/span><\/a><\/div><\/div><\/div>\n<\/div>\n<div class=\"jet-posts__item col-desk-3\">\n\t<div class=\"jet-posts__inner-box\"><div class=\"jet-posts__inner-content\"><h4 class=\"entry-title\"><a href=\"https:\/\/acessopercon.com.br\/percon\/minitermometro-infravermelho-intrinsecamente-seguro-fluke-568-ex\/\">Miniterm\u00f4metro infravermelho intrinsecamente seguro Fluke 568 Ex<\/a><\/h4><div class=\"jet-more-wrap\"><a href=\"https:\/\/acessopercon.com.br\/percon\/minitermometro-infravermelho-intrinsecamente-seguro-fluke-568-ex\/\" class=\"btn btn-primary elementor-button elementor-size-md jet-more\"><span class=\"btn__text\">Mais detalhes<\/span><\/a><\/div><\/div><\/div>\n<\/div>\n<div class=\"jet-posts__item col-desk-3\">\n\t<div class=\"jet-posts__inner-box\"><div class=\"jet-posts__inner-content\"><h4 class=\"entry-title\"><a href=\"https:\/\/acessopercon.com.br\/percon\/calibrador-de-pressao-de-precisao-fluke-721ex\/\">Calibrador de press\u00e3o de precis\u00e3o Fluke 721Ex<\/a><\/h4><div class=\"jet-more-wrap\"><a href=\"https:\/\/acessopercon.com.br\/percon\/calibrador-de-pressao-de-precisao-fluke-721ex\/\" class=\"btn btn-primary elementor-button elementor-size-md jet-more\"><span class=\"btn__text\">Mais detalhes<\/span><\/a><\/div><\/div><\/div>\n<\/div>\n<div class=\"jet-posts__item col-desk-3\">\n\t<div class=\"jet-posts__inner-box\"><div class=\"jet-posts__inner-content\"><h4 class=\"entry-title\"><a href=\"https:\/\/acessopercon.com.br\/percon\/multimetro-digital-true-rms-intrinsecamente-seguro\/\">Mult\u00edmetro digital true rms intrinsecamente seguro Fluke 28IIEx<\/a><\/h4><div class=\"jet-more-wrap\"><a href=\"https:\/\/acessopercon.com.br\/percon\/multimetro-digital-true-rms-intrinsecamente-seguro\/\" class=\"btn btn-primary elementor-button elementor-size-md jet-more\"><span class=\"btn__text\">Mais detalhes<\/span><\/a><\/div><\/div><\/div>\n<\/div>\n<div class=\"jet-posts__item col-desk-3\">\n\t<div class=\"jet-posts__inner-box\"><div class=\"jet-posts__inner-content\"><h4 class=\"entry-title\"><a href=\"https:\/\/acessopercon.com.br\/percon\/calibrador-de-processos-intrinsecamente-seguro-725ex\/\">Calibrador de processos intrinsecamente seguro Fluke 725Ex<\/a><\/h4><div class=\"jet-more-wrap\"><a href=\"https:\/\/acessopercon.com.br\/percon\/calibrador-de-processos-intrinsecamente-seguro-725ex\/\" class=\"btn btn-primary elementor-button elementor-size-md jet-more\"><span class=\"btn__text\">Mais detalhes<\/span><\/a><\/div><\/div><\/div>\n<\/div>\n<div class=\"jet-posts__item col-desk-3\">\n\t<div class=\"jet-posts__inner-box\"><div class=\"jet-posts__inner-content\"><h4 class=\"entry-title\"><a href=\"https:\/\/acessopercon.com.br\/percon\/calibrador-de-pressao-intrinsecamente-seguro-fluke-718ex\/\">Calibrador de press\u00e3o intrinsecamente seguro Fluke 718Ex<\/a><\/h4><div class=\"jet-more-wrap\"><a href=\"https:\/\/acessopercon.com.br\/percon\/calibrador-de-pressao-intrinsecamente-seguro-fluke-718ex\/\" class=\"btn btn-primary elementor-button elementor-size-md jet-more\"><span class=\"btn__text\">Mais detalhes<\/span><\/a><\/div><\/div><\/div>\n<\/div>\n<div class=\"jet-posts__item col-desk-3\">\n\t<div class=\"jet-posts__inner-box\"><div class=\"jet-posts__inner-content\"><h4 class=\"entry-title\"><a href=\"https:\/\/acessopercon.com.br\/percon\/poeira-combustivel-ex\/\">Poeira combust\u00edvel (Ex tb), material el\u00e9trico para atmosfera explosiva<\/a><\/h4><div class=\"jet-more-wrap\"><a href=\"https:\/\/acessopercon.com.br\/percon\/poeira-combustivel-ex\/\" class=\"btn btn-primary elementor-button elementor-size-md jet-more\"><span class=\"btn__text\">Mais detalhes<\/span><\/a><\/div><\/div><\/div>\n<\/div>\n<div class=\"jet-posts__item col-desk-3\">\n\t<div class=\"jet-posts__inner-box\"><div class=\"jet-posts__inner-content\"><h4 class=\"entry-title\"><a href=\"https:\/\/acessopercon.com.br\/percon\/seguranca-aumentada\/\">Seguran\u00e7a aumentada (Ex e), material el\u00e9trico<\/a><\/h4><div class=\"jet-more-wrap\"><a href=\"https:\/\/acessopercon.com.br\/percon\/seguranca-aumentada\/\" class=\"btn btn-primary elementor-button elementor-size-md jet-more\"><span class=\"btn__text\">Mais detalhes<\/span><\/a><\/div><\/div><\/div>\n<\/div>\n<div class=\"jet-posts__item col-desk-3\">\n\t<div class=\"jet-posts__inner-box\"><div class=\"jet-posts__inner-content\"><h4 class=\"entry-title\"><a href=\"https:\/\/acessopercon.com.br\/percon\/material-eletrico-a-prova-de-explosao\/\">Material el\u00e9trico a prova de explos\u00e3o<\/a><\/h4><div class=\"jet-more-wrap\"><a href=\"https:\/\/acessopercon.com.br\/percon\/material-eletrico-a-prova-de-explosao\/\" class=\"btn btn-primary elementor-button elementor-size-md jet-more\"><span class=\"btn__text\">Mais detalhes<\/span><\/a><\/div><\/div><\/div>\n<\/div>\n<div class=\"jet-posts__item col-desk-3\">\n\t<div class=\"jet-posts__inner-box\"><div class=\"jet-posts__inner-content\"><h4 class=\"entry-title\"><a href=\"https:\/\/acessopercon.com.br\/percon\/detector-a-prova-de-explosao-com-selo-do-inmetro\/\">Detector a prova de explos\u00e3o com selo do Inmetro<\/a><\/h4><div class=\"jet-more-wrap\"><a href=\"https:\/\/acessopercon.com.br\/percon\/detector-a-prova-de-explosao-com-selo-do-inmetro\/\" class=\"btn btn-primary elementor-button elementor-size-md jet-more\"><span class=\"btn__text\">Mais detalhes<\/span><\/a><\/div><\/div><\/div>\n<\/div>\n<div class=\"jet-posts__item col-desk-3\">\n\t<div class=\"jet-posts__inner-box\"><div class=\"jet-posts__inner-content\"><h4 class=\"entry-title\"><a href=\"https:\/\/acessopercon.com.br\/percon\/gas-inflamavel-detector-em-de-volume\/\">G\u00e1s inflam\u00e1vel - detector em % de volume<\/a><\/h4><div class=\"jet-more-wrap\"><a href=\"https:\/\/acessopercon.com.br\/percon\/gas-inflamavel-detector-em-de-volume\/\" class=\"btn btn-primary elementor-button elementor-size-md jet-more\"><span class=\"btn__text\">Mais detalhes<\/span><\/a><\/div><\/div><\/div>\n<\/div>\n<div class=\"jet-posts__item col-desk-3\">\n\t<div class=\"jet-posts__inner-box\"><div class=\"jet-posts__inner-content\"><h4 class=\"entry-title\"><a href=\"https:\/\/acessopercon.com.br\/percon\/detector-de-voc\/\">Detector de VOC ou COV - Compostos Org\u00e2nicos Vol\u00e1teis<\/a><\/h4><div class=\"jet-more-wrap\"><a href=\"https:\/\/acessopercon.com.br\/percon\/detector-de-voc\/\" class=\"btn btn-primary elementor-button elementor-size-md jet-more\"><span class=\"btn__text\">Mais detalhes<\/span><\/a><\/div><\/div><\/div>\n<\/div>\n<div class=\"jet-posts__item col-desk-3\">\n\t<div class=\"jet-posts__inner-box\"><div class=\"jet-posts__inner-content\"><h4 class=\"entry-title\"><a href=\"https:\/\/acessopercon.com.br\/percon\/detector-de-inflamavel\/\">Detector de inflam\u00e1veis com resultados em % LEL<\/a><\/h4><div class=\"jet-more-wrap\"><a href=\"https:\/\/acessopercon.com.br\/percon\/detector-de-inflamavel\/\" class=\"btn btn-primary elementor-button elementor-size-md jet-more\"><span class=\"btn__text\">Mais detalhes<\/span><\/a><\/div><\/div><\/div>\n<\/div>\n<div class=\"jet-posts__item col-desk-3\">\n\t<div class=\"jet-posts__inner-box\"><div class=\"jet-posts__inner-content\"><h4 class=\"entry-title\"><a href=\"https:\/\/acessopercon.com.br\/percon\/painel-montado-para-imagem-termica\/\">Painel montado para gera\u00e7\u00e3o de imagem (visual e t\u00e9rmica) em arm\u00e1rios el\u00e9tricos<\/a><\/h4><div class=\"jet-more-wrap\"><a href=\"https:\/\/acessopercon.com.br\/percon\/painel-montado-para-imagem-termica\/\" class=\"btn btn-primary elementor-button elementor-size-md jet-more\"><span class=\"btn__text\">Mais detalhes<\/span><\/a><\/div><\/div><\/div>\n<\/div>\n<div class=\"jet-posts__item col-desk-3\">\n\t<div class=\"jet-posts__inner-box\"><div class=\"jet-posts__inner-content\"><h4 class=\"entry-title\"><a href=\"https:\/\/acessopercon.com.br\/percon\/imagem-automatica-termica-e-visual\/\">Imagem autom\u00e1tica t\u00e9rmica e visual<\/a><\/h4><div class=\"jet-more-wrap\"><a href=\"https:\/\/acessopercon.com.br\/percon\/imagem-automatica-termica-e-visual\/\" class=\"btn btn-primary elementor-button elementor-size-md jet-more\"><span class=\"btn__text\">Mais detalhes<\/span><\/a><\/div><\/div><\/div>\n<\/div>\n<div class=\"jet-posts__item col-desk-3\">\n\t<div class=\"jet-posts__inner-box\"><div class=\"jet-posts__inner-content\"><h4 class=\"entry-title\"><a href=\"https:\/\/acessopercon.com.br\/percon\/camera-fotografica-ex\/\">C\u00e2mera fotogr\u00e1fica Ex para uso em \u00e1reas classificadas<\/a><\/h4><div class=\"jet-more-wrap\"><a href=\"https:\/\/acessopercon.com.br\/percon\/camera-fotografica-ex\/\" class=\"btn btn-primary elementor-button elementor-size-md jet-more\"><span class=\"btn__text\">Mais detalhes<\/span><\/a><\/div><\/div><\/div>\n<\/div>\n<div class=\"jet-posts__item col-desk-3\">\n\t<div class=\"jet-posts__inner-box\"><div class=\"jet-posts__inner-content\"><h4 class=\"entry-title\"><a href=\"https:\/\/acessopercon.com.br\/percon\/monitoramento-de-perimetro\/\">Monitoramento de per\u00edmetro ou cerca de monitoramento usando Radius \u2122 BZ1<\/a><\/h4><div class=\"jet-more-wrap\"><a href=\"https:\/\/acessopercon.com.br\/percon\/monitoramento-de-perimetro\/\" class=\"btn btn-primary elementor-button elementor-size-md jet-more\"><span class=\"btn__text\">Mais detalhes<\/span><\/a><\/div><\/div><\/div>\n<\/div>\n<div class=\"jet-posts__item col-desk-3\">\n\t<div class=\"jet-posts__inner-box\"><div class=\"jet-posts__inner-content\"><h4 class=\"entry-title\"><a href=\"https:\/\/acessopercon.com.br\/percon\/tanque-de-armazenamento\/\">Tanque de armazenamento, monitoramento com o monitor de \u00e1rea Radius \u2122 BZ1<\/a><\/h4><div class=\"jet-more-wrap\"><a href=\"https:\/\/acessopercon.com.br\/percon\/tanque-de-armazenamento\/\" class=\"btn btn-primary elementor-button elementor-size-md jet-more\"><span class=\"btn__text\">Mais detalhes<\/span><\/a><\/div><\/div><\/div>\n<\/div>\n<div class=\"jet-posts__item col-desk-3\">\n\t<div class=\"jet-posts__inner-box\"><div class=\"jet-posts__inner-content\"><h4 class=\"entry-title\"><a href=\"https:\/\/acessopercon.com.br\/percon\/risco-de-gases\/\">Risco de gases e preven\u00e7\u00f5es<\/a><\/h4><div class=\"jet-more-wrap\"><a href=\"https:\/\/acessopercon.com.br\/percon\/risco-de-gases\/\" class=\"btn btn-primary elementor-button elementor-size-md jet-more\"><span class=\"btn__text\">Mais detalhes<\/span><\/a><\/div><\/div><\/div>\n<\/div>\n<div class=\"jet-posts__item col-desk-3\">\n\t<div class=\"jet-posts__inner-box\"><div class=\"jet-posts__inner-content\"><h4 class=\"entry-title\"><a href=\"https:\/\/acessopercon.com.br\/percon\/monitoramento-de-espaco-confinado\/\">Monitoramento de espa\u00e7o confinado com monitor de \u00e1rea Radius\u2122 BZ1<\/a><\/h4><div class=\"jet-more-wrap\"><a href=\"https:\/\/acessopercon.com.br\/percon\/monitoramento-de-espaco-confinado\/\" class=\"btn btn-primary elementor-button elementor-size-md jet-more\"><span class=\"btn__text\">Mais detalhes<\/span><\/a><\/div><\/div><\/div>\n<\/div>\n<div class=\"jet-posts__item col-desk-3\">\n\t<div class=\"jet-posts__inner-box\"><div class=\"jet-posts__inner-content\"><h4 class=\"entry-title\"><a href=\"https:\/\/acessopercon.com.br\/percon\/tomada-para-atmosfera-explosiva\/\">Tomada para atmosfera explosiva<\/a><\/h4><div class=\"jet-more-wrap\"><a href=\"https:\/\/acessopercon.com.br\/percon\/tomada-para-atmosfera-explosiva\/\" class=\"btn btn-primary elementor-button elementor-size-md jet-more\"><span class=\"btn__text\">Mais detalhes<\/span><\/a><\/div><\/div><\/div>\n<\/div>\n<div class=\"jet-posts__item col-desk-3\">\n\t<div class=\"jet-posts__inner-box\"><div class=\"jet-posts__inner-content\"><h4 class=\"entry-title\"><a href=\"https:\/\/acessopercon.com.br\/percon\/sinalizador-para-atmosfera-explosiva\/\">Sinalizador para atmosfera explosiva modelo 873<\/a><\/h4><div class=\"jet-more-wrap\"><a href=\"https:\/\/acessopercon.com.br\/percon\/sinalizador-para-atmosfera-explosiva\/\" class=\"btn btn-primary elementor-button elementor-size-md jet-more\"><span class=\"btn__text\">Mais detalhes<\/span><\/a><\/div><\/div><\/div>\n<\/div>\n<div class=\"jet-posts__item col-desk-3\">\n\t<div class=\"jet-posts__inner-box\"><div class=\"jet-posts__inner-content\"><h4 class=\"entry-title\"><a href=\"https:\/\/acessopercon.com.br\/percon\/projetor-led-para-atmosfera-explosiva\/\">Projetor LED para atmosfera explosiva modelo 878D<\/a><\/h4><div class=\"jet-more-wrap\"><a href=\"https:\/\/acessopercon.com.br\/percon\/projetor-led-para-atmosfera-explosiva\/\" class=\"btn btn-primary elementor-button elementor-size-md jet-more\"><span class=\"btn__text\">Mais detalhes<\/span><\/a><\/div><\/div><\/div>\n<\/div>\n<div class=\"jet-posts__item col-desk-3\">\n\t<div class=\"jet-posts__inner-box\"><div class=\"jet-posts__inner-content\"><h4 class=\"entry-title\"><a href=\"https:\/\/acessopercon.com.br\/percon\/luminaria-fluorescente\/\">Lumin\u00e1ria fluorescente para atmosfera explosiva s\u00e9rie E840<\/a><\/h4><div class=\"jet-more-wrap\"><a href=\"https:\/\/acessopercon.com.br\/percon\/luminaria-fluorescente\/\" class=\"btn btn-primary elementor-button elementor-size-md jet-more\"><span class=\"btn__text\">Mais detalhes<\/span><\/a><\/div><\/div><\/div>\n<\/div>\n<\/div>\n<\/div>\t\t<\/div>\n\t\t\t\t<\/div>\n\t\t\t\t\t<\/div>\n\t\t<\/div>\n\t\t\t\t\t\t\t<\/div>\n\t\t<\/section>\n\t\t\t\t\t\t\t<\/div>\n\t\t","protected":false},"excerpt":{"rendered":"<p>\u00c1rea classificada Monitor de flare com detec\u00e7\u00e3o cont\u00ednua QUASAR 2 M8100-EXP Mais detalhes Monitores de \u00e1rea Radius\u2122 BZ1 Mais detalhes C\u00e2mera fotogr\u00e1fica para \u00e1reas classificadas Mais detalhes Term\u00f4metro stik e calibrador de temperatura Fluke 1552A Mais detalhes Term\u00f4metro calibrador de temperatura Fluke 1551A Mais detalhes M\u00f3dulos de calibra\u00e7\u00e3o de baixa press\u00e3o Fluke S\u00e9rie 750P Mais [&hellip;]<\/p>\n","protected":false},"author":5,"featured_media":0,"parent":0,"menu_order":0,"comment_status":"closed","ping_status":"closed","template":"","meta":{"footnotes":""},"_links":{"self":[{"href":"https:\/\/acessopercon.com.br\/percon\/wp-json\/wp\/v2\/pages\/41593"}],"collection":[{"href":"https:\/\/acessopercon.com.br\/percon\/wp-json\/wp\/v2\/pages"}],"about":[{"href":"https:\/\/acessopercon.com.br\/percon\/wp-json\/wp\/v2\/types\/page"}],"author":[{"embeddable":true,"href":"https:\/\/acessopercon.com.br\/percon\/wp-json\/wp\/v2\/users\/5"}],"replies":[{"embeddable":true,"href":"https:\/\/acessopercon.com.br\/percon\/wp-json\/wp\/v2\/comments?post=41593"}],"version-history":[{"count":6,"href":"https:\/\/acessopercon.com.br\/percon\/wp-json\/wp\/v2\/pages\/41593\/revisions"}],"predecessor-version":[{"id":53578,"href":"https:\/\/acessopercon.com.br\/percon\/wp-json\/wp\/v2\/pages\/41593\/revisions\/53578"}],"wp:attachment":[{"href":"https:\/\/acessopercon.com.br\/percon\/wp-json\/wp\/v2\/media?parent=41593"}],"curies":[{"name":"wp","href":"https:\/\/api.w.org\/{rel}","templated":true}]}}