{"id":41385,"date":"2016-04-07T20:30:36","date_gmt":"2016-04-07T20:30:36","guid":{"rendered":"http:\/\/acessopercon.com.br\/percon\/?page_id=41385"},"modified":"2022-05-27T23:46:24","modified_gmt":"2022-05-27T23:46:24","slug":"servico-de-reparo-de-detector-de-gas","status":"publish","type":"page","link":"https:\/\/acessopercon.com.br\/percon\/servico-de-reparo-de-detector-de-gas\/","title":{"rendered":"Servi\u00e7o de Reparo de Detector de G\u00e1s"},"content":{"rendered":"\t\t<div data-elementor-type=\"wp-page\" data-elementor-id=\"41385\" class=\"elementor elementor-41385\">\n\t\t\t\t\t\t\t\t\t<section class=\"elementor-section elementor-top-section elementor-element elementor-element-304c3fd1 elementor-section-boxed elementor-section-height-default elementor-section-height-default\" data-id=\"304c3fd1\" data-element_type=\"section\">\n\t\t\t\t\t\t<div class=\"elementor-container elementor-column-gap-default\">\n\t\t\t\t\t<div class=\"elementor-column elementor-col-100 elementor-top-column elementor-element elementor-element-5299dc18\" data-id=\"5299dc18\" data-element_type=\"column\">\n\t\t\t<div class=\"elementor-widget-wrap elementor-element-populated\">\n\t\t\t\t\t\t\t\t<div class=\"elementor-element elementor-element-4931af3 elementor-widget elementor-widget-heading\" data-id=\"4931af3\" data-element_type=\"widget\" data-widget_type=\"heading.default\">\n\t\t\t\t<div class=\"elementor-widget-container\">\n\t\t\t<h2 class=\"elementor-heading-title elementor-size-default\">Servi\u00e7o de Reparo de Detector de G\u00e1s<\/h2>\t\t<\/div>\n\t\t\t\t<\/div>\n\t\t\t\t<div class=\"elementor-element elementor-element-da8d413 elementor-widget elementor-widget-text-editor\" data-id=\"da8d413\" data-element_type=\"widget\" data-widget_type=\"text-editor.default\">\n\t\t\t\t<div class=\"elementor-widget-container\">\n\t\t\t\t\t\t\t<p>Nosso laborat\u00f3rio segue rigorosamente a norma ISO 17025 garantindo assim a qualidade dos servi\u00e7os de calibra\u00e7\u00e3o prestados.<\/p><p>Trabalhamos com estoque constante de pe\u00e7as e partes dos equipamentos que vendemos para que possamos oferecer a maior agilidade poss\u00edvel na presta\u00e7\u00e3o de servi\u00e7os de reparo.<\/p>\t\t\t\t\t\t<\/div>\n\t\t\t\t<\/div>\n\t\t\t\t\t<\/div>\n\t\t<\/div>\n\t\t\t\t\t\t\t<\/div>\n\t\t<\/section>\n\t\t\t\t\t\t\t<\/div>\n\t\t","protected":false},"excerpt":{"rendered":"<p>Servi\u00e7o de Reparo de Detector de G\u00e1s Nosso laborat\u00f3rio segue rigorosamente a norma ISO 17025 garantindo assim a qualidade dos servi\u00e7os de calibra\u00e7\u00e3o prestados. Trabalhamos com estoque constante de pe\u00e7as e partes dos equipamentos que vendemos para que possamos oferecer a maior agilidade poss\u00edvel na presta\u00e7\u00e3o de servi\u00e7os de reparo.<\/p>\n","protected":false},"author":4,"featured_media":0,"parent":0,"menu_order":0,"comment_status":"closed","ping_status":"closed","template":"","meta":{"footnotes":""},"_links":{"self":[{"href":"https:\/\/acessopercon.com.br\/percon\/wp-json\/wp\/v2\/pages\/41385"}],"collection":[{"href":"https:\/\/acessopercon.com.br\/percon\/wp-json\/wp\/v2\/pages"}],"about":[{"href":"https:\/\/acessopercon.com.br\/percon\/wp-json\/wp\/v2\/types\/page"}],"author":[{"embeddable":true,"href":"https:\/\/acessopercon.com.br\/percon\/wp-json\/wp\/v2\/users\/4"}],"replies":[{"embeddable":true,"href":"https:\/\/acessopercon.com.br\/percon\/wp-json\/wp\/v2\/comments?post=41385"}],"version-history":[{"count":9,"href":"https:\/\/acessopercon.com.br\/percon\/wp-json\/wp\/v2\/pages\/41385\/revisions"}],"predecessor-version":[{"id":53599,"href":"https:\/\/acessopercon.com.br\/percon\/wp-json\/wp\/v2\/pages\/41385\/revisions\/53599"}],"wp:attachment":[{"href":"https:\/\/acessopercon.com.br\/percon\/wp-json\/wp\/v2\/media?parent=41385"}],"curies":[{"name":"wp","href":"https:\/\/api.w.org\/{rel}","templated":true}]}}