{"id":41319,"date":"2016-04-07T02:12:34","date_gmt":"2016-04-07T02:12:34","guid":{"rendered":"http:\/\/acessopercon.com.br\/percon\/?page_id=41319"},"modified":"2016-04-07T02:12:34","modified_gmt":"2016-04-07T02:12:34","slug":"manutencao-eletronica","status":"publish","type":"page","link":"https:\/\/acessopercon.com.br\/percon\/manutencao-eletronica\/","title":{"rendered":"Manuten\u00e7\u00e3o eletr\u00f4nica"},"content":{"rendered":"<p>[vc_row][vc_column][dt_blog_posts column_width=&#8221;&#8221; same_width=&#8221;true&#8221; number=&#8221;100&#8243; show_read_more_button=&#8221;true&#8221; category=&#8221;analisadores-de-espectro,carga-eletronica,cargas-eletronicas,fonte-de-alimentacao,fonte-de-alimentacao-programavel,fonte-de-alimentacao-tripla,simulador-de-bateria,fontes-de-alimentacao,fontes-de-alimentacao-da-bk-precison,gerador-arbitrario,gerador-de-funcoes,manutencao-automotiva,reparo-em-placas-eletronicas,medidor-de-rlc,medidor-de-rlc-de-precisao,multimetro-de-bancada,multimetro-de-campo,multimetro-da-serie-170-da-fluke,multimetro-de-precisao,multimetro-digital-com-registro-industrial,multimetro-em-conformidade-com-a-nr10,multimetro-para-eletricistas,multimetro-resistente-a-agua-e-poeira,multimetro-true-rms,osciloscopio-digital-de-campo,osciloscopio-digital,osciloscopio-digital-educacional,osciloscopio-com-canal-isolado,osciloscopios-digitais-tektronix,osciloscopios-tektronix-de-50mhz-a-200mhz,osciloscopio-uso-em-campo,osciloscopios,osciloscopios-portateis-de-campo,osciloscopios-usb-picoscope&#8221;][\/vc_column][\/vc_row]<\/p>\n","protected":false},"excerpt":{"rendered":"<p>[vc_row][vc_column][dt_blog_posts column_width=&#8221;&#8221; same_width=&#8221;true&#8221; number=&#8221;100&#8243; show_read_more_button=&#8221;true&#8221; category=&#8221;analisadores-de-espectro,carga-eletronica,cargas-eletronicas,fonte-de-alimentacao,fonte-de-alimentacao-programavel,fonte-de-alimentacao-tripla,simulador-de-bateria,fontes-de-alimentacao,fontes-de-alimentacao-da-bk-precison,gerador-arbitrario,gerador-de-funcoes,manutencao-automotiva,reparo-em-placas-eletronicas,medidor-de-rlc,medidor-de-rlc-de-precisao,multimetro-de-bancada,multimetro-de-campo,multimetro-da-serie-170-da-fluke,multimetro-de-precisao,multimetro-digital-com-registro-industrial,multimetro-em-conformidade-com-a-nr10,multimetro-para-eletricistas,multimetro-resistente-a-agua-e-poeira,multimetro-true-rms,osciloscopio-digital-de-campo,osciloscopio-digital,osciloscopio-digital-educacional,osciloscopio-com-canal-isolado,osciloscopios-digitais-tektronix,osciloscopios-tektronix-de-50mhz-a-200mhz,osciloscopio-uso-em-campo,osciloscopios,osciloscopios-portateis-de-campo,osciloscopios-usb-picoscope&#8221;][\/vc_column][\/vc_row]<\/p>\n","protected":false},"author":4,"featured_media":0,"parent":0,"menu_order":0,"comment_status":"closed","ping_status":"closed","template":"","meta":{"footnotes":""},"_links":{"self":[{"href":"https:\/\/acessopercon.com.br\/percon\/wp-json\/wp\/v2\/pages\/41319"}],"collection":[{"href":"https:\/\/acessopercon.com.br\/percon\/wp-json\/wp\/v2\/pages"}],"about":[{"href":"https:\/\/acessopercon.com.br\/percon\/wp-json\/wp\/v2\/types\/page"}],"author":[{"embeddable":true,"href":"https:\/\/acessopercon.com.br\/percon\/wp-json\/wp\/v2\/users\/4"}],"replies":[{"embeddable":true,"href":"https:\/\/acessopercon.com.br\/percon\/wp-json\/wp\/v2\/comments?post=41319"}],"version-history":[{"count":0,"href":"https:\/\/acessopercon.com.br\/percon\/wp-json\/wp\/v2\/pages\/41319\/revisions"}],"wp:attachment":[{"href":"https:\/\/acessopercon.com.br\/percon\/wp-json\/wp\/v2\/media?parent=41319"}],"curies":[{"name":"wp","href":"https:\/\/api.w.org\/{rel}","templated":true}]}}