{"id":41316,"date":"2016-04-07T02:12:23","date_gmt":"2016-04-07T02:12:23","guid":{"rendered":"http:\/\/acessopercon.com.br\/percon\/?page_id=41316"},"modified":"2016-04-07T02:12:23","modified_gmt":"2016-04-07T02:12:23","slug":"analise-de-vibracao","status":"publish","type":"page","link":"https:\/\/acessopercon.com.br\/percon\/analise-de-vibracao\/","title":{"rendered":"An\u00e1lise de Vibra\u00e7\u00e3o"},"content":{"rendered":"<p>[vc_row][vc_column][dt_blog_posts column_width=&#8221;&#8221; same_width=&#8221;true&#8221; number=&#8221;100&#8243; order=&#8221;asc&#8221; show_read_more_button=&#8221;true&#8221; category=&#8221;analise-de-vibracao,analisadores-de-vibracoes&#8221;][\/vc_column][\/vc_row]<\/p>\n","protected":false},"excerpt":{"rendered":"<p>[vc_row][vc_column][dt_blog_posts column_width=&#8221;&#8221; same_width=&#8221;true&#8221; number=&#8221;100&#8243; order=&#8221;asc&#8221; show_read_more_button=&#8221;true&#8221; category=&#8221;analise-de-vibracao,analisadores-de-vibracoes&#8221;][\/vc_column][\/vc_row]<\/p>\n","protected":false},"author":4,"featured_media":0,"parent":0,"menu_order":0,"comment_status":"closed","ping_status":"closed","template":"","meta":{"footnotes":""},"_links":{"self":[{"href":"https:\/\/acessopercon.com.br\/percon\/wp-json\/wp\/v2\/pages\/41316"}],"collection":[{"href":"https:\/\/acessopercon.com.br\/percon\/wp-json\/wp\/v2\/pages"}],"about":[{"href":"https:\/\/acessopercon.com.br\/percon\/wp-json\/wp\/v2\/types\/page"}],"author":[{"embeddable":true,"href":"https:\/\/acessopercon.com.br\/percon\/wp-json\/wp\/v2\/users\/4"}],"replies":[{"embeddable":true,"href":"https:\/\/acessopercon.com.br\/percon\/wp-json\/wp\/v2\/comments?post=41316"}],"version-history":[{"count":0,"href":"https:\/\/acessopercon.com.br\/percon\/wp-json\/wp\/v2\/pages\/41316\/revisions"}],"wp:attachment":[{"href":"https:\/\/acessopercon.com.br\/percon\/wp-json\/wp\/v2\/media?parent=41316"}],"curies":[{"name":"wp","href":"https:\/\/api.w.org\/{rel}","templated":true}]}}