{"id":41183,"date":"2016-04-07T01:36:29","date_gmt":"2016-04-07T01:36:29","guid":{"rendered":"http:\/\/acessopercon.com.br\/percon\/?page_id=41183"},"modified":"2022-05-27T23:45:14","modified_gmt":"2022-05-27T23:45:14","slug":"trabalho-em-altura-nr35","status":"publish","type":"page","link":"https:\/\/acessopercon.com.br\/percon\/trabalho-em-altura-nr35\/","title":{"rendered":"Trabalho em altura (NR35)"},"content":{"rendered":"\t\t<div data-elementor-type=\"wp-page\" data-elementor-id=\"41183\" class=\"elementor elementor-41183\">\n\t\t\t\t\t\t\t\t\t<section class=\"elementor-section elementor-top-section elementor-element elementor-element-b035241 elementor-section-boxed elementor-section-height-default elementor-section-height-default\" data-id=\"b035241\" data-element_type=\"section\">\n\t\t\t\t\t\t<div class=\"elementor-container elementor-column-gap-default\">\n\t\t\t\t\t<div class=\"elementor-column elementor-col-100 elementor-top-column elementor-element elementor-element-167a98c\" data-id=\"167a98c\" data-element_type=\"column\">\n\t\t\t<div class=\"elementor-widget-wrap elementor-element-populated\">\n\t\t\t\t\t\t\t\t<div class=\"elementor-element elementor-element-f0af32a elementor-widget elementor-widget-heading\" data-id=\"f0af32a\" data-element_type=\"widget\" data-widget_type=\"heading.default\">\n\t\t\t\t<div class=\"elementor-widget-container\">\n\t\t\t<h2 class=\"elementor-heading-title elementor-size-default\">Trabalho em altura (NR35)<\/h2>\t\t<\/div>\n\t\t\t\t<\/div>\n\t\t\t\t<div class=\"elementor-element elementor-element-e140aa0 elementor-widget elementor-widget-jet-posts\" data-id=\"e140aa0\" data-element_type=\"widget\" data-widget_type=\"jet-posts.default\">\n\t\t\t\t<div class=\"elementor-widget-container\">\n\t\t\t<div class=\"elementor-jet-posts jet-elements\"><div class=\"jet-posts col-row  jet-equal-cols\"><div class=\"jet-posts__item col-desk-3\">\n\t<div class=\"jet-posts__inner-box\"><div class=\"jet-posts__inner-content\"><h4 class=\"entry-title\"><a href=\"https:\/\/acessopercon.com.br\/percon\/cintos-de-seguranca-para-trabalho-em-altura\/\">Cintos de seguran\u00e7a para trabalho em altura<\/a><\/h4><div class=\"jet-more-wrap\"><a href=\"https:\/\/acessopercon.com.br\/percon\/cintos-de-seguranca-para-trabalho-em-altura\/\" class=\"btn btn-primary elementor-button elementor-size-md jet-more\"><span class=\"btn__text\">Mais detalhes<\/span><\/a><\/div><\/div><\/div>\n<\/div>\n<div class=\"jet-posts__item col-desk-3\">\n\t<div class=\"jet-posts__inner-box\"><div class=\"jet-posts__inner-content\"><h4 class=\"entry-title\"><a href=\"https:\/\/acessopercon.com.br\/percon\/talabartes\/\">Talabartes<\/a><\/h4><div class=\"jet-more-wrap\"><a href=\"https:\/\/acessopercon.com.br\/percon\/talabartes\/\" class=\"btn btn-primary elementor-button elementor-size-md jet-more\"><span class=\"btn__text\">Mais detalhes<\/span><\/a><\/div><\/div><\/div>\n<\/div>\n<div class=\"jet-posts__item col-desk-3\">\n\t<div class=\"jet-posts__inner-box\"><div class=\"jet-posts__inner-content\"><h4 class=\"entry-title\"><a href=\"https:\/\/acessopercon.com.br\/percon\/ascensores\/\">Ascensores<\/a><\/h4><div class=\"jet-more-wrap\"><a href=\"https:\/\/acessopercon.com.br\/percon\/ascensores\/\" class=\"btn btn-primary elementor-button elementor-size-md jet-more\"><span class=\"btn__text\">Mais detalhes<\/span><\/a><\/div><\/div><\/div>\n<\/div>\n<\/div>\n<\/div>\t\t<\/div>\n\t\t\t\t<\/div>\n\t\t\t\t\t<\/div>\n\t\t<\/div>\n\t\t\t\t\t\t\t<\/div>\n\t\t<\/section>\n\t\t\t\t\t\t\t<\/div>\n\t\t","protected":false},"excerpt":{"rendered":"<p>Trabalho em altura (NR35) Capacetes Mais detalhes Cintos de seguran\u00e7a para trabalho em altura Mais detalhes Conectores (mosquet\u00f5es &#8211; malhas r\u00e1pidas) Mais detalhes Trava quedas Mais detalhes Talabartes Mais detalhes Ascensores Mais detalhes Descensores Mais detalhes Cordas &#038; cordins Mais detalhes Ancoragens e fitas Mais detalhes Polias e blocos Mais detalhes Luva t\u00e9cnica Mais detalhes<\/p>\n","protected":false},"author":4,"featured_media":0,"parent":0,"menu_order":0,"comment_status":"closed","ping_status":"closed","template":"","meta":{"footnotes":""},"_links":{"self":[{"href":"https:\/\/acessopercon.com.br\/percon\/wp-json\/wp\/v2\/pages\/41183"}],"collection":[{"href":"https:\/\/acessopercon.com.br\/percon\/wp-json\/wp\/v2\/pages"}],"about":[{"href":"https:\/\/acessopercon.com.br\/percon\/wp-json\/wp\/v2\/types\/page"}],"author":[{"embeddable":true,"href":"https:\/\/acessopercon.com.br\/percon\/wp-json\/wp\/v2\/users\/4"}],"replies":[{"embeddable":true,"href":"https:\/\/acessopercon.com.br\/percon\/wp-json\/wp\/v2\/comments?post=41183"}],"version-history":[{"count":6,"href":"https:\/\/acessopercon.com.br\/percon\/wp-json\/wp\/v2\/pages\/41183\/revisions"}],"predecessor-version":[{"id":53593,"href":"https:\/\/acessopercon.com.br\/percon\/wp-json\/wp\/v2\/pages\/41183\/revisions\/53593"}],"wp:attachment":[{"href":"https:\/\/acessopercon.com.br\/percon\/wp-json\/wp\/v2\/media?parent=41183"}],"curies":[{"name":"wp","href":"https:\/\/api.w.org\/{rel}","templated":true}]}}