{"id":41181,"date":"2016-04-07T01:36:43","date_gmt":"2016-04-07T01:36:43","guid":{"rendered":"http:\/\/acessopercon.com.br\/percon\/?page_id=41181"},"modified":"2022-05-27T23:44:53","modified_gmt":"2022-05-27T23:44:53","slug":"espaco-confinado-nr33","status":"publish","type":"page","link":"https:\/\/acessopercon.com.br\/percon\/espaco-confinado-nr33\/","title":{"rendered":"Espa\u00e7o confinado (NR33)"},"content":{"rendered":"\t\t<div data-elementor-type=\"wp-page\" data-elementor-id=\"41181\" class=\"elementor elementor-41181\">\n\t\t\t\t\t\t\t\t\t<section class=\"elementor-section elementor-top-section elementor-element elementor-element-f4d5f8f elementor-section-boxed elementor-section-height-default elementor-section-height-default\" data-id=\"f4d5f8f\" data-element_type=\"section\">\n\t\t\t\t\t\t<div class=\"elementor-container elementor-column-gap-default\">\n\t\t\t\t\t<div class=\"elementor-column elementor-col-100 elementor-top-column elementor-element elementor-element-ee79df4\" data-id=\"ee79df4\" data-element_type=\"column\">\n\t\t\t<div class=\"elementor-widget-wrap elementor-element-populated\">\n\t\t\t\t\t\t\t\t<div class=\"elementor-element elementor-element-de69bf8 elementor-widget elementor-widget-heading\" data-id=\"de69bf8\" data-element_type=\"widget\" data-widget_type=\"heading.default\">\n\t\t\t\t<div class=\"elementor-widget-container\">\n\t\t\t<h2 class=\"elementor-heading-title elementor-size-default\">Espa\u00e7o confinado (NR33)<\/h2>\t\t<\/div>\n\t\t\t\t<\/div>\n\t\t\t\t<div class=\"elementor-element elementor-element-212dac2 elementor-widget elementor-widget-jet-posts\" data-id=\"212dac2\" data-element_type=\"widget\" data-widget_type=\"jet-posts.default\">\n\t\t\t\t<div class=\"elementor-widget-container\">\n\t\t\t<div class=\"elementor-jet-posts jet-elements\"><div class=\"jet-posts col-row  jet-equal-cols\"><div class=\"jet-posts__item col-desk-3\">\n\t<div class=\"jet-posts__inner-box\"><div class=\"jet-posts__inner-content\"><h4 class=\"entry-title\"><a href=\"https:\/\/acessopercon.com.br\/percon\/tripe-e-monope-recomendados-para-atividades-em-espacos-confinados-nr33\/\">Trip\u00e9 e Monop\u00e9, recomendados para atividades em ESPA\u00c7OS CONFINADOS NR33<\/a><\/h4><div class=\"jet-more-wrap\"><a href=\"https:\/\/acessopercon.com.br\/percon\/tripe-e-monope-recomendados-para-atividades-em-espacos-confinados-nr33\/\" class=\"btn btn-primary elementor-button elementor-size-md jet-more\"><span class=\"btn__text\">Mais detalhes<\/span><\/a><\/div><\/div><\/div>\n<\/div>\n<div class=\"jet-posts__item col-desk-3\">\n\t<div class=\"jet-posts__inner-box\"><div class=\"jet-posts__inner-content\"><h4 class=\"entry-title\"><a href=\"https:\/\/acessopercon.com.br\/percon\/cintos-de-seguranca-para-trabalho-em-altura-recomendado-para-atividades-em-espacos-confinados-nr33\/\">Cintos de seguran\u00e7a para trabalho em altura, recomendado para atividades em espa\u00e7os confinados NR33<\/a><\/h4><div class=\"jet-more-wrap\"><a href=\"https:\/\/acessopercon.com.br\/percon\/cintos-de-seguranca-para-trabalho-em-altura-recomendado-para-atividades-em-espacos-confinados-nr33\/\" class=\"btn btn-primary elementor-button elementor-size-md jet-more\"><span class=\"btn__text\">Mais detalhes<\/span><\/a><\/div><\/div><\/div>\n<\/div>\n<div class=\"jet-posts__item col-desk-3\">\n\t<div class=\"jet-posts__inner-box\"><div class=\"jet-posts__inner-content\"><h4 class=\"entry-title\"><a href=\"https:\/\/acessopercon.com.br\/percon\/polias-e-blocos-2\/\">Polias e blocos<\/a><\/h4><div class=\"jet-more-wrap\"><a href=\"https:\/\/acessopercon.com.br\/percon\/polias-e-blocos-2\/\" class=\"btn btn-primary elementor-button elementor-size-md jet-more\"><span class=\"btn__text\">Mais detalhes<\/span><\/a><\/div><\/div><\/div>\n<\/div>\n<div class=\"jet-posts__item col-desk-3\">\n\t<div class=\"jet-posts__inner-box\"><div class=\"jet-posts__inner-content\"><h4 class=\"entry-title\"><a href=\"https:\/\/acessopercon.com.br\/percon\/luva-tecnica-2\/\">Luva t\u00e9cnica<\/a><\/h4><div class=\"jet-more-wrap\"><a href=\"https:\/\/acessopercon.com.br\/percon\/luva-tecnica-2\/\" class=\"btn btn-primary elementor-button elementor-size-md jet-more\"><span class=\"btn__text\">Mais detalhes<\/span><\/a><\/div><\/div><\/div>\n<\/div>\n<div class=\"jet-posts__item col-desk-3\">\n\t<div class=\"jet-posts__inner-box\"><div class=\"jet-posts__inner-content\"><h4 class=\"entry-title\"><a href=\"https:\/\/acessopercon.com.br\/percon\/exaustor-e-insuflador-portatil\/\">Exaustor e insuflador de ar port\u00e1til<\/a><\/h4><div class=\"jet-more-wrap\"><a href=\"https:\/\/acessopercon.com.br\/percon\/exaustor-e-insuflador-portatil\/\" class=\"btn btn-primary elementor-button elementor-size-md jet-more\"><span class=\"btn__text\">Mais detalhes<\/span><\/a><\/div><\/div><\/div>\n<\/div>\n<div class=\"jet-posts__item col-desk-3\">\n\t<div class=\"jet-posts__inner-box\"><div class=\"jet-posts__inner-content\"><h4 class=\"entry-title\"><a href=\"https:\/\/acessopercon.com.br\/percon\/insuflador\/\">Insuflador e exaustor intrinsecamente seguro<\/a><\/h4><div class=\"jet-more-wrap\"><a href=\"https:\/\/acessopercon.com.br\/percon\/insuflador\/\" class=\"btn btn-primary elementor-button elementor-size-md jet-more\"><span class=\"btn__text\">Mais detalhes<\/span><\/a><\/div><\/div><\/div>\n<\/div>\n<div class=\"jet-posts__item col-desk-3\">\n\t<div class=\"jet-posts__inner-box\"><div class=\"jet-posts__inner-content\"><h4 class=\"entry-title\"><a href=\"https:\/\/acessopercon.com.br\/percon\/tripe-portatil-em-aluminio\/\">Trip\u00e9 port\u00e1til em alum\u00ednio<\/a><\/h4><div class=\"jet-more-wrap\"><a href=\"https:\/\/acessopercon.com.br\/percon\/tripe-portatil-em-aluminio\/\" class=\"btn btn-primary elementor-button elementor-size-md jet-more\"><span class=\"btn__text\">Mais detalhes<\/span><\/a><\/div><\/div><\/div>\n<\/div>\n<div class=\"jet-posts__item col-desk-3\">\n\t<div class=\"jet-posts__inner-box\"><div class=\"jet-posts__inner-content\"><h4 class=\"entry-title\"><a href=\"https:\/\/acessopercon.com.br\/percon\/monope\/\">Monop\u00e9 bipartido, em a\u00e7o ou tripartido<\/a><\/h4><div class=\"jet-more-wrap\"><a href=\"https:\/\/acessopercon.com.br\/percon\/monope\/\" class=\"btn btn-primary elementor-button elementor-size-md jet-more\"><span class=\"btn__text\">Mais detalhes<\/span><\/a><\/div><\/div><\/div>\n<\/div>\n<div class=\"jet-posts__item col-desk-3\">\n\t<div class=\"jet-posts__inner-box\"><div class=\"jet-posts__inner-content\"><h4 class=\"entry-title\"><a href=\"https:\/\/acessopercon.com.br\/percon\/guincho-resgatador\/\">Guincho resgatador 15m com cabo inox ou cabo sint\u00e9tico ( Resgate )<\/a><\/h4><div class=\"jet-more-wrap\"><a href=\"https:\/\/acessopercon.com.br\/percon\/guincho-resgatador\/\" class=\"btn btn-primary elementor-button elementor-size-md jet-more\"><span class=\"btn__text\">Mais detalhes<\/span><\/a><\/div><\/div><\/div>\n<\/div>\n<div class=\"jet-posts__item col-desk-3\">\n\t<div class=\"jet-posts__inner-box\"><div class=\"jet-posts__inner-content\"><h4 class=\"entry-title\"><a href=\"https:\/\/acessopercon.com.br\/percon\/monitores-de-area-radius-bz1\/\">Monitores de \u00e1rea Radius\u2122 BZ1<\/a><\/h4><div class=\"jet-more-wrap\"><a href=\"https:\/\/acessopercon.com.br\/percon\/monitores-de-area-radius-bz1\/\" class=\"btn btn-primary elementor-button elementor-size-md jet-more\"><span class=\"btn__text\">Mais detalhes<\/span><\/a><\/div><\/div><\/div>\n<\/div>\n<div class=\"jet-posts__item col-desk-3\">\n\t<div class=\"jet-posts__inner-box\"><div class=\"jet-posts__inner-content\"><h4 class=\"entry-title\"><a href=\"https:\/\/acessopercon.com.br\/percon\/monitor-de-area-radius-bz1\/\">Monitor de \u00e1rea Radius BZ1<\/a><\/h4><div class=\"jet-more-wrap\"><a href=\"https:\/\/acessopercon.com.br\/percon\/monitor-de-area-radius-bz1\/\" class=\"btn btn-primary elementor-button elementor-size-md jet-more\"><span class=\"btn__text\">Mais detalhes<\/span><\/a><\/div><\/div><\/div>\n<\/div>\n<div class=\"jet-posts__item col-desk-3\">\n\t<div class=\"jet-posts__inner-box\"><div class=\"jet-posts__inner-content\"><h4 class=\"entry-title\"><a href=\"https:\/\/acessopercon.com.br\/percon\/detector-a-prova-de-explosao-com-selo-do-inmetro\/\">Detector a prova de explos\u00e3o com selo do Inmetro<\/a><\/h4><div class=\"jet-more-wrap\"><a href=\"https:\/\/acessopercon.com.br\/percon\/detector-a-prova-de-explosao-com-selo-do-inmetro\/\" class=\"btn btn-primary elementor-button elementor-size-md jet-more\"><span class=\"btn__text\">Mais detalhes<\/span><\/a><\/div><\/div><\/div>\n<\/div>\n<div class=\"jet-posts__item col-desk-3\">\n\t<div class=\"jet-posts__inner-box\"><div class=\"jet-posts__inner-content\"><h4 class=\"entry-title\"><a href=\"https:\/\/acessopercon.com.br\/percon\/gas-inflamavel-detector-em-de-volume\/\">G\u00e1s inflam\u00e1vel - detector em % de volume<\/a><\/h4><div class=\"jet-more-wrap\"><a href=\"https:\/\/acessopercon.com.br\/percon\/gas-inflamavel-detector-em-de-volume\/\" class=\"btn btn-primary elementor-button elementor-size-md jet-more\"><span class=\"btn__text\">Mais detalhes<\/span><\/a><\/div><\/div><\/div>\n<\/div>\n<div class=\"jet-posts__item col-desk-3\">\n\t<div class=\"jet-posts__inner-box\"><div class=\"jet-posts__inner-content\"><h4 class=\"entry-title\"><a href=\"https:\/\/acessopercon.com.br\/percon\/detector-de-hidrogenio-h2\/\">Detector de hidrog\u00eanio H2<\/a><\/h4><div class=\"jet-more-wrap\"><a href=\"https:\/\/acessopercon.com.br\/percon\/detector-de-hidrogenio-h2\/\" class=\"btn btn-primary elementor-button elementor-size-md jet-more\"><span class=\"btn__text\">Mais detalhes<\/span><\/a><\/div><\/div><\/div>\n<\/div>\n<div class=\"jet-posts__item col-desk-3\">\n\t<div class=\"jet-posts__inner-box\"><div class=\"jet-posts__inner-content\"><h4 class=\"entry-title\"><a href=\"https:\/\/acessopercon.com.br\/percon\/detector-de-fosfina-ph3\/\">Detector de fosfina PH3<\/a><\/h4><div class=\"jet-more-wrap\"><a href=\"https:\/\/acessopercon.com.br\/percon\/detector-de-fosfina-ph3\/\" class=\"btn btn-primary elementor-button elementor-size-md jet-more\"><span class=\"btn__text\">Mais detalhes<\/span><\/a><\/div><\/div><\/div>\n<\/div>\n<div class=\"jet-posts__item col-desk-3\">\n\t<div class=\"jet-posts__inner-box\"><div class=\"jet-posts__inner-content\"><h4 class=\"entry-title\"><a href=\"https:\/\/acessopercon.com.br\/percon\/detector-de-dioxido-de-cloro-clo2\/\">Detector de di\u00f3xido de cloro ClO2<\/a><\/h4><div class=\"jet-more-wrap\"><a href=\"https:\/\/acessopercon.com.br\/percon\/detector-de-dioxido-de-cloro-clo2\/\" class=\"btn btn-primary elementor-button elementor-size-md jet-more\"><span class=\"btn__text\">Mais detalhes<\/span><\/a><\/div><\/div><\/div>\n<\/div>\n<div class=\"jet-posts__item col-desk-3\">\n\t<div class=\"jet-posts__inner-box\"><div class=\"jet-posts__inner-content\"><h4 class=\"entry-title\"><a href=\"https:\/\/acessopercon.com.br\/percon\/detector-de-gases-toxicos\/\">Detector de gases t\u00f3xicos<\/a><\/h4><div class=\"jet-more-wrap\"><a href=\"https:\/\/acessopercon.com.br\/percon\/detector-de-gases-toxicos\/\" class=\"btn btn-primary elementor-button elementor-size-md jet-more\"><span class=\"btn__text\">Mais detalhes<\/span><\/a><\/div><\/div><\/div>\n<\/div>\n<div class=\"jet-posts__item col-desk-3\">\n\t<div class=\"jet-posts__inner-box\"><div class=\"jet-posts__inner-content\"><h4 class=\"entry-title\"><a href=\"https:\/\/acessopercon.com.br\/percon\/detector-de-cianeto-de-hidrogenio-hcn\/\">Detector de cianeto de hidrog\u00eanio HCN<\/a><\/h4><div class=\"jet-more-wrap\"><a href=\"https:\/\/acessopercon.com.br\/percon\/detector-de-cianeto-de-hidrogenio-hcn\/\" class=\"btn btn-primary elementor-button elementor-size-md jet-more\"><span class=\"btn__text\">Mais detalhes<\/span><\/a><\/div><\/div><\/div>\n<\/div>\n<div class=\"jet-posts__item col-desk-3\">\n\t<div class=\"jet-posts__inner-box\"><div class=\"jet-posts__inner-content\"><h4 class=\"entry-title\"><a href=\"https:\/\/acessopercon.com.br\/percon\/detector-de-dioxido-de-enxofre\/\">Detector de di\u00f3xido de enxofre SO2<\/a><\/h4><div class=\"jet-more-wrap\"><a href=\"https:\/\/acessopercon.com.br\/percon\/detector-de-dioxido-de-enxofre\/\" class=\"btn btn-primary elementor-button elementor-size-md jet-more\"><span class=\"btn__text\">Mais detalhes<\/span><\/a><\/div><\/div><\/div>\n<\/div>\n<div class=\"jet-posts__item col-desk-3\">\n\t<div class=\"jet-posts__inner-box\"><div class=\"jet-posts__inner-content\"><h4 class=\"entry-title\"><a href=\"https:\/\/acessopercon.com.br\/percon\/detector-de-dioxido-de-nitrogenio-no2\/\">Detector de di\u00f3xido de nitrog\u00eanio NO2<\/a><\/h4><div class=\"jet-more-wrap\"><a href=\"https:\/\/acessopercon.com.br\/percon\/detector-de-dioxido-de-nitrogenio-no2\/\" class=\"btn btn-primary elementor-button elementor-size-md jet-more\"><span class=\"btn__text\">Mais detalhes<\/span><\/a><\/div><\/div><\/div>\n<\/div>\n<div class=\"jet-posts__item col-desk-3\">\n\t<div class=\"jet-posts__inner-box\"><div class=\"jet-posts__inner-content\"><h4 class=\"entry-title\"><a href=\"https:\/\/acessopercon.com.br\/percon\/detector-de-voc\/\">Detector de VOC ou COV - Compostos Org\u00e2nicos Vol\u00e1teis<\/a><\/h4><div class=\"jet-more-wrap\"><a href=\"https:\/\/acessopercon.com.br\/percon\/detector-de-voc\/\" class=\"btn btn-primary elementor-button elementor-size-md jet-more\"><span class=\"btn__text\">Mais detalhes<\/span><\/a><\/div><\/div><\/div>\n<\/div>\n<div class=\"jet-posts__item col-desk-3\">\n\t<div class=\"jet-posts__inner-box\"><div class=\"jet-posts__inner-content\"><h4 class=\"entry-title\"><a href=\"https:\/\/acessopercon.com.br\/percon\/detector-de-cloro-cl2\/\">Detector de cloro Cl2<\/a><\/h4><div class=\"jet-more-wrap\"><a href=\"https:\/\/acessopercon.com.br\/percon\/detector-de-cloro-cl2\/\" class=\"btn btn-primary elementor-button elementor-size-md jet-more\"><span class=\"btn__text\">Mais detalhes<\/span><\/a><\/div><\/div><\/div>\n<\/div>\n<div class=\"jet-posts__item col-desk-3\">\n\t<div class=\"jet-posts__inner-box\"><div class=\"jet-posts__inner-content\"><h4 class=\"entry-title\"><a href=\"https:\/\/acessopercon.com.br\/percon\/detector-de-dioxido-de-carbono-co2\/\">Detector de di\u00f3xido de carbono CO2<\/a><\/h4><div class=\"jet-more-wrap\"><a href=\"https:\/\/acessopercon.com.br\/percon\/detector-de-dioxido-de-carbono-co2\/\" class=\"btn btn-primary elementor-button elementor-size-md jet-more\"><span class=\"btn__text\">Mais detalhes<\/span><\/a><\/div><\/div><\/div>\n<\/div>\n<div class=\"jet-posts__item col-desk-3\">\n\t<div class=\"jet-posts__inner-box\"><div class=\"jet-posts__inner-content\"><h4 class=\"entry-title\"><a href=\"https:\/\/acessopercon.com.br\/percon\/detector-de-sulfeto-de-hidrogenio-h2s\/\">Detector de sulfeto de hidrog\u00eanio H2S<\/a><\/h4><div class=\"jet-more-wrap\"><a href=\"https:\/\/acessopercon.com.br\/percon\/detector-de-sulfeto-de-hidrogenio-h2s\/\" class=\"btn btn-primary elementor-button elementor-size-md jet-more\"><span class=\"btn__text\">Mais detalhes<\/span><\/a><\/div><\/div><\/div>\n<\/div>\n<div class=\"jet-posts__item col-desk-3\">\n\t<div class=\"jet-posts__inner-box\"><div class=\"jet-posts__inner-content\"><h4 class=\"entry-title\"><a href=\"https:\/\/acessopercon.com.br\/percon\/detector-de-inflamavel\/\">Detector de inflam\u00e1veis com resultados em % LEL<\/a><\/h4><div class=\"jet-more-wrap\"><a href=\"https:\/\/acessopercon.com.br\/percon\/detector-de-inflamavel\/\" class=\"btn btn-primary elementor-button elementor-size-md jet-more\"><span class=\"btn__text\">Mais detalhes<\/span><\/a><\/div><\/div><\/div>\n<\/div>\n<div class=\"jet-posts__item col-desk-3\">\n\t<div class=\"jet-posts__inner-box\"><div class=\"jet-posts__inner-content\"><h4 class=\"entry-title\"><a href=\"https:\/\/acessopercon.com.br\/percon\/detector-de-oxigenio\/\">Detector de oxig\u00eanio O2<\/a><\/h4><div class=\"jet-more-wrap\"><a href=\"https:\/\/acessopercon.com.br\/percon\/detector-de-oxigenio\/\" class=\"btn btn-primary elementor-button elementor-size-md jet-more\"><span class=\"btn__text\">Mais detalhes<\/span><\/a><\/div><\/div><\/div>\n<\/div>\n<div class=\"jet-posts__item col-desk-3\">\n\t<div class=\"jet-posts__inner-box\"><div class=\"jet-posts__inner-content\"><h4 class=\"entry-title\"><a href=\"https:\/\/acessopercon.com.br\/percon\/detector-de-gases-refrigerantes\/\">Detector de gases refrigerantes<\/a><\/h4><div class=\"jet-more-wrap\"><a href=\"https:\/\/acessopercon.com.br\/percon\/detector-de-gases-refrigerantes\/\" class=\"btn btn-primary elementor-button elementor-size-md jet-more\"><span class=\"btn__text\">Mais detalhes<\/span><\/a><\/div><\/div><\/div>\n<\/div>\n<div class=\"jet-posts__item col-desk-3\">\n\t<div class=\"jet-posts__inner-box\"><div class=\"jet-posts__inner-content\"><h4 class=\"entry-title\"><a href=\"https:\/\/acessopercon.com.br\/percon\/detector-de-monoxido-de-carbono-co\/\">Detector de mon\u00f3xido de carbono CO<\/a><\/h4><div class=\"jet-more-wrap\"><a href=\"https:\/\/acessopercon.com.br\/percon\/detector-de-monoxido-de-carbono-co\/\" class=\"btn btn-primary elementor-button elementor-size-md jet-more\"><span class=\"btn__text\">Mais detalhes<\/span><\/a><\/div><\/div><\/div>\n<\/div>\n<div class=\"jet-posts__item col-desk-3\">\n\t<div class=\"jet-posts__inner-box\"><div class=\"jet-posts__inner-content\"><h4 class=\"entry-title\"><a href=\"https:\/\/acessopercon.com.br\/percon\/detector-de-amonia-nh3\/\">Detector de am\u00f4nia NH3<\/a><\/h4><div class=\"jet-more-wrap\"><a href=\"https:\/\/acessopercon.com.br\/percon\/detector-de-amonia-nh3\/\" class=\"btn btn-primary elementor-button elementor-size-md jet-more\"><span class=\"btn__text\">Mais detalhes<\/span><\/a><\/div><\/div><\/div>\n<\/div>\n<div class=\"jet-posts__item col-desk-3\">\n\t<div class=\"jet-posts__inner-box\"><div class=\"jet-posts__inner-content\"><h4 class=\"entry-title\"><a href=\"https:\/\/acessopercon.com.br\/percon\/explosimetro-detector-de-explosividade\/\">Explos\u00edmetro ou detector de explosividade<\/a><\/h4><div class=\"jet-more-wrap\"><a href=\"https:\/\/acessopercon.com.br\/percon\/explosimetro-detector-de-explosividade\/\" class=\"btn btn-primary elementor-button elementor-size-md jet-more\"><span class=\"btn__text\">Mais detalhes<\/span><\/a><\/div><\/div><\/div>\n<\/div>\n<\/div>\n<\/div>\t\t<\/div>\n\t\t\t\t<\/div>\n\t\t\t\t\t<\/div>\n\t\t<\/div>\n\t\t\t\t\t\t\t<\/div>\n\t\t<\/section>\n\t\t\t\t\t\t\t<\/div>\n\t\t","protected":false},"excerpt":{"rendered":"<p>Espa\u00e7o confinado (NR33) Trip\u00e9 e Monop\u00e9, recomendados para atividades em ESPA\u00c7OS CONFINADOS NR33 Mais detalhes Guinchos e resgatadores Mais detalhes Cintos de seguran\u00e7a para trabalho em altura, recomendado para atividades em espa\u00e7os confinados NR33 Mais detalhes Polias e blocos Mais detalhes Luva t\u00e9cnica Mais detalhes Maca envelope Mais detalhes Tri\u00e2ngulo de resgate Mais detalhes Exaustor [&hellip;]<\/p>\n","protected":false},"author":4,"featured_media":0,"parent":0,"menu_order":0,"comment_status":"closed","ping_status":"closed","template":"","meta":{"footnotes":""},"_links":{"self":[{"href":"https:\/\/acessopercon.com.br\/percon\/wp-json\/wp\/v2\/pages\/41181"}],"collection":[{"href":"https:\/\/acessopercon.com.br\/percon\/wp-json\/wp\/v2\/pages"}],"about":[{"href":"https:\/\/acessopercon.com.br\/percon\/wp-json\/wp\/v2\/types\/page"}],"author":[{"embeddable":true,"href":"https:\/\/acessopercon.com.br\/percon\/wp-json\/wp\/v2\/users\/4"}],"replies":[{"embeddable":true,"href":"https:\/\/acessopercon.com.br\/percon\/wp-json\/wp\/v2\/comments?post=41181"}],"version-history":[{"count":6,"href":"https:\/\/acessopercon.com.br\/percon\/wp-json\/wp\/v2\/pages\/41181\/revisions"}],"predecessor-version":[{"id":53587,"href":"https:\/\/acessopercon.com.br\/percon\/wp-json\/wp\/v2\/pages\/41181\/revisions\/53587"}],"wp:attachment":[{"href":"https:\/\/acessopercon.com.br\/percon\/wp-json\/wp\/v2\/media?parent=41181"}],"curies":[{"name":"wp","href":"https:\/\/api.w.org\/{rel}","templated":true}]}}