{"id":37880,"date":"2015-09-14T04:20:13","date_gmt":"2015-09-14T04:20:13","guid":{"rendered":"http:\/\/acessopercon.com.br\/percon\/?page_id=37880"},"modified":"2015-09-14T04:20:13","modified_gmt":"2015-09-14T04:20:13","slug":"trofeu-top-empreendedor-2013","status":"publish","type":"page","link":"https:\/\/acessopercon.com.br\/percon\/trofeu-top-empreendedor-2013\/","title":{"rendered":"Trof\u00e9u Top Empreendedor 2013"},"content":{"rendered":"<p>[vc_row margin_top=&#8221;40&#8243;][vc_column][vc_column_text]<\/p>\n<h3>Trof\u00e9u Top Empreendedor 2013<\/h3>\n<p>[\/vc_column_text][vc_empty_space height=&#8221;15px&#8221;][vc_column_text]<\/p>\n<p style=\"text-align: justify;\">O Grupo PerCon recebeu no dia 06 de dezembro de 2013 , no Hotel Tivoli S\u00e3o Paulo Mofarrej, em S\u00e3o Paulo, o Trof\u00e9u Top Empreendedor 2013 \u2013 edi\u00e7\u00e3o nacional. A premia\u00e7\u00e3o \u00e9 oferecida pela Revista Top of Business \u00e0s empresas, empres\u00e1rios e profissionais liberais que contribuem efetivamente para o crescimento e desenvolvimento do Brasil.<\/p>\n<p style=\"text-align: justify;\">Neste cen\u00e1rio encontra-se o Grupo PerCon. Sempre em busca de novas tecnologias para melhorar os servi\u00e7os e produtos oferecidos aos seus usu\u00e1rios, o Grupo PerCon se destaca nesta homenagem pelo constante desafio em permanecer e se destacar no mercado de vendas e servi\u00e7os tecnol\u00f3gico.<\/p>\n<p style=\"text-align: justify;\">O evento reuniu nomes da sociedade e personalidades do esporte e da TV. Para participar do Trof\u00e9u Top Empreendedor 2013, a diretoria da Revista Top of Business selecionou os homenageados atrav\u00e9s de v\u00e1rios crit\u00e9rios, como participa\u00e7\u00e3o em feiras, congressos, desenvolvimento de produtos inovadores, tradicionalismo no mercado nacional, pr\u00eamios recebidos e certificados de qualidade adquiridos no decorrer de sua exist\u00eancia e responsabilidade social.<\/p>\n<p style=\"text-align: justify;\">A Revista Top of Business atua no segmento empresarial com grande aceitabilidade e prest\u00edgio no mercado nacional e internacional. Al\u00e9m do Brasil, a revista tamb\u00e9m circula em nove pa\u00edses da Am\u00e9rica Latina. No caso desta premia\u00e7\u00e3o, o peri\u00f3dico funciona como um espa\u00e7o de difus\u00e3o das informa\u00e7\u00f5es relacionadas \u00e0 qualidade dos produtos e servi\u00e7os oferecidos pelas empresas e profissionais homenageados, uma importante ferramenta de marketing institucional.<\/p>\n<p>[\/vc_column_text][vc_empty_space height=&#8221;15px&#8221;][vc_media_grid grid_id=&#8221;vc_gid:1442204411452-77414395-e8d5-0&#8243; include=&#8221;37732,37743,37742,37741,37740,37739,37738,37737,37736,37735,37734,37733&#8243;][\/vc_column][\/vc_row]<\/p>\n","protected":false},"excerpt":{"rendered":"<p>[vc_row margin_top=&#8221;40&#8243;][vc_column][vc_column_text] Trof\u00e9u Top Empreendedor 2013 [\/vc_column_text][vc_empty_space height=&#8221;15px&#8221;][vc_column_text] O Grupo PerCon recebeu no dia 06 de dezembro de 2013 , no Hotel Tivoli S\u00e3o Paulo Mofarrej, em S\u00e3o Paulo, o Trof\u00e9u Top Empreendedor 2013 \u2013 edi\u00e7\u00e3o nacional. A premia\u00e7\u00e3o \u00e9 oferecida pela Revista Top of Business \u00e0s empresas, empres\u00e1rios e profissionais liberais que contribuem efetivamente [&hellip;]<\/p>\n","protected":false},"author":4,"featured_media":0,"parent":0,"menu_order":0,"comment_status":"closed","ping_status":"closed","template":"","meta":{"footnotes":""},"_links":{"self":[{"href":"https:\/\/acessopercon.com.br\/percon\/wp-json\/wp\/v2\/pages\/37880"}],"collection":[{"href":"https:\/\/acessopercon.com.br\/percon\/wp-json\/wp\/v2\/pages"}],"about":[{"href":"https:\/\/acessopercon.com.br\/percon\/wp-json\/wp\/v2\/types\/page"}],"author":[{"embeddable":true,"href":"https:\/\/acessopercon.com.br\/percon\/wp-json\/wp\/v2\/users\/4"}],"replies":[{"embeddable":true,"href":"https:\/\/acessopercon.com.br\/percon\/wp-json\/wp\/v2\/comments?post=37880"}],"version-history":[{"count":0,"href":"https:\/\/acessopercon.com.br\/percon\/wp-json\/wp\/v2\/pages\/37880\/revisions"}],"wp:attachment":[{"href":"https:\/\/acessopercon.com.br\/percon\/wp-json\/wp\/v2\/media?parent=37880"}],"curies":[{"name":"wp","href":"https:\/\/api.w.org\/{rel}","templated":true}]}}