{"id":36217,"date":"2015-08-24T03:21:25","date_gmt":"2015-08-24T03:21:25","guid":{"rendered":"http:\/\/acessopercon.com.br\/percon\/?page_id=36217"},"modified":"2023-12-12T22:31:31","modified_gmt":"2023-12-13T01:31:31","slug":"blog-percon","status":"publish","type":"page","link":"https:\/\/acessopercon.com.br\/percon\/blog-percon\/","title":{"rendered":"Blog Percon"},"content":{"rendered":"\t\t<div data-elementor-type=\"wp-page\" data-elementor-id=\"36217\" class=\"elementor elementor-36217\">\n\t\t\t\t\t\t\t\t\t<section class=\"elementor-section elementor-top-section elementor-element elementor-element-49542af1 elementor-section-boxed elementor-section-height-default elementor-section-height-default\" data-id=\"49542af1\" data-element_type=\"section\">\n\t\t\t\t\t\t<div class=\"elementor-container elementor-column-gap-default\">\n\t\t\t\t\t<div class=\"elementor-column elementor-col-100 elementor-top-column elementor-element elementor-element-18ebfa8\" data-id=\"18ebfa8\" data-element_type=\"column\">\n\t\t\t<div class=\"elementor-widget-wrap elementor-element-populated\">\n\t\t\t\t\t\t\t\t<div class=\"elementor-element elementor-element-d79b6ef elementor-widget elementor-widget-heading\" data-id=\"d79b6ef\" data-element_type=\"widget\" data-widget_type=\"heading.default\">\n\t\t\t\t<div class=\"elementor-widget-container\">\n\t\t\t<h2 class=\"elementor-heading-title elementor-size-default\">Blog<\/h2>\t\t<\/div>\n\t\t\t\t<\/div>\n\t\t\t\t<div class=\"elementor-element elementor-element-c0ea3ce elementor-posts--thumbnail-none elementor-grid-3 elementor-grid-tablet-2 elementor-grid-mobile-1 elementor-card-shadow-yes elementor-posts__hover-gradient elementor-widget elementor-widget-posts\" data-id=\"c0ea3ce\" data-element_type=\"widget\" data-settings=\"{&quot;pagination_type&quot;:&quot;numbers&quot;,&quot;cards_columns&quot;:&quot;3&quot;,&quot;cards_columns_tablet&quot;:&quot;2&quot;,&quot;cards_columns_mobile&quot;:&quot;1&quot;,&quot;cards_row_gap&quot;:{&quot;unit&quot;:&quot;px&quot;,&quot;size&quot;:35,&quot;sizes&quot;:[]},&quot;cards_row_gap_tablet&quot;:{&quot;unit&quot;:&quot;px&quot;,&quot;size&quot;:&quot;&quot;,&quot;sizes&quot;:[]},&quot;cards_row_gap_mobile&quot;:{&quot;unit&quot;:&quot;px&quot;,&quot;size&quot;:&quot;&quot;,&quot;sizes&quot;:[]}}\" data-widget_type=\"posts.cards\">\n\t\t\t\t<div class=\"elementor-widget-container\">\n\t\t\t\t\t<div class=\"elementor-posts-container elementor-posts elementor-posts--skin-cards elementor-grid\">\n\t\t\t\t<article class=\"elementor-post elementor-grid-item post-55357 post type-post status-publish format-standard hentry category-uncategorized\">\n\t\t\t<div class=\"elementor-post__card\">\n\t\t\t\t<div class=\"elementor-post__text\">\n\t\t\t\t<h3 class=\"elementor-post__title\">\n\t\t\t<a href=\"https:\/\/acessopercon.com.br\/percon\/tempo-de-resposta-t90-para-um-detector-de-gases\/\" >\n\t\t\t\tO que \u00e9 o tempo de resposta T90 para um detector de gases?\t\t\t<\/a>\n\t\t<\/h3>\n\t\t\t\t<div class=\"elementor-post__excerpt\">\n\t\t\t<p>Iniciamos refor\u00e7ando que neste artigo destacamos que a preocupa\u00e7\u00e3o \u00e9 com a PRESERVA\u00c7\u00c3O DA VIDA, sendo uma miss\u00e3o da nossa<\/p>\n\t\t<\/div>\n\t\t\n\t\t<a class=\"elementor-post__read-more\" href=\"https:\/\/acessopercon.com.br\/percon\/tempo-de-resposta-t90-para-um-detector-de-gases\/\" >\n\t\t\tMais detalhes \u00bb\t\t<\/a>\n\n\t\t\t\t<\/div>\n\t\t\t\t\t<\/div>\n\t\t<\/article>\n\t\t\t\t<article class=\"elementor-post elementor-grid-item post-55338 post type-post status-publish format-standard hentry category-uncategorized\">\n\t\t\t<div class=\"elementor-post__card\">\n\t\t\t\t<div class=\"elementor-post__text\">\n\t\t\t\t<h3 class=\"elementor-post__title\">\n\t\t\t<a href=\"https:\/\/acessopercon.com.br\/percon\/o-que-e-cultura-de-seguranca\/\" >\n\t\t\t\tO que \u00e9 cultura de seguran\u00e7a?\t\t\t<\/a>\n\t\t<\/h3>\n\t\t\t\t<div class=\"elementor-post__excerpt\">\n\t\t\t<p>Cultura de seguran\u00e7a \u00e9 um conjunto de valores, atitudes e pr\u00e1ticas que priorizam a prote\u00e7\u00e3o e o bem-estar dos trabalhadores<\/p>\n\t\t<\/div>\n\t\t\n\t\t<a class=\"elementor-post__read-more\" href=\"https:\/\/acessopercon.com.br\/percon\/o-que-e-cultura-de-seguranca\/\" >\n\t\t\tMais detalhes \u00bb\t\t<\/a>\n\n\t\t\t\t<\/div>\n\t\t\t\t\t<\/div>\n\t\t<\/article>\n\t\t\t\t<article class=\"elementor-post elementor-grid-item post-55308 post type-post status-publish format-standard hentry category-blog-percon\">\n\t\t\t<div class=\"elementor-post__card\">\n\t\t\t\t<div class=\"elementor-post__text\">\n\t\t\t\t<h3 class=\"elementor-post__title\">\n\t\t\t<a href=\"https:\/\/acessopercon.com.br\/percon\/vantagens-limitacoes-tecnologias-medicao-limite-inferior-explosividade\/\" >\n\t\t\t\tEntenda as principais vantagens e limita\u00e7\u00f5es das tecnologias para medi\u00e7\u00e3o de LEL\/LIE (Limite Inferior de Explosividade)\t\t\t<\/a>\n\t\t<\/h3>\n\t\t\t\t<div class=\"elementor-post__excerpt\">\n\t\t\t<p>Antes de elencarmos todas as principais vantagens e limita\u00e7\u00f5es das\u00a0tecnologias para medi\u00e7\u00e3o de LEL\/LIE (Limite Inferior de Explosividade), \u00e9\u00a0importante explicar<\/p>\n\t\t<\/div>\n\t\t\n\t\t<a class=\"elementor-post__read-more\" href=\"https:\/\/acessopercon.com.br\/percon\/vantagens-limitacoes-tecnologias-medicao-limite-inferior-explosividade\/\" >\n\t\t\tMais detalhes \u00bb\t\t<\/a>\n\n\t\t\t\t<\/div>\n\t\t\t\t\t<\/div>\n\t\t<\/article>\n\t\t\t\t<article class=\"elementor-post elementor-grid-item post-55296 post type-post status-publish format-standard hentry category-blog-percon\">\n\t\t\t<div class=\"elementor-post__card\">\n\t\t\t\t<div class=\"elementor-post__text\">\n\t\t\t\t<h3 class=\"elementor-post__title\">\n\t\t\t<a href=\"https:\/\/acessopercon.com.br\/percon\/riscos-potenciais-trabalhadores-industria-petroquimica\/\" >\n\t\t\t\tRiscos potenciais para trabalhadores da Industria  petroqu\u00edmica\t\t\t<\/a>\n\t\t<\/h3>\n\t\t\t\t<div class=\"elementor-post__excerpt\">\n\t\t\t<p>Iniciamos refor\u00e7ando que neste artigo destacamos que a preocupa\u00e7\u00e3o \u00e9&nbsp;com a PRESERVA\u00c7\u00c3O DA VIDA, sendo uma miss\u00e3o da nossa empresa<\/p>\n\t\t<\/div>\n\t\t\n\t\t<a class=\"elementor-post__read-more\" href=\"https:\/\/acessopercon.com.br\/percon\/riscos-potenciais-trabalhadores-industria-petroquimica\/\" >\n\t\t\tMais detalhes \u00bb\t\t<\/a>\n\n\t\t\t\t<\/div>\n\t\t\t\t\t<\/div>\n\t\t<\/article>\n\t\t\t\t<article class=\"elementor-post elementor-grid-item post-55288 post type-post status-publish format-standard hentry category-blog-percon\">\n\t\t\t<div class=\"elementor-post__card\">\n\t\t\t\t<div class=\"elementor-post__text\">\n\t\t\t\t<h3 class=\"elementor-post__title\">\n\t\t\t<a href=\"https:\/\/acessopercon.com.br\/percon\/riscos-potenciais-trabalhadores-industria-papel-celulose\/\" >\n\t\t\t\tRiscos potenciais para trabalhadores da Ind\u00fastria de PAPEL e CELULOSE\t\t\t<\/a>\n\t\t<\/h3>\n\t\t\t\t<div class=\"elementor-post__excerpt\">\n\t\t\t<p>Iniciamos refor\u00e7ando que neste artigo destacamos que a preocupa\u00e7\u00e3o \u00e9 com a PRESERVA\u00c7\u00c3O DA VIDA, sendo uma miss\u00e3o da nossa<\/p>\n\t\t<\/div>\n\t\t\n\t\t<a class=\"elementor-post__read-more\" href=\"https:\/\/acessopercon.com.br\/percon\/riscos-potenciais-trabalhadores-industria-papel-celulose\/\" >\n\t\t\tMais detalhes \u00bb\t\t<\/a>\n\n\t\t\t\t<\/div>\n\t\t\t\t\t<\/div>\n\t\t<\/article>\n\t\t\t\t<article class=\"elementor-post elementor-grid-item post-55226 post type-post status-publish format-standard hentry category-blog-percon\">\n\t\t\t<div class=\"elementor-post__card\">\n\t\t\t\t<div class=\"elementor-post__text\">\n\t\t\t\t<h3 class=\"elementor-post__title\">\n\t\t\t<a href=\"https:\/\/acessopercon.com.br\/percon\/alguns-riscos-toxicos-e-combustiveis-no-mercado-do-aco\/\" >\n\t\t\t\tAlguns riscos t\u00f3xicos e combust\u00edveis no mercado do A\u00e7o\t\t\t<\/a>\n\t\t<\/h3>\n\t\t\t\t<div class=\"elementor-post__excerpt\">\n\t\t\t<p>A produ\u00e7\u00e3o de a\u00e7o pode gerar gases t\u00f3xicos e combust\u00edveis, que representam um risco para a seguran\u00e7a dos trabalhadores. Abaixo<\/p>\n\t\t<\/div>\n\t\t\n\t\t<a class=\"elementor-post__read-more\" href=\"https:\/\/acessopercon.com.br\/percon\/alguns-riscos-toxicos-e-combustiveis-no-mercado-do-aco\/\" >\n\t\t\tMais detalhes \u00bb\t\t<\/a>\n\n\t\t\t\t<\/div>\n\t\t\t\t\t<\/div>\n\t\t<\/article>\n\t\t\t\t<article class=\"elementor-post elementor-grid-item post-55192 post type-post status-publish format-standard hentry category-blog-percon\">\n\t\t\t<div class=\"elementor-post__card\">\n\t\t\t\t<div class=\"elementor-post__text\">\n\t\t\t\t<h3 class=\"elementor-post__title\">\n\t\t\t<a href=\"https:\/\/acessopercon.com.br\/percon\/os-riscos-e-a-importancia-de-monitorar-o-h2s-gas-sulfidrico\/\" >\n\t\t\t\tOs riscos e a import\u00e2ncia de monitorar o H2S (G\u00e1s Sulf\u00eddrico)\t\t\t<\/a>\n\t\t<\/h3>\n\t\t\t\t<div class=\"elementor-post__excerpt\">\n\t\t\t<p>O g\u00e1s Sulf\u00eddrico (H2S), tamb\u00e9m conhecido como sulfeto de hidrog\u00eanio, representa um risco\u00a0qu\u00edmico muito alto, pois \u00e9 muito t\u00f3xico e<\/p>\n\t\t<\/div>\n\t\t\n\t\t<a class=\"elementor-post__read-more\" href=\"https:\/\/acessopercon.com.br\/percon\/os-riscos-e-a-importancia-de-monitorar-o-h2s-gas-sulfidrico\/\" >\n\t\t\tMais detalhes \u00bb\t\t<\/a>\n\n\t\t\t\t<\/div>\n\t\t\t\t\t<\/div>\n\t\t<\/article>\n\t\t\t\t<article class=\"elementor-post elementor-grid-item post-55135 post type-post status-publish format-standard hentry category-blog-percon\">\n\t\t\t<div class=\"elementor-post__card\">\n\t\t\t\t<div class=\"elementor-post__text\">\n\t\t\t\t<h3 class=\"elementor-post__title\">\n\t\t\t<a href=\"https:\/\/acessopercon.com.br\/percon\/os-riscos-e-a-importancia-de-monitorar-o-c6h6-benzeno\/\" >\n\t\t\t\tOs riscos e a import\u00e2ncia de monitorar o C6H6 (Benzeno)\t\t\t<\/a>\n\t\t<\/h3>\n\t\t\t\t<div class=\"elementor-post__excerpt\">\n\t\t\t<p>Os riscos e a import\u00e2ncia de monitorar o C6H6 (Benzeno) O Benzeno (C6H6) \u00e9 um composto org\u00e2nico vol\u00e1til muito utilizado<\/p>\n\t\t<\/div>\n\t\t\n\t\t<a class=\"elementor-post__read-more\" href=\"https:\/\/acessopercon.com.br\/percon\/os-riscos-e-a-importancia-de-monitorar-o-c6h6-benzeno\/\" >\n\t\t\tMais detalhes \u00bb\t\t<\/a>\n\n\t\t\t\t<\/div>\n\t\t\t\t\t<\/div>\n\t\t<\/article>\n\t\t\t\t<article class=\"elementor-post elementor-grid-item post-55110 post type-post status-publish format-standard hentry category-blog-percon\">\n\t\t\t<div class=\"elementor-post__card\">\n\t\t\t\t<div class=\"elementor-post__text\">\n\t\t\t\t<h3 class=\"elementor-post__title\">\n\t\t\t<a href=\"https:\/\/acessopercon.com.br\/percon\/os-ricos-e-a-importancia-de-monitorar-o-gas-cloro-detectores-de-cl2\/\" >\n\t\t\t\tOs Ricos e a import\u00e2ncia de monitorar o g\u00e1s Cloro- Detectores de CL2\t\t\t<\/a>\n\t\t<\/h3>\n\t\t\t\t<div class=\"elementor-post__excerpt\">\n\t\t\t<p>Os Ricos e a import\u00e2ncia de monitorar o g\u00e1s Cloro- Detectores de CL2 O CLORO \u00e9 altamente t\u00f3xico, e tem<\/p>\n\t\t<\/div>\n\t\t\n\t\t<a class=\"elementor-post__read-more\" href=\"https:\/\/acessopercon.com.br\/percon\/os-ricos-e-a-importancia-de-monitorar-o-gas-cloro-detectores-de-cl2\/\" >\n\t\t\tMais detalhes \u00bb\t\t<\/a>\n\n\t\t\t\t<\/div>\n\t\t\t\t\t<\/div>\n\t\t<\/article>\n\t\t\t\t<\/div>\n\n\n\t\t\n\t\t\t\t<div class=\"e-load-more-anchor\" data-page=\"1\" data-max-page=\"82\" data-next-page=\"https:\/\/acessopercon.com.br\/percon\/wp-json\/wp\/v2\/pages\/36217\/page\/2\/\"><\/div>\n\t\t\t\t<nav class=\"elementor-pagination\" role=\"navigation\" aria-label=\"Pagina\u00e7\u00e3o\">\n\t\t\t<span aria-current=\"page\" class=\"page-numbers current\"><span class=\"elementor-screen-only\">P\u00e1gina<\/span>1<\/span>\n<a class=\"page-numbers\" href=\"https:\/\/acessopercon.com.br\/percon\/wp-json\/wp\/v2\/pages\/36217\/page\/2\/\"><span class=\"elementor-screen-only\">P\u00e1gina<\/span>2<\/a>\n<a class=\"page-numbers\" href=\"https:\/\/acessopercon.com.br\/percon\/wp-json\/wp\/v2\/pages\/36217\/page\/3\/\"><span class=\"elementor-screen-only\">P\u00e1gina<\/span>3<\/a>\n<span class=\"page-numbers dots\">&hellip;<\/span>\n<a class=\"page-numbers\" href=\"https:\/\/acessopercon.com.br\/percon\/wp-json\/wp\/v2\/pages\/36217\/page\/82\/\"><span class=\"elementor-screen-only\">P\u00e1gina<\/span>82<\/a>\t\t<\/nav>\n\t\t\t\t<\/div>\n\t\t\t\t<\/div>\n\t\t\t\t<div class=\"elementor-element elementor-element-e7dea07 elementor-hidden-desktop elementor-hidden-tablet elementor-hidden-mobile elementor-widget elementor-widget-jet-posts\" data-id=\"e7dea07\" data-element_type=\"widget\" data-widget_type=\"jet-posts.default\">\n\t\t\t\t<div class=\"elementor-widget-container\">\n\t\t\t<div class=\"elementor-jet-posts jet-elements\"><div class=\"jet-posts col-row  jet-equal-cols\"><div class=\"jet-posts__item col-desk-3\">\n\t<div class=\"jet-posts__inner-box\"><div class=\"jet-posts__inner-content\"><h4 class=\"entry-title\"><a href=\"https:\/\/acessopercon.com.br\/percon\/vantagens-limitacoes-tecnologias-medicao-limite-inferior-explosividade\/\">Entenda as principais vantagens e limita\u00e7\u00f5es das tecnologias para medi\u00e7\u00e3o de LEL\/LIE (Limite Inferior de Explosividade)<\/a><\/h4><div class=\"jet-more-wrap\"><a href=\"https:\/\/acessopercon.com.br\/percon\/vantagens-limitacoes-tecnologias-medicao-limite-inferior-explosividade\/\" class=\"btn btn-primary elementor-button elementor-size-md jet-more\"><span class=\"btn__text\">Mais detalhes<\/span><\/a><\/div><\/div><\/div>\n<\/div>\n<div class=\"jet-posts__item col-desk-3\">\n\t<div class=\"jet-posts__inner-box\"><div class=\"jet-posts__inner-content\"><h4 class=\"entry-title\"><a href=\"https:\/\/acessopercon.com.br\/percon\/riscos-potenciais-trabalhadores-industria-petroquimica\/\">Riscos potenciais para trabalhadores da Industria  petroqu\u00edmica<\/a><\/h4><div class=\"jet-more-wrap\"><a href=\"https:\/\/acessopercon.com.br\/percon\/riscos-potenciais-trabalhadores-industria-petroquimica\/\" class=\"btn btn-primary elementor-button elementor-size-md jet-more\"><span class=\"btn__text\">Mais detalhes<\/span><\/a><\/div><\/div><\/div>\n<\/div>\n<div class=\"jet-posts__item col-desk-3\">\n\t<div class=\"jet-posts__inner-box\"><div class=\"jet-posts__inner-content\"><h4 class=\"entry-title\"><a href=\"https:\/\/acessopercon.com.br\/percon\/riscos-potenciais-trabalhadores-industria-papel-celulose\/\">Riscos potenciais para trabalhadores da Ind\u00fastria de PAPEL e CELULOSE<\/a><\/h4><div class=\"jet-more-wrap\"><a href=\"https:\/\/acessopercon.com.br\/percon\/riscos-potenciais-trabalhadores-industria-papel-celulose\/\" class=\"btn btn-primary elementor-button elementor-size-md jet-more\"><span class=\"btn__text\">Mais detalhes<\/span><\/a><\/div><\/div><\/div>\n<\/div>\n<div class=\"jet-posts__item col-desk-3\">\n\t<div class=\"jet-posts__inner-box\"><div class=\"jet-posts__inner-content\"><h4 class=\"entry-title\"><a href=\"https:\/\/acessopercon.com.br\/percon\/alguns-riscos-toxicos-e-combustiveis-no-mercado-do-aco\/\">Alguns riscos t\u00f3xicos e combust\u00edveis no mercado do A\u00e7o<\/a><\/h4><div class=\"jet-more-wrap\"><a href=\"https:\/\/acessopercon.com.br\/percon\/alguns-riscos-toxicos-e-combustiveis-no-mercado-do-aco\/\" class=\"btn btn-primary elementor-button elementor-size-md jet-more\"><span class=\"btn__text\">Mais detalhes<\/span><\/a><\/div><\/div><\/div>\n<\/div>\n<div class=\"jet-posts__item col-desk-3\">\n\t<div class=\"jet-posts__inner-box\"><div class=\"jet-posts__inner-content\"><h4 class=\"entry-title\"><a href=\"https:\/\/acessopercon.com.br\/percon\/os-riscos-e-a-importancia-de-monitorar-o-h2s-gas-sulfidrico\/\">Os riscos e a import\u00e2ncia de monitorar o H2S (G\u00e1s Sulf\u00eddrico)<\/a><\/h4><div class=\"jet-more-wrap\"><a href=\"https:\/\/acessopercon.com.br\/percon\/os-riscos-e-a-importancia-de-monitorar-o-h2s-gas-sulfidrico\/\" class=\"btn btn-primary elementor-button elementor-size-md jet-more\"><span class=\"btn__text\">Mais detalhes<\/span><\/a><\/div><\/div><\/div>\n<\/div>\n<div class=\"jet-posts__item col-desk-3\">\n\t<div class=\"jet-posts__inner-box\"><div class=\"jet-posts__inner-content\"><h4 class=\"entry-title\"><a href=\"https:\/\/acessopercon.com.br\/percon\/os-riscos-e-a-importancia-de-monitorar-o-c6h6-benzeno\/\">Os riscos e a import\u00e2ncia de monitorar o C6H6 (Benzeno)<\/a><\/h4><div class=\"jet-more-wrap\"><a href=\"https:\/\/acessopercon.com.br\/percon\/os-riscos-e-a-importancia-de-monitorar-o-c6h6-benzeno\/\" class=\"btn btn-primary elementor-button elementor-size-md jet-more\"><span class=\"btn__text\">Mais detalhes<\/span><\/a><\/div><\/div><\/div>\n<\/div>\n<div class=\"jet-posts__item col-desk-3\">\n\t<div class=\"jet-posts__inner-box\"><div class=\"jet-posts__inner-content\"><h4 class=\"entry-title\"><a href=\"https:\/\/acessopercon.com.br\/percon\/os-ricos-e-a-importancia-de-monitorar-o-gas-cloro-detectores-de-cl2\/\">Os Ricos e a import\u00e2ncia de monitorar o g\u00e1s Cloro- Detectores de CL2<\/a><\/h4><div class=\"jet-more-wrap\"><a href=\"https:\/\/acessopercon.com.br\/percon\/os-ricos-e-a-importancia-de-monitorar-o-gas-cloro-detectores-de-cl2\/\" class=\"btn btn-primary elementor-button elementor-size-md jet-more\"><span class=\"btn__text\">Mais detalhes<\/span><\/a><\/div><\/div><\/div>\n<\/div>\n<div class=\"jet-posts__item col-desk-3\">\n\t<div class=\"jet-posts__inner-box\"><div class=\"jet-posts__inner-content\"><h4 class=\"entry-title\"><a href=\"https:\/\/acessopercon.com.br\/percon\/detector-de-cianeto-de-hidrogenio-ou-cianureto-de-hidrogenio-hcn\/\">Detector de Cianeto de hidrog\u00eanio ou Cianureto de hidrog\u00eanio -  HCN<\/a><\/h4><div class=\"jet-more-wrap\"><a href=\"https:\/\/acessopercon.com.br\/percon\/detector-de-cianeto-de-hidrogenio-ou-cianureto-de-hidrogenio-hcn\/\" class=\"btn btn-primary elementor-button elementor-size-md jet-more\"><span class=\"btn__text\">Mais detalhes<\/span><\/a><\/div><\/div><\/div>\n<\/div>\n<div class=\"jet-posts__item col-desk-3\">\n\t<div class=\"jet-posts__inner-box\"><div class=\"jet-posts__inner-content\"><h4 class=\"entry-title\"><a href=\"https:\/\/acessopercon.com.br\/percon\/importancia-do-detector-de-monoxido-de-carbono-co\/\">Import\u00e2ncia do Detector de Mon\u00f3xido de Carbono (CO)<\/a><\/h4><div class=\"jet-more-wrap\"><a href=\"https:\/\/acessopercon.com.br\/percon\/importancia-do-detector-de-monoxido-de-carbono-co\/\" class=\"btn btn-primary elementor-button elementor-size-md jet-more\"><span class=\"btn__text\">Mais detalhes<\/span><\/a><\/div><\/div><\/div>\n<\/div>\n<div class=\"jet-posts__item col-desk-3\">\n\t<div class=\"jet-posts__inner-box\"><div class=\"jet-posts__inner-content\"><h4 class=\"entry-title\"><a href=\"https:\/\/acessopercon.com.br\/percon\/importancia-do-detector-de-amonia\/\">Import\u00e2ncia do Detector de Am\u00f4nia<\/a><\/h4><div class=\"jet-more-wrap\"><a href=\"https:\/\/acessopercon.com.br\/percon\/importancia-do-detector-de-amonia\/\" class=\"btn btn-primary elementor-button elementor-size-md jet-more\"><span class=\"btn__text\">Mais detalhes<\/span><\/a><\/div><\/div><\/div>\n<\/div>\n<div class=\"jet-posts__item col-desk-3\">\n\t<div class=\"jet-posts__inner-box\"><div class=\"jet-posts__inner-content\"><h4 class=\"entry-title\"><a href=\"https:\/\/acessopercon.com.br\/percon\/a-importancia-do-detector-de-fosfina-ph3\/\">A import\u00e2ncia do detector de fosfina PH3<\/a><\/h4><div class=\"jet-more-wrap\"><a href=\"https:\/\/acessopercon.com.br\/percon\/a-importancia-do-detector-de-fosfina-ph3\/\" class=\"btn btn-primary elementor-button elementor-size-md jet-more\"><span class=\"btn__text\">Mais detalhes<\/span><\/a><\/div><\/div><\/div>\n<\/div>\n<div class=\"jet-posts__item col-desk-3\">\n\t<div class=\"jet-posts__inner-box\"><div class=\"jet-posts__inner-content\"><h4 class=\"entry-title\"><a href=\"https:\/\/acessopercon.com.br\/percon\/solucoes-para-resgates-em-ambientes-verticais-espacos-confinados-e-locais-com-restricoes\/\">Solu\u00e7\u00f5es para resgates em ambientes verticais, espa\u00e7os confinados e locais com restri\u00e7\u00f5es (NR33, NR35, Resgate)<\/a><\/h4><div class=\"jet-more-wrap\"><a href=\"https:\/\/acessopercon.com.br\/percon\/solucoes-para-resgates-em-ambientes-verticais-espacos-confinados-e-locais-com-restricoes\/\" class=\"btn btn-primary elementor-button elementor-size-md jet-more\"><span class=\"btn__text\">Mais detalhes<\/span><\/a><\/div><\/div><\/div>\n<\/div>\n<div class=\"jet-posts__item col-desk-3\">\n\t<div class=\"jet-posts__inner-box\"><div class=\"jet-posts__inner-content\"><h4 class=\"entry-title\"><a href=\"https:\/\/acessopercon.com.br\/percon\/zonas-areas-de-responsabilidade-da-empresa\/\">Zonas - \u00c1reas de responsabilidade da empresa<\/a><\/h4><div class=\"jet-more-wrap\"><a href=\"https:\/\/acessopercon.com.br\/percon\/zonas-areas-de-responsabilidade-da-empresa\/\" class=\"btn btn-primary elementor-button elementor-size-md jet-more\"><span class=\"btn__text\">Mais detalhes<\/span><\/a><\/div><\/div><\/div>\n<\/div>\n<div class=\"jet-posts__item col-desk-3\">\n\t<div class=\"jet-posts__inner-box\"><div class=\"jet-posts__inner-content\"><h4 class=\"entry-title\"><a href=\"https:\/\/acessopercon.com.br\/percon\/riscos-de-falhas-no-sensor-dos-detectores-de-gases-em-contato-com-venenos-e-inibidores\/\">Riscos de falhas no sensor dos detectores de gases, em contato com venenos e inibidores!<\/a><\/h4><div class=\"jet-more-wrap\"><a href=\"https:\/\/acessopercon.com.br\/percon\/riscos-de-falhas-no-sensor-dos-detectores-de-gases-em-contato-com-venenos-e-inibidores\/\" class=\"btn btn-primary elementor-button elementor-size-md jet-more\"><span class=\"btn__text\">Mais detalhes<\/span><\/a><\/div><\/div><\/div>\n<\/div>\n<div class=\"jet-posts__item col-desk-3\">\n\t<div class=\"jet-posts__inner-box\"><div class=\"jet-posts__inner-content\"><h4 class=\"entry-title\"><a href=\"https:\/\/acessopercon.com.br\/percon\/solucoes-para-estudos-de-dispersao-de-gases-e-monitoramento-continuo\/\">Solu\u00e7\u00f5es para estudos de dispers\u00e3o de gases, e monitoramento cont\u00ednuo<\/a><\/h4><div class=\"jet-more-wrap\"><a href=\"https:\/\/acessopercon.com.br\/percon\/solucoes-para-estudos-de-dispersao-de-gases-e-monitoramento-continuo\/\" class=\"btn btn-primary elementor-button elementor-size-md jet-more\"><span class=\"btn__text\">Mais detalhes<\/span><\/a><\/div><\/div><\/div>\n<\/div>\n<\/div>\n<\/div>\t\t<\/div>\n\t\t\t\t<\/div>\n\t\t\t\t\t<\/div>\n\t\t<\/div>\n\t\t\t\t\t\t\t<\/div>\n\t\t<\/section>\n\t\t\t\t\t\t\t<\/div>\n\t\t","protected":false},"excerpt":{"rendered":"<p>Blog Os riscos e a import\u00e2ncia de monitorar o H2S (G\u00e1s Sulf\u00eddrico) Mais detalhes Os riscos e a import\u00e2ncia de monitorar o C6H6 (Benzeno) Mais detalhes Os Ricos e a import\u00e2ncia de monitorar o g\u00e1s Cloro- Detectores de CL2 Mais detalhes Detector de Cianeto de hidrog\u00eanio ou Cianureto de hidrog\u00eanio &#8211; HCN Mais detalhes Import\u00e2ncia [&hellip;]<\/p>\n","protected":false},"author":4,"featured_media":0,"parent":0,"menu_order":0,"comment_status":"closed","ping_status":"closed","template":"","meta":{"footnotes":""},"_links":{"self":[{"href":"https:\/\/acessopercon.com.br\/percon\/wp-json\/wp\/v2\/pages\/36217"}],"collection":[{"href":"https:\/\/acessopercon.com.br\/percon\/wp-json\/wp\/v2\/pages"}],"about":[{"href":"https:\/\/acessopercon.com.br\/percon\/wp-json\/wp\/v2\/types\/page"}],"author":[{"embeddable":true,"href":"https:\/\/acessopercon.com.br\/percon\/wp-json\/wp\/v2\/users\/4"}],"replies":[{"embeddable":true,"href":"https:\/\/acessopercon.com.br\/percon\/wp-json\/wp\/v2\/comments?post=36217"}],"version-history":[{"count":60,"href":"https:\/\/acessopercon.com.br\/percon\/wp-json\/wp\/v2\/pages\/36217\/revisions"}],"predecessor-version":[{"id":55215,"href":"https:\/\/acessopercon.com.br\/percon\/wp-json\/wp\/v2\/pages\/36217\/revisions\/55215"}],"wp:attachment":[{"href":"https:\/\/acessopercon.com.br\/percon\/wp-json\/wp\/v2\/media?parent=36217"}],"curies":[{"name":"wp","href":"https:\/\/api.w.org\/{rel}","templated":true}]}}