{"id":35761,"date":"2015-08-07T01:33:19","date_gmt":"2015-08-07T01:33:19","guid":{"rendered":"http:\/\/acessopercon.com.br\/percon\/?page_id=35761"},"modified":"2015-08-07T01:33:19","modified_gmt":"2015-08-07T01:33:19","slug":"manutencao-eletrica","status":"publish","type":"page","link":"https:\/\/acessopercon.com.br\/percon\/manutencao-eletrica\/","title":{"rendered":"Manuten\u00e7\u00e3o El\u00e9trica"},"content":{"rendered":"<p>[vc_row][vc_column][dt_blog_posts column_width=&#8221;&#8221; same_width=&#8221;true&#8221; number=&#8221;100&#8243; show_read_more_button=&#8221;true&#8221; category=&#8221;medidas-de-temperatura,camera-infravermelha,camera-termografica,camera-termografica-para-area-classificada-ex,termometro-infravermelho,termometro-infravermelho-com-visualizacao,promocao-manutencao-eletrica,acessorios-manutencao-eletrica,alicate-amperimetro,alicate-amperimetro-4-a-20ma,multimetro-digital-com-registro-industrial,multimetro-digital-de-campo,multimetro-de-campo,multimetro-de-bancada,osciloscopio-digital,osciloscopio-digital-de-campo,osciloscopio-uso-em-campo,osciloscopios,pico-amperimetro,nano-voltimetro,simulador-de-bateria,testador-de-aterramento,testador-de-isolacao,testadores,testadores-eletricos-e-de-bateria,registador-de-qualidade-de-tensao-da-fluke,qualidade-de-energia,analisador-de-qualidade-de-energia-trifasico,movimentacao-de-carga,balanca-para-cargas-suspensas,celulas-de-carga,controle-multiplas-celulas-de-carga,detector-de-sobrecarga,dinamometro-para-cargas-suspensas&#8221;][\/vc_column][\/vc_row]<\/p>\n","protected":false},"excerpt":{"rendered":"<p>[vc_row][vc_column][dt_blog_posts column_width=&#8221;&#8221; same_width=&#8221;true&#8221; number=&#8221;100&#8243; show_read_more_button=&#8221;true&#8221; category=&#8221;medidas-de-temperatura,camera-infravermelha,camera-termografica,camera-termografica-para-area-classificada-ex,termometro-infravermelho,termometro-infravermelho-com-visualizacao,promocao-manutencao-eletrica,acessorios-manutencao-eletrica,alicate-amperimetro,alicate-amperimetro-4-a-20ma,multimetro-digital-com-registro-industrial,multimetro-digital-de-campo,multimetro-de-campo,multimetro-de-bancada,osciloscopio-digital,osciloscopio-digital-de-campo,osciloscopio-uso-em-campo,osciloscopios,pico-amperimetro,nano-voltimetro,simulador-de-bateria,testador-de-aterramento,testador-de-isolacao,testadores,testadores-eletricos-e-de-bateria,registador-de-qualidade-de-tensao-da-fluke,qualidade-de-energia,analisador-de-qualidade-de-energia-trifasico,movimentacao-de-carga,balanca-para-cargas-suspensas,celulas-de-carga,controle-multiplas-celulas-de-carga,detector-de-sobrecarga,dinamometro-para-cargas-suspensas&#8221;][\/vc_column][\/vc_row]<\/p>\n","protected":false},"author":4,"featured_media":0,"parent":0,"menu_order":0,"comment_status":"closed","ping_status":"closed","template":"","meta":{"footnotes":""},"_links":{"self":[{"href":"https:\/\/acessopercon.com.br\/percon\/wp-json\/wp\/v2\/pages\/35761"}],"collection":[{"href":"https:\/\/acessopercon.com.br\/percon\/wp-json\/wp\/v2\/pages"}],"about":[{"href":"https:\/\/acessopercon.com.br\/percon\/wp-json\/wp\/v2\/types\/page"}],"author":[{"embeddable":true,"href":"https:\/\/acessopercon.com.br\/percon\/wp-json\/wp\/v2\/users\/4"}],"replies":[{"embeddable":true,"href":"https:\/\/acessopercon.com.br\/percon\/wp-json\/wp\/v2\/comments?post=35761"}],"version-history":[{"count":0,"href":"https:\/\/acessopercon.com.br\/percon\/wp-json\/wp\/v2\/pages\/35761\/revisions"}],"wp:attachment":[{"href":"https:\/\/acessopercon.com.br\/percon\/wp-json\/wp\/v2\/media?parent=35761"}],"curies":[{"name":"wp","href":"https:\/\/api.w.org\/{rel}","templated":true}]}}