{"id":35585,"date":"2015-08-07T00:07:24","date_gmt":"2015-08-07T00:07:24","guid":{"rendered":"http:\/\/acessopercon.com.br\/percon\/?page_id=35585"},"modified":"2015-08-07T00:07:24","modified_gmt":"2015-08-07T00:07:24","slug":"termometros-de-contato-e-penetracao","status":"publish","type":"page","link":"https:\/\/acessopercon.com.br\/percon\/termometros-de-contato-e-penetracao\/","title":{"rendered":"Term\u00f4metros de Contato e Penetra\u00e7\u00e3o"},"content":{"rendered":"<p>[vc_row][vc_column][dt_blog_posts column_width=&#8221;&#8221; same_width=&#8221;true&#8221; number=&#8221;100&#8243; order=&#8221;asc&#8221; show_read_more_button=&#8221;true&#8221; category=&#8221;termometros-de-contato-e-penetracao&#8221;][\/vc_column][\/vc_row]<\/p>\n","protected":false},"excerpt":{"rendered":"<p>[vc_row][vc_column][dt_blog_posts column_width=&#8221;&#8221; same_width=&#8221;true&#8221; number=&#8221;100&#8243; order=&#8221;asc&#8221; show_read_more_button=&#8221;true&#8221; category=&#8221;termometros-de-contato-e-penetracao&#8221;][\/vc_column][\/vc_row]<\/p>\n","protected":false},"author":4,"featured_media":0,"parent":0,"menu_order":0,"comment_status":"open","ping_status":"open","template":"","meta":{"footnotes":""},"_links":{"self":[{"href":"https:\/\/acessopercon.com.br\/percon\/wp-json\/wp\/v2\/pages\/35585"}],"collection":[{"href":"https:\/\/acessopercon.com.br\/percon\/wp-json\/wp\/v2\/pages"}],"about":[{"href":"https:\/\/acessopercon.com.br\/percon\/wp-json\/wp\/v2\/types\/page"}],"author":[{"embeddable":true,"href":"https:\/\/acessopercon.com.br\/percon\/wp-json\/wp\/v2\/users\/4"}],"replies":[{"embeddable":true,"href":"https:\/\/acessopercon.com.br\/percon\/wp-json\/wp\/v2\/comments?post=35585"}],"version-history":[{"count":0,"href":"https:\/\/acessopercon.com.br\/percon\/wp-json\/wp\/v2\/pages\/35585\/revisions"}],"wp:attachment":[{"href":"https:\/\/acessopercon.com.br\/percon\/wp-json\/wp\/v2\/media?parent=35585"}],"curies":[{"name":"wp","href":"https:\/\/api.w.org\/{rel}","templated":true}]}}